{"id":66120,"date":"2024-03-10T17:01:13","date_gmt":"2024-03-10T16:01:13","guid":{"rendered":"https:\/\/www.orto-bar.com\/?post_type=product&#038;p=66120"},"modified":"2024-06-06T20:49:14","modified_gmt":"2024-06-06T18:49:14","slug":"kals-penny-kingreen","status":"publish","type":"product","link":"https:\/\/www.orto-bar.com\/en\/dogodki\/arhiv\/kals-penny-kingreen\/","title":{"rendered":"Kal&#8217;s Penny, Kingreen"},"content":{"rendered":"<p>&nbsp;<\/p>\n<p>&nbsp;<\/p>\n<p>Prva mednarodna kombinacija leto\u0161nje sezone. Direktno iz Zagreba prihaja hard rock zasedba Kal&#8217;s Penny, pridru\u017eili pa se ji bodo mladi ljubljanski rokerji Kingreen!<br \/>\nVstopnice: <a href=\"https:\/\/tinyurl.com\/yc77rvaj\">https:\/\/tinyurl.com\/yc77rvaj<\/a><br \/>\n__________________________________________________<br \/>\nKAL&#8217;S PENNY je leta 2019 ustanovljen rock kvintet s sede\u017eem v Zagrebu. Zasedba \u017ee od samega za\u010detka eksperimentira z razli\u010dnimi \u017eanri, hkrati pa ohranja trdno hard rock osnovo, kot je sli\u0161ati na njihovem prvem albumu &#8221;Threshold&#8221; (2024). Hrbtenica njihovega zvoka je energi\u010dna ritem sekcija, ki jo spremljajo melodi\u010dne kitare in te\u017eki rifi. Leta 2023 so zmagali na glasbenem tekmovanju Puna \u0160uma Rokenrola, kar jim je prineslo nastop na festivalu Rocklive, igrali pa so kot predskupina Marcu Mendozi. \u010clani so Nikola Bak\u0161i\u0107 (vokal), Ivan Sr\u0161a (kitara), Dominik Sladi\u0107 (kitara), Luka Beri\u0107 (bas) in Aleks Ignjatov (bobni).<\/p>\n<p>&nbsp;<\/p>\n<p>&#8216;Losing My Mind&#8217;: <a href=\"https:\/\/tinyurl.com\/zc4svxza\">https:\/\/tinyurl.com\/zc4svxza<\/a><br \/>\n__________________________________________________<\/p>\n<p>KINGREEN je zasedba, sestavljena iz petih \u010dlanov iz Ljubljane ter okolice, ki ustvarja avtorsko glasbo. Zavzema se za unikaten zvok, ki zdru\u017euje razli\u010dne glasbene zvrsti, hkrati pa ohranja nekaj starega in oddaja pridih novega. \u010clani so Sean Alagich (vokal), David Pe\u010denko (kitara), Toma\u017e Ukmar (bas), Nejc Stopar (klaviature) ter Jure Tam\u0161e (bobni).<\/p>\n<p>&#8216;Splet&#8217;: <a href=\"https:\/\/tinyurl.com\/yc3ey8z4\">https:\/\/tinyurl.com\/yc3ey8z4<\/a><\/p>","protected":false},"excerpt":{"rendered":"<p>&nbsp; &nbsp; Prva mednarodna kombinacija leto\u0161nje sezone. Direktno iz Zagreba prihaja hard rock zasedba Kal&#8217;s Penny, pridru\u017eili pa se ji bodo mladi ljubljanski rokerji Kingreen! Vstopnice: https:\/\/tinyurl.com\/yc77rvaj __________________________________________________ KAL&#8217;S PENNY je leta 2019 ustanovljen rock kvintet s sede\u017eem v Zagrebu. Zasedba \u017ee od samega za\u010detka eksperimentira z razli\u010dnimi \u017eanri, hkrati pa ohranja trdno hard rock [&hellip;]<\/p>","protected":false},"author":11,"featured_media":66121,"template":"","meta":{"_seopress_robots_primary_cat":"none","_seopress_titles_title":"","_seopress_titles_desc":"","_seopress_robots_index":""},"product_brand":[],"product_cat":[230],"product_tag":[222],"class_list":{"0":"post-66120","1":"product","2":"type-product","3":"status-publish","4":"has-post-thumbnail","6":"product_cat-arhiv","7":"product_tag-predprodaja","9":"entry","10":"has-media","12":"first","13":"instock","14":"virtual","15":"taxable","16":"product-type-simple","17":"has-product-nav","18":"col","19":"span_1_of_4","20":"owp-content-center","21":"item-entry","22":"owp-thumbs-layout-horizontal","23":"owp-btn-normal","24":"owp-tabs-layout-section","25":"has-no-thumbnails"},"publishpress_future_action":{"enabled":false,"date":"2026-05-11 10:54:23","action":"change-status","newStatus":"draft","terms":[],"taxonomy":"product_cat","extraData":[]},"publishpress_future_workflow_manual_trigger":{"enabledWorkflows":[]},"_links":{"self":[{"href":"https:\/\/www.orto-bar.com\/en\/wp-json\/wp\/v2\/product\/66120","targetHints":{"allow":["GET"]}}],"collection":[{"href":"https:\/\/www.orto-bar.com\/en\/wp-json\/wp\/v2\/product"}],"about":[{"href":"https:\/\/www.orto-bar.com\/en\/wp-json\/wp\/v2\/types\/product"}],"author":[{"embeddable":true,"href":"https:\/\/www.orto-bar.com\/en\/wp-json\/wp\/v2\/users\/11"}],"version-history":[{"count":0,"href":"https:\/\/www.orto-bar.com\/en\/wp-json\/wp\/v2\/product\/66120\/revisions"}],"wp:featuredmedia":[{"embeddable":true,"href":"https:\/\/www.orto-bar.com\/en\/wp-json\/wp\/v2\/media\/66121"}],"wp:attachment":[{"href":"https:\/\/www.orto-bar.com\/en\/wp-json\/wp\/v2\/media?parent=66120"}],"wp:term":[{"taxonomy":"product_brand","embeddable":true,"href":"https:\/\/www.orto-bar.com\/en\/wp-json\/wp\/v2\/product_brand?post=66120"},{"taxonomy":"product_cat","embeddable":true,"href":"https:\/\/www.orto-bar.com\/en\/wp-json\/wp\/v2\/product_cat?post=66120"},{"taxonomy":"product_tag","embeddable":true,"href":"https:\/\/www.orto-bar.com\/en\/wp-json\/wp\/v2\/product_tag?post=66120"}],"curies":[{"name":"wp","href":"https:\/\/api.w.org\/{rel}","templated":true}]}}