{"id":67651,"date":"2024-03-18T20:15:53","date_gmt":"2024-03-18T19:15:53","guid":{"rendered":"https:\/\/www.orto-bar.com\/?post_type=product&#038;p=67651"},"modified":"2024-05-16T16:45:08","modified_gmt":"2024-05-16T14:45:08","slug":"pips-chips-videoclips","status":"publish","type":"product","link":"https:\/\/www.orto-bar.com\/en\/dogodki\/arhiv\/pips-chips-videoclips\/","title":{"rendered":"Pips Chips &#038; Videoclips"},"content":{"rendered":"<p>PipsChips&amp;Videoclips prihajajo v Orto Bar.<\/p>\n<p>Prva prilo\u017enost pri nas da sli\u0161ite\u00a0 te\u017eko pri\u010dakovani novi album Vesna, ki je po desetih letih kon\u010dno zunaj.<\/p>\n<p>Vesna ima osem skladb, glasbo in besedilo pa je napisal Dubravko Ivani\u0161.<\/p>\n<p>Za produkcijo in aran\u017emaje skrbita Marko Levani\u0107 in Ivan Bo\u017eani\u0107, za miks in mastering pa Pavao Miholjevi\u0107 in Jurica Ferina.<\/p>\n<p>Naslovnico albuma podpisuje Nikolina Ivezi\u0107, posnet pa je bil v studiu &#8220;Dan, Mrak&#8221;.<\/p>\n<p>Prve kritike soglasno hvalijo novi album Pips in mu napovedujejo mesto na lestvicah najbolj\u0161ih albumov leta.<\/p>\n<p>Aleksandar Draga\u0161 pi\u0161e, da je izdaja &#8220;poeti\u010dna, raztrgana, nora&#8221; in hvali skladbe, v katerih so &#8220;alternativni in dance-rock, synth-pop in hrupni kitarski takti, mo\u010dne melodije in nenadni obrati za 180 stopinj, balade in optimisti\u010dne pesmi ki bodo vsaj polovico postali prihodnji koncertni ljubljenci Pipsov\u00ab.<\/p>\n<p>Dubravko Jagati\u0107 pravi, da &#8220;Vesna&#8221; odpira novo poglavje v karieri Pipsov, saj so dosegli trenutek popolne glasbene zrelosti.\u00a0 \u00bbNepri\u010dakovano dober in morda eden najbolj\u0161ih albumov v dolgoletni karieri skupine PipsChips&amp;Videoclips.<\/p>\n<p>In seveda nedvomno resen kandidat za najbolj\u0161i album leta 2023.&#8221;<\/p>\n<p>Marinko Krmpoti\u0107 pravi, da album ohranja digniteto rock glasbe.\u00a0 &#8220;Pipsi in Dubravko Ivani\u0161 sta vedno znova tu in sta ustvarila dober album, zbirko besedil in glasbe, ki bo ob koncu leto\u0161njega leta na vrhu lestvice najbolj\u0161ih doma\u010dih albumov.&#8221;<\/p>\n<p>Vedran Har\u010da pravi, da so besedila med najbolj dostopnimi, kar jih je Dubravko Ivani\u0161 kadarkoli napisal.\u00a0 &#8220;Je eden redkih, ki posku\u0161a svojo skupino vedno znova izumiti, jo prilagoditi duhu \u010dasa in najbolj zanimivim tokovom svetovne glasbene scene.&#8221;<\/p>\n<p>Sini\u0161a Mikla\u017ei\u0107 pravi, da je Vesna &#8220;spet pogumen album, ki skupino popelje v neke nove sfere&#8221;, Ines Maduni\u0107 pa, da je Vesna album, &#8220;na katerem bi lahko plesali vso jesen in zimo&#8221;.\u00a0 Sli\u0161i se dobro in sve\u017ee in to\u010dno to so Pipsi.&#8221;<\/p>\n<p>Album &#8220;Vesna&#8221; je iz\u0161el za LAA in je na voljo na ve\u010dini preto\u010dnih servisov in Pipsinem YT kanalu.<\/p>\n<p>&nbsp;<\/p>\n<p><a href=\"https:\/\/pipschipsvideoclips.com\">https:\/\/pipschipsvideoclips.com<\/a><\/p>\n<p>&nbsp;<\/p>","protected":false},"excerpt":{"rendered":"<p>PipsChips&amp;Videoclips prihajajo v Orto Bar. Prva prilo\u017enost pri nas da sli\u0161ite\u00a0 te\u017eko pri\u010dakovani novi album Vesna, ki je po desetih letih kon\u010dno zunaj. Vesna ima osem skladb, glasbo in besedilo pa je napisal Dubravko Ivani\u0161. Za produkcijo in aran\u017emaje skrbita Marko Levani\u0107 in Ivan Bo\u017eani\u0107, za miks in mastering pa Pavao Miholjevi\u0107 in Jurica Ferina. [&hellip;]<\/p>","protected":false},"author":11,"featured_media":67659,"template":"","meta":{"_seopress_robots_primary_cat":"none","_seopress_titles_title":"","_seopress_titles_desc":"","_seopress_robots_index":""},"product_brand":[],"product_cat":[230],"product_tag":[222],"class_list":{"0":"post-67651","1":"product","2":"type-product","3":"status-publish","4":"has-post-thumbnail","6":"product_cat-arhiv","7":"product_tag-predprodaja","9":"entry","10":"has-media","12":"first","13":"instock","14":"virtual","15":"taxable","16":"product-type-simple","17":"has-product-nav","18":"col","19":"span_1_of_4","20":"owp-content-center","21":"item-entry","22":"owp-thumbs-layout-horizontal","23":"owp-btn-normal","24":"owp-tabs-layout-section","25":"has-no-thumbnails"},"publishpress_future_action":{"enabled":false,"date":"2026-05-09 23:43:16","action":"change-status","newStatus":"draft","terms":[],"taxonomy":"product_cat","extraData":[]},"publishpress_future_workflow_manual_trigger":{"enabledWorkflows":[]},"_links":{"self":[{"href":"https:\/\/www.orto-bar.com\/en\/wp-json\/wp\/v2\/product\/67651","targetHints":{"allow":["GET"]}}],"collection":[{"href":"https:\/\/www.orto-bar.com\/en\/wp-json\/wp\/v2\/product"}],"about":[{"href":"https:\/\/www.orto-bar.com\/en\/wp-json\/wp\/v2\/types\/product"}],"author":[{"embeddable":true,"href":"https:\/\/www.orto-bar.com\/en\/wp-json\/wp\/v2\/users\/11"}],"version-history":[{"count":0,"href":"https:\/\/www.orto-bar.com\/en\/wp-json\/wp\/v2\/product\/67651\/revisions"}],"wp:featuredmedia":[{"embeddable":true,"href":"https:\/\/www.orto-bar.com\/en\/wp-json\/wp\/v2\/media\/67659"}],"wp:attachment":[{"href":"https:\/\/www.orto-bar.com\/en\/wp-json\/wp\/v2\/media?parent=67651"}],"wp:term":[{"taxonomy":"product_brand","embeddable":true,"href":"https:\/\/www.orto-bar.com\/en\/wp-json\/wp\/v2\/product_brand?post=67651"},{"taxonomy":"product_cat","embeddable":true,"href":"https:\/\/www.orto-bar.com\/en\/wp-json\/wp\/v2\/product_cat?post=67651"},{"taxonomy":"product_tag","embeddable":true,"href":"https:\/\/www.orto-bar.com\/en\/wp-json\/wp\/v2\/product_tag?post=67651"}],"curies":[{"name":"wp","href":"https:\/\/api.w.org\/{rel}","templated":true}]}}