{"id":67660,"date":"2024-03-18T20:38:48","date_gmt":"2024-03-18T19:38:48","guid":{"rendered":"https:\/\/www.orto-bar.com\/?post_type=product&#038;p=67660"},"modified":"2024-03-18T20:49:36","modified_gmt":"2024-03-18T19:49:36","slug":"pitstop-at-milestone-45-and-56-5-years-survival","status":"publish","type":"product","link":"https:\/\/www.orto-bar.com\/en\/dogodki\/arhiv\/pitstop-at-milestone-45-and-56-5-years-survival\/","title":{"rendered":"Pitstop at Milestone 45 and 56 &#038; 5 years survival"},"content":{"rendered":"<p>&nbsp;<\/p>\n<p>Skupine:<\/p>\n<p><strong>THE MINESTOMPERS (ger)\u00a0<\/strong><\/p>\n<p><strong>\u00a0CLOCKWORK PSYCHO (slo)\u00a0<\/strong><\/p>\n<p><strong>\u00a0\u017dULJ (cro)\u00a0<\/strong><\/p>\n<p>THE MINESTOMPERS (nem) \u017de 15 let so The Minestompers znani po svojem \u017eivahnem, hitrem psychobillyu.\u00a0Poleg dru\u017ebeno kriti\u010dnih besedil, njihovo\u00a0izvajanje glasbe oddaja energijo, ki jo lahko primerjamo z rockabillyjem, surfom, punkom in bluesom, ki imajo skupaj divjo orgijo v Disgracelandu. Pripravite se na visoko stimulativno zvo\u010dno me\u0161anico, sestavljeno iz divjih razli\u010dic rock&#8217;n&#8217;rolla, ki se je \u017ee izkazala na treh vinilnih izdajah in odrih po vsej Evropi.<\/p>\n<p>Link:\u00a0<a href=\"https:\/\/theminestompers.bandcamp.com\/album\/the-minestompers-vs-psycho-tendencies-split-ep\">https:\/\/theminestompers.bandcamp.com\/album\/the-minestompers-vs-psycho-tendencies-split-ep<\/a><\/p>\n<p>&nbsp;<\/p>\n<p>\u017dULJ (hrv) Punk skupina iz Rijeke, ustanovljena leta 2015. Leta 2016 so posneli &#8220;Vla\u017ene Pjesme&#8221;, ki v skladu z nizkimi higienskimi pogoji, nakazujejo na mokre teme. Leta 2018 se tema preoblikuje v &#8220;original&#8221; punk, ki opozarja na smrdljivo realnost, in LP &#8220;Resetiraj Civilizaciju&#8221; izide pri zalo\u017ebi\u00a0Monsterbilly Records. Leta 2021 so za EP &#8220;Kultura&#8221; nagrajeni s strani RiRock Zdru\u017eenja za izdelek leta. Skupina u\u017eiva v pristopu DIY in hodijo celo na strani\u0161\u010de sami.<\/p>\n<p>Spotify:\u00a0<a href=\"https:\/\/open.spotify.com\/artist\/6S2W3ryde7yTPWIQEJ76rK?si=rhwMoRs6ShusE6hxZFRidw\">https:\/\/open.spotify.com\/artist\/6S2W3ryde7yTPWIQEJ76rK?si=rhwMoRs6ShusE6hxZFRidw<\/a><\/p>\n<p>&nbsp;<\/p>\n<p>CLOCKWORK PSYCHO (slo) je slovenska psychobilly skupina, ustanovljena leta 2011. Leta 2012 je skupina \u017ee za\u010dela turnejo po Evropi, posnela demo in izdala single na kompilaciji Dynamite Music, kar je na nek na\u010din nakazovalo, da je njihov izbran na\u010din igranja psychobilly glasbe edinstven. Sledili so 3 zaporedni albumi Nightmares From Laibach, I Don&#8217;t Give a Fuck, The Hated (vsi izdani\/objavljeni pri britanskih zalo\u017ebah Fury records, Nervous records, Diablo records) in EP Untamed Diamonds, z rednimi koncerti in turnejami po vsej Evropi ter nastopi na festivalih, kot so Bedlam Breakout in Psychobilly Earthquake, Moonshine Madness, Diablo days, itd. Leta 2020 je skupina posnela priredbo legendarnih Kuzl in posnela virtualni koncert v prenovljenem \u0160entjakobskem gledali\u0161\u010du. Dodatni preboj se je zgodil leta 2023, ko je skupina nastopila na znanih festivalih Psychobilly meeting Pineda de mar v \u0160paniji in Rebellion punk festival v Veliki Britaniji. Glede na odli\u010dne odzive ob\u010dinstva je skupina povabljena nazaj na Rebellion punk festival \u017ee avgusta 2024.<\/p>\n<p>Spotify:\u00a0<a href=\"https:\/\/open.spotify.com\/artist\/5cUUE6CuxPzEuBGTknBc2W?si=beheUen-Qb6PBkOJDZCkDA\">https:\/\/open.spotify.com\/artist\/5cUUE6CuxPzEuBGTknBc2W?si=beheUen-Qb6PBkOJDZCkDA<\/a><\/p>\n<p><strong>VSTOP PROST !<\/strong><\/p>","protected":false},"excerpt":{"rendered":"<p>&nbsp; Skupine: THE MINESTOMPERS (ger)\u00a0 \u00a0CLOCKWORK PSYCHO (slo)\u00a0 \u00a0\u017dULJ (cro)\u00a0 THE MINESTOMPERS (nem) \u017de 15 let so The Minestompers znani po svojem \u017eivahnem, hitrem psychobillyu.\u00a0Poleg dru\u017ebeno kriti\u010dnih besedil, njihovo\u00a0izvajanje glasbe oddaja energijo, ki jo lahko primerjamo z rockabillyjem, surfom, punkom in bluesom, ki imajo skupaj divjo orgijo v Disgracelandu. Pripravite se na visoko stimulativno zvo\u010dno [&hellip;]<\/p>","protected":false},"author":11,"featured_media":67662,"template":"","meta":{"_seopress_robots_primary_cat":"none","_seopress_titles_title":"","_seopress_titles_desc":"","_seopress_robots_index":""},"product_brand":[],"product_cat":[230],"product_tag":[222],"class_list":{"0":"post-67660","1":"product","2":"type-product","3":"status-publish","4":"has-post-thumbnail","6":"product_cat-arhiv","7":"product_tag-predprodaja","9":"entry","10":"has-media","12":"first","13":"instock","14":"virtual","15":"taxable","16":"product-type-simple","17":"has-product-nav","18":"col","19":"span_1_of_4","20":"owp-content-center","21":"item-entry","22":"owp-thumbs-layout-horizontal","23":"owp-btn-normal","24":"owp-tabs-layout-section","25":"has-no-thumbnails"},"publishpress_future_action":{"enabled":false,"date":"2026-05-09 23:45:05","action":"change-status","newStatus":"draft","terms":[],"taxonomy":"product_cat","extraData":[]},"publishpress_future_workflow_manual_trigger":{"enabledWorkflows":[]},"_links":{"self":[{"href":"https:\/\/www.orto-bar.com\/en\/wp-json\/wp\/v2\/product\/67660","targetHints":{"allow":["GET"]}}],"collection":[{"href":"https:\/\/www.orto-bar.com\/en\/wp-json\/wp\/v2\/product"}],"about":[{"href":"https:\/\/www.orto-bar.com\/en\/wp-json\/wp\/v2\/types\/product"}],"author":[{"embeddable":true,"href":"https:\/\/www.orto-bar.com\/en\/wp-json\/wp\/v2\/users\/11"}],"version-history":[{"count":0,"href":"https:\/\/www.orto-bar.com\/en\/wp-json\/wp\/v2\/product\/67660\/revisions"}],"wp:featuredmedia":[{"embeddable":true,"href":"https:\/\/www.orto-bar.com\/en\/wp-json\/wp\/v2\/media\/67662"}],"wp:attachment":[{"href":"https:\/\/www.orto-bar.com\/en\/wp-json\/wp\/v2\/media?parent=67660"}],"wp:term":[{"taxonomy":"product_brand","embeddable":true,"href":"https:\/\/www.orto-bar.com\/en\/wp-json\/wp\/v2\/product_brand?post=67660"},{"taxonomy":"product_cat","embeddable":true,"href":"https:\/\/www.orto-bar.com\/en\/wp-json\/wp\/v2\/product_cat?post=67660"},{"taxonomy":"product_tag","embeddable":true,"href":"https:\/\/www.orto-bar.com\/en\/wp-json\/wp\/v2\/product_tag?post=67660"}],"curies":[{"name":"wp","href":"https:\/\/api.w.org\/{rel}","templated":true}]}}