{"id":70451,"date":"2024-04-03T13:39:25","date_gmt":"2024-04-03T11:39:25","guid":{"rendered":"https:\/\/www.orto-bar.com\/?post_type=product&#038;p=70451"},"modified":"2024-06-22T18:48:34","modified_gmt":"2024-06-22T16:48:34","slug":"fed-horses","status":"publish","type":"product","link":"https:\/\/www.orto-bar.com\/en\/dogodki\/arhiv\/fed-horses\/","title":{"rendered":"Fed Horses"},"content":{"rendered":"<p>&nbsp;<\/p>\n<p>FED HORSES<\/p>\n<p>&nbsp;<\/p>\n<p>Ur\u0161a Mihevc, glas, tamburin;<\/p>\n<p>Jure Mihevc, kitara;<\/p>\n<p>Andra\u017e Mazi, kitara, lap steel;<\/p>\n<p>Matej Tekav\u010di\u010d, bas kitara;<\/p>\n<p>Marco Cal\u00ec,bobni ;<\/p>\n<p>&nbsp;<\/p>\n<p>&nbsp;<\/p>\n<p><em>SLO<\/em><\/p>\n<p><em>\u00a0<\/em><\/p>\n<p><em>Skupina Fed Horses je velika in pomembna osve\u017eitev v slovenski popularni glasbi, ki prispeva h krajinski in \u017eanrski razli\u010dnosti doma\u010de glasbene scene ter je sinonim za kakovostno popularno glasbo. To ustvarja na prese\u010di\u0161\u010du indieja in popa. Skozi novoizdani album M. L. A. D. se poklanja podro\u010dju du\u0161evnega zdravja in odstira novo zvo\u010dno krajino, izmikajo\u010d se za\u010detnemu katriju. <\/em><\/p>\n<p><em>\u00a0<\/em><\/p>\n<p><em>\u201cV\u010dasih je dovolj samo vedeti, da nekdo obstaja in bolj mirno zre\u0161 v prihodnost glasbe. Brez zadr\u017ekov, Fed Horses. Ur\u0161a Mihevc in Jure Mihevc. Prvi vokal sodobne pop\/rock produkcije in avtorski tandem, ki bole\u010dine in sre\u010do deli brez sprenevedanj. Najbolje v \u017eivo z bendom. Album \u201cM.L.A.D.\u201d je zgodba o iskanju, zgodba slehernika. Fed Horses zgodbe pripovedujejo za tiste, ki tega ne znamo. Ne slepo verjeti zapisanemu. Prepri\u010dajte se sami.&#8221; (Andrej Karoli, Val 202)<\/em><\/p>\n<p><em>ANG<\/em><\/p>\n<p><em>The Fed Horses band is a significant and refreshing presence in Slovenian popular music, contributing to the landscape and genre diversity of the local music scene, synonymous with high-quality popular music. This is crafted at the intersection of indie and pop.The album pays homage to mental health and unveils some societal themes the group believes are underrepresented in the public eye. In the album, they unveil a new sonic landscape, departing from their initial country attempts, leading into an entirely new musical experience.<\/em><\/p>\n<p><em>&#8220;Sometimes, knowing that someone exists is enough to gaze more peacefully into the future of music. Without reservation, Fed Horses. Ur\u0161a Mihevc and Jure Mihevc. The forefront of contemporary pop\/rock production and a creative duo that shares pain and happiness without pretense. Best experienced live with the band. The album &#8220;M.L.A.D.&#8221; is a story of searching, a story of every individual. Fed Horses tell stories for those of us who don&#8217;t know how. Don&#8217;t blindly believe what&#8217;s written. See for yourself.&#8221; (Andrej Karoli, Val 202)<\/em><\/p>\n<p>&nbsp;<\/p>","protected":false},"excerpt":{"rendered":"<p>&nbsp; FED HORSES &nbsp; Ur\u0161a Mihevc, glas, tamburin; Jure Mihevc, kitara; Andra\u017e Mazi, kitara, lap steel; Matej Tekav\u010di\u010d, bas kitara; Marco Cal\u00ec,bobni ; &nbsp; &nbsp; SLO \u00a0 Skupina Fed Horses je velika in pomembna osve\u017eitev v slovenski popularni glasbi, ki prispeva h krajinski in \u017eanrski razli\u010dnosti doma\u010de glasbene scene ter je sinonim za kakovostno popularno [&hellip;]<\/p>","protected":false},"author":11,"featured_media":70454,"template":"","meta":{"_seopress_robots_primary_cat":"none","_seopress_titles_title":"","_seopress_titles_desc":"","_seopress_robots_index":""},"product_brand":[],"product_cat":[230],"product_tag":[222],"class_list":{"0":"post-70451","1":"product","2":"type-product","3":"status-publish","4":"has-post-thumbnail","6":"product_cat-arhiv","7":"product_tag-predprodaja","9":"entry","10":"has-media","12":"first","13":"instock","14":"virtual","15":"taxable","16":"product-type-simple","17":"has-product-nav","18":"col","19":"span_1_of_4","20":"owp-content-center","21":"item-entry","22":"owp-thumbs-layout-horizontal","23":"owp-btn-normal","24":"owp-tabs-layout-section","25":"has-no-thumbnails"},"publishpress_future_action":{"enabled":false,"date":"2026-05-02 15:39:42","action":"change-status","newStatus":"draft","terms":[],"taxonomy":"product_cat","extraData":[]},"publishpress_future_workflow_manual_trigger":{"enabledWorkflows":[]},"_links":{"self":[{"href":"https:\/\/www.orto-bar.com\/en\/wp-json\/wp\/v2\/product\/70451","targetHints":{"allow":["GET"]}}],"collection":[{"href":"https:\/\/www.orto-bar.com\/en\/wp-json\/wp\/v2\/product"}],"about":[{"href":"https:\/\/www.orto-bar.com\/en\/wp-json\/wp\/v2\/types\/product"}],"author":[{"embeddable":true,"href":"https:\/\/www.orto-bar.com\/en\/wp-json\/wp\/v2\/users\/11"}],"version-history":[{"count":0,"href":"https:\/\/www.orto-bar.com\/en\/wp-json\/wp\/v2\/product\/70451\/revisions"}],"wp:featuredmedia":[{"embeddable":true,"href":"https:\/\/www.orto-bar.com\/en\/wp-json\/wp\/v2\/media\/70454"}],"wp:attachment":[{"href":"https:\/\/www.orto-bar.com\/en\/wp-json\/wp\/v2\/media?parent=70451"}],"wp:term":[{"taxonomy":"product_brand","embeddable":true,"href":"https:\/\/www.orto-bar.com\/en\/wp-json\/wp\/v2\/product_brand?post=70451"},{"taxonomy":"product_cat","embeddable":true,"href":"https:\/\/www.orto-bar.com\/en\/wp-json\/wp\/v2\/product_cat?post=70451"},{"taxonomy":"product_tag","embeddable":true,"href":"https:\/\/www.orto-bar.com\/en\/wp-json\/wp\/v2\/product_tag?post=70451"}],"curies":[{"name":"wp","href":"https:\/\/api.w.org\/{rel}","templated":true}]}}