{"id":72593,"date":"2024-04-24T10:58:21","date_gmt":"2024-04-24T08:58:21","guid":{"rendered":"https:\/\/www.orto-bar.com\/?post_type=product&#038;p=72593"},"modified":"2024-05-12T22:54:12","modified_gmt":"2024-05-12T20:54:12","slug":"uradni-niet-after-party","status":"publish","type":"product","link":"https:\/\/www.orto-bar.com\/en\/dogodki\/arhiv\/uradni-niet-after-party\/","title":{"rendered":"Uradni NIET After Party !!"},"content":{"rendered":"<p><strong>Po koncertu NIET v razprodanih Kri\u017eankah, vabljeni na dru\u017eenje in nadaljevanje \u017eura v stilu koncerta naprej.DJ se \u017ee ogreva!! Tudi Niet bodo v Ortu!<\/strong><\/p>\n<p><b>VSTOP JE PROST!<\/b><\/p>\n<p><strong>\u0160TEVILO OBISKOVALCEV JE OMEJENO, PRIPORO\u010cAMO PRAVO\u010cASEN PRIHOD!<\/strong><\/p>\n<p>&nbsp;<\/p>","protected":false},"excerpt":{"rendered":"<p>Po koncertu NIET v razprodanih Kri\u017eankah, vabljeni na dru\u017eenje in nadaljevanje \u017eura v stilu koncerta naprej.DJ se \u017ee ogreva!! Tudi Niet bodo v Ortu! VSTOP JE PROST! \u0160TEVILO OBISKOVALCEV JE OMEJENO, PRIPORO\u010cAMO PRAVO\u010cASEN PRIHOD! &nbsp;<\/p>","protected":false},"author":11,"featured_media":72598,"template":"","meta":{"_seopress_robots_primary_cat":"none","_seopress_titles_title":"","_seopress_titles_desc":"","_seopress_robots_index":""},"product_brand":[],"product_cat":[230],"product_tag":[222],"class_list":{"0":"post-72593","1":"product","2":"type-product","3":"status-publish","4":"has-post-thumbnail","6":"product_cat-arhiv","7":"product_tag-predprodaja","9":"entry","10":"has-media","12":"first","13":"onbackorder","14":"virtual","15":"taxable","16":"product-type-simple","17":"has-product-nav","18":"col","19":"span_1_of_4","20":"owp-content-center","21":"item-entry","22":"owp-thumbs-layout-horizontal","23":"owp-btn-normal","24":"owp-tabs-layout-section","25":"has-no-thumbnails"},"publishpress_future_action":{"enabled":false,"date":"2026-05-09 23:45:57","action":"change-status","newStatus":"draft","terms":[],"taxonomy":"product_cat","extraData":[]},"publishpress_future_workflow_manual_trigger":{"enabledWorkflows":[]},"_links":{"self":[{"href":"https:\/\/www.orto-bar.com\/en\/wp-json\/wp\/v2\/product\/72593","targetHints":{"allow":["GET"]}}],"collection":[{"href":"https:\/\/www.orto-bar.com\/en\/wp-json\/wp\/v2\/product"}],"about":[{"href":"https:\/\/www.orto-bar.com\/en\/wp-json\/wp\/v2\/types\/product"}],"author":[{"embeddable":true,"href":"https:\/\/www.orto-bar.com\/en\/wp-json\/wp\/v2\/users\/11"}],"version-history":[{"count":0,"href":"https:\/\/www.orto-bar.com\/en\/wp-json\/wp\/v2\/product\/72593\/revisions"}],"wp:featuredmedia":[{"embeddable":true,"href":"https:\/\/www.orto-bar.com\/en\/wp-json\/wp\/v2\/media\/72598"}],"wp:attachment":[{"href":"https:\/\/www.orto-bar.com\/en\/wp-json\/wp\/v2\/media?parent=72593"}],"wp:term":[{"taxonomy":"product_brand","embeddable":true,"href":"https:\/\/www.orto-bar.com\/en\/wp-json\/wp\/v2\/product_brand?post=72593"},{"taxonomy":"product_cat","embeddable":true,"href":"https:\/\/www.orto-bar.com\/en\/wp-json\/wp\/v2\/product_cat?post=72593"},{"taxonomy":"product_tag","embeddable":true,"href":"https:\/\/www.orto-bar.com\/en\/wp-json\/wp\/v2\/product_tag?post=72593"}],"curies":[{"name":"wp","href":"https:\/\/api.w.org\/{rel}","templated":true}]}}