{"id":72732,"date":"2024-04-25T18:05:49","date_gmt":"2024-04-25T16:05:49","guid":{"rendered":"https:\/\/www.orto-bar.com\/?post_type=product&#038;p=72732"},"modified":"2024-06-20T20:13:25","modified_gmt":"2024-06-20T18:13:25","slug":"frantiks-predstavitev-prve-plosce","status":"publish","type":"product","link":"https:\/\/www.orto-bar.com\/en\/dogodki\/arhiv\/frantiks-predstavitev-prve-plosce\/","title":{"rendered":"Frantiks -predstavitev prve plo\u0161\u010de"},"content":{"rendered":"<p>Savo Fratnik se v svoji tretji puberteti loti igranja kitare in si \u017eeli v najkraj\u0161em \u010dasu do\u017eiveti \u010dim ve\u010d slasti rokenrola. Brez kakr\u0161negakoli predznanja v praksi potrjuje pregovora, da je vse mogo\u010de in da nikoli ni prepozno. Napi\u0161e besedila in glasbo za cel kup skladb, ki mu jih pomaga s produkcijo osmisliti Peter Dekleva, vokalno pa jih obogatijo pevci (po abecedi): Urban Sever, Marko Stankovi\u0107, Tina \u0160etina in Jana \u0160u\u0161ter\u0161i\u010d<\/p>\n<p>V \u017eelji po izvajanju te glasbe v \u017eivo se pod tem imenom zbere skupina v sestavi (po abecedi):<\/p>\n<p>Savo Fratnik, kitara<br \/>\nZoran Poto\u010dan, bas<br \/>\nBruno Toi\u0107, bobni<br \/>\nKristjan Vuk B., kitara<br \/>\nAnamarija Zorko, vokal<\/p>\n<p>Skupina je zelo heterogena po starosti, glasbeni izobrazbi in izku\u0161njah, telesni te\u017ei,vi\u0161ini in lepoti (politi\u010dnih, verskih in spolnih preferenc nismo preverjali, ker nas ne zanimajo), kar ji daje zanimivo dinamiko. Ker je \u201csex, drugs &amp; rock\u2019n\u2019roll\u201d nekoliko iz mode in preve\u010d naporen, \u017eelijo FRANTIKS s svojo glasbo po vzoru vseh misic sveta ustaviti vse vojne, re\u0161iti lakoto, podnebne spremembe in ogro\u017eene \u017eivalske vrste, \u0161e posebej \u2013 ta bo te\u017eka \u2013 slovenskega progastega go\u017ea.<\/p>\n<p>Avtorska glasba (i)zvrstno di\u0161i po pop-u, rock-u, blues-u, besedila so v sloven\u0161\u010dini, sicer pa vse skupaj najbolje opi\u0161e izjava obo\u017eevalke skupine Mal\u010di F.: \u201cGlasba je vrhunska, besedila so vrhunska, nastop prav tako vrhunski in nepozaben. Plo\u0161\u010de sicer \u0161e nisem poslu\u0161ala, tudi na nastopu nisem bila, vendar sem prepri\u010dana, da so FRANTIKS velika pridobitev za slovensko glasbeno sceno!\u201d<\/p>","protected":false},"excerpt":{"rendered":"<p>Savo Fratnik se v svoji tretji puberteti loti igranja kitare in si \u017eeli v najkraj\u0161em \u010dasu do\u017eiveti \u010dim ve\u010d slasti rokenrola. Brez kakr\u0161negakoli predznanja v praksi potrjuje pregovora, da je vse mogo\u010de in da nikoli ni prepozno. Napi\u0161e besedila in glasbo za cel kup skladb, ki mu jih pomaga s produkcijo osmisliti Peter Dekleva, vokalno [&hellip;]<\/p>","protected":false},"author":11,"featured_media":72736,"template":"","meta":{"_seopress_robots_primary_cat":"none","_seopress_titles_title":"","_seopress_titles_desc":"","_seopress_robots_index":""},"product_brand":[],"product_cat":[230],"product_tag":[222],"class_list":{"0":"post-72732","1":"product","2":"type-product","3":"status-publish","4":"has-post-thumbnail","6":"product_cat-arhiv","7":"product_tag-predprodaja","9":"entry","10":"has-media","12":"first","13":"instock","14":"virtual","15":"taxable","16":"product-type-simple","17":"has-product-nav","18":"col","19":"span_1_of_4","20":"owp-content-center","21":"item-entry","22":"owp-thumbs-layout-horizontal","23":"owp-btn-normal","24":"owp-tabs-layout-section","25":"has-no-thumbnails"},"publishpress_future_action":{"enabled":false,"date":"2026-05-10 02:23:40","action":"change-status","newStatus":"draft","terms":[],"taxonomy":"product_cat","extraData":[]},"publishpress_future_workflow_manual_trigger":{"enabledWorkflows":[]},"_links":{"self":[{"href":"https:\/\/www.orto-bar.com\/en\/wp-json\/wp\/v2\/product\/72732","targetHints":{"allow":["GET"]}}],"collection":[{"href":"https:\/\/www.orto-bar.com\/en\/wp-json\/wp\/v2\/product"}],"about":[{"href":"https:\/\/www.orto-bar.com\/en\/wp-json\/wp\/v2\/types\/product"}],"author":[{"embeddable":true,"href":"https:\/\/www.orto-bar.com\/en\/wp-json\/wp\/v2\/users\/11"}],"version-history":[{"count":0,"href":"https:\/\/www.orto-bar.com\/en\/wp-json\/wp\/v2\/product\/72732\/revisions"}],"wp:featuredmedia":[{"embeddable":true,"href":"https:\/\/www.orto-bar.com\/en\/wp-json\/wp\/v2\/media\/72736"}],"wp:attachment":[{"href":"https:\/\/www.orto-bar.com\/en\/wp-json\/wp\/v2\/media?parent=72732"}],"wp:term":[{"taxonomy":"product_brand","embeddable":true,"href":"https:\/\/www.orto-bar.com\/en\/wp-json\/wp\/v2\/product_brand?post=72732"},{"taxonomy":"product_cat","embeddable":true,"href":"https:\/\/www.orto-bar.com\/en\/wp-json\/wp\/v2\/product_cat?post=72732"},{"taxonomy":"product_tag","embeddable":true,"href":"https:\/\/www.orto-bar.com\/en\/wp-json\/wp\/v2\/product_tag?post=72732"}],"curies":[{"name":"wp","href":"https:\/\/api.w.org\/{rel}","templated":true}]}}