{"id":73106,"date":"2024-05-09T18:37:51","date_gmt":"2024-05-09T16:37:51","guid":{"rendered":"https:\/\/www.orto-bar.com\/?post_type=product&#038;p=73106"},"modified":"2024-06-07T10:27:19","modified_gmt":"2024-06-07T08:27:19","slug":"omar-naber-namedropperz","status":"publish","type":"product","link":"https:\/\/www.orto-bar.com\/en\/dogodki\/arhiv\/omar-naber-namedropperz\/","title":{"rendered":"Omar Naber &#038; Namedropperz"},"content":{"rendered":"<p>&nbsp;<\/p>\n<p>Omar Naber se je rodil 7. julija 1981 v Ljubljani.<\/p>\n<p>Z ustvarjanjem avtorske glasbe je pri\u010del pri \u0161estnajstih letih.<\/p>\n<p>Omar je bil dvakrat predstavnik Slovenije na Evroviziji. Prvi\u010d leta 2005, kjer je s svojo avtorsko skladbo \u201cStop\u201d dosegel 11. mesto, kar je najbolj\u0161a slovenska mo\u0161ka uvrstitev na Evroviziji. Drugi\u010d pa je na tem presti\u017enem tekmovanju nastopil leta 2017. Tudi tokrat je bilo tekmovanje v Kijevu, Omar pa je z avtorsko pesmijo \u201cOn My Way\u201d ponovno odli\u010dno predstavil Slovenijo.<\/p>\n<p>Pred kratkim je praznoval \u017ee 18. obletnico aktivnega glasbenega udejstvovanja in ta jubilej 10. novembra 2023 zabele\u017eil z razprodanim koncertom v ljubljanski Cvetli\u010darni, kar je posnela in predvajala tudi RTV Slovenija. Skupno je do sedaj izdal 5 studijskih albumov, enega tudi v Zdru\u017eenem Kraljestvu in \u0161e enega v Srbiji, v delu pa je \u017ee \u0161esti. Omar je v zadnjem \u010dasu dodobra prevetril svojo glasbeno zasedbo in se bo tokrat v Orto Baru predstavil v energi\u010dni trojici, ki si je nadela ime \u2019\u2019The Namedropperz\u2019\u2019. Omar na vokalu in kitari, Miha Recelj na bobnih in back vokalih, ter Marcel Petri\u010d na bas kitari in back vokalih. Omar se vra\u010da h koreninam in tak\u0161en bo tudi koncert.<\/p>\n<p><strong>\u00a0<\/strong><\/p>\n<p>&nbsp;<\/p>","protected":false},"excerpt":{"rendered":"<p>&nbsp; Omar Naber se je rodil 7. julija 1981 v Ljubljani. Z ustvarjanjem avtorske glasbe je pri\u010del pri \u0161estnajstih letih. Omar je bil dvakrat predstavnik Slovenije na Evroviziji. Prvi\u010d leta 2005, kjer je s svojo avtorsko skladbo \u201cStop\u201d dosegel 11. mesto, kar je najbolj\u0161a slovenska mo\u0161ka uvrstitev na Evroviziji. Drugi\u010d pa je na tem presti\u017enem [&hellip;]<\/p>","protected":false},"author":11,"featured_media":73108,"template":"","meta":{"_seopress_robots_primary_cat":"none","_seopress_titles_title":"","_seopress_titles_desc":"","_seopress_robots_index":""},"product_brand":[],"product_cat":[230],"product_tag":[222],"class_list":{"0":"post-73106","1":"product","2":"type-product","3":"status-publish","4":"has-post-thumbnail","6":"product_cat-arhiv","7":"product_tag-predprodaja","9":"entry","10":"has-media","12":"first","13":"instock","14":"virtual","15":"taxable","16":"product-type-simple","17":"has-product-nav","18":"col","19":"span_1_of_4","20":"owp-content-center","21":"item-entry","22":"owp-thumbs-layout-horizontal","23":"owp-btn-normal","24":"owp-tabs-layout-section","25":"has-no-thumbnails"},"publishpress_future_action":{"enabled":false,"date":"2026-05-10 01:06:47","action":"change-status","newStatus":"draft","terms":[],"taxonomy":"product_cat","extraData":[]},"publishpress_future_workflow_manual_trigger":{"enabledWorkflows":[]},"_links":{"self":[{"href":"https:\/\/www.orto-bar.com\/en\/wp-json\/wp\/v2\/product\/73106","targetHints":{"allow":["GET"]}}],"collection":[{"href":"https:\/\/www.orto-bar.com\/en\/wp-json\/wp\/v2\/product"}],"about":[{"href":"https:\/\/www.orto-bar.com\/en\/wp-json\/wp\/v2\/types\/product"}],"author":[{"embeddable":true,"href":"https:\/\/www.orto-bar.com\/en\/wp-json\/wp\/v2\/users\/11"}],"version-history":[{"count":0,"href":"https:\/\/www.orto-bar.com\/en\/wp-json\/wp\/v2\/product\/73106\/revisions"}],"wp:featuredmedia":[{"embeddable":true,"href":"https:\/\/www.orto-bar.com\/en\/wp-json\/wp\/v2\/media\/73108"}],"wp:attachment":[{"href":"https:\/\/www.orto-bar.com\/en\/wp-json\/wp\/v2\/media?parent=73106"}],"wp:term":[{"taxonomy":"product_brand","embeddable":true,"href":"https:\/\/www.orto-bar.com\/en\/wp-json\/wp\/v2\/product_brand?post=73106"},{"taxonomy":"product_cat","embeddable":true,"href":"https:\/\/www.orto-bar.com\/en\/wp-json\/wp\/v2\/product_cat?post=73106"},{"taxonomy":"product_tag","embeddable":true,"href":"https:\/\/www.orto-bar.com\/en\/wp-json\/wp\/v2\/product_tag?post=73106"}],"curies":[{"name":"wp","href":"https:\/\/api.w.org\/{rel}","templated":true}]}}