{"id":73319,"date":"2024-05-15T18:03:26","date_gmt":"2024-05-15T16:03:26","guid":{"rendered":"https:\/\/www.orto-bar.com\/?post_type=product&#038;p=73319"},"modified":"2024-09-07T20:41:18","modified_gmt":"2024-09-07T18:41:18","slug":"raifinal-page","status":"publish","type":"product","link":"https:\/\/www.orto-bar.com\/en\/dogodki\/arhiv\/raifinal-page\/","title":{"rendered":"Rai,Final Page"},"content":{"rendered":"<p>&nbsp;<\/p>\n<p><strong>RAI<\/strong> je progresivna rock\/metal skupina, ki je bila ustvarjena z idejo glasbenega raja za ambiciozne in izku\u0161ene umetnike, ki bi se zbrali skupaj, da bi ustvarili nekaj zares posebnega.<\/p>\n<p>Naj bo to pesem, album, videospot ali live show&#8230; Vse je izvedeno s srcem in energijo.<\/p>\n<p>Poslu\u0161alcu ali gledalcu \u017eelimo ustvariti nepozabno izku\u0161njo in jih popeljati v na\u0161o brezmejno glasbeno utopijo, kjer se poigravamo s pravili, \u017eanri in ob\u010dutki.<\/p>\n<p>Spredaj na vokalnem \u017eezlu nas zastopa <strong>Vanja R. Vrtovec<\/strong>, za nizke poti do src bo poskrbel <strong>Urban \u017diberna<\/strong>, raznolike klavirske podvige iz rokava stresa <strong>Luka Golob<\/strong>,<br \/>\nritem mojster <strong>Maj Kobilica<\/strong> na bobnih, nenazadnje pa na ostrej\u0161ih strunah kraljuje majster <strong>Filip Furlani.<\/strong><\/p>\n<p>&nbsp;<\/p>\n<p><strong>Final Page\u00a0<\/strong>smo mlada rockerska skupina, ki smo februarja 2024 izdali na\u0161 prvi studijski album \u201c<strong>Daydream<\/strong>\u201d. Album postre\u017ee s kopico catchy refrenov, \u017emohtnih riffov ter tako rjove\u010dimi, kot ne\u017enimi vokali. S svojo glasbo zadovoljimo stare in nove rockerje, saj na\u0161 repertoar obsega spevne, radiu prijazne hite, prav tako pa tudi dalj\u0161e, bolj kompleksne skladbe. S svojo prezenco za\u010daramo vse ter jih navdahnemo, da odpra\u0161ijo svojo staro kitaro in obudijo strast do glasbe. Poleg avtorskega materiala v setlisto nemalokrat vklju\u010dimo tudi priredbe znanih izvajalcev, tako da prav nikogar ne pustimo na cedilu.<\/p>\n<p>&nbsp;<\/p>\n<p>Z odmevnim vokalom in samozavestno prezenco bo nastopil na\u0161 frontman\u00a0<strong>Luka \u0160krabec<\/strong>, brezhiben ritem in zvenenje v u\u0161esih dan po koncertu pa sta nalogi na\u0161ega bobnarja\u00a0<strong>Maja Kobilice.\u00a0<\/strong>Navdihujo\u010de solo vlo\u017eke bo z rokava stresal kitarist\u00a0<strong>Grega Vre\u010dar<\/strong>, v\u00a0ni\u017ejih legah pa se rad sprehaja na\u0161 basist\u00a0<strong>Bla\u017e Podhostnik<\/strong>. Za tisti osebni stik ob\u010dasno rad poskrbi ustanovni \u010dlan na kitari in back vokalih\u00a0<strong>Vanja<\/strong> <strong>R. Vrtovec<\/strong>, ki se zna tudi sprehoditi med publiko.<\/p>\n<p>Linki socialnih omre\u017ei:<\/p>\n<p>RAI:<\/p>\n<p>FB :\u00a0<a href=\"https:\/\/www.facebook.com\/profile.php?id=61559202819345\">https:\/\/www.facebook.com\/profile.php?id=61559202819345<\/a><\/p>\n<p>Instagram :<\/p>\n<p><a href=\"https:\/\/www.instagram.com\/rai.official.band?igsh=ZTd6dmkyZHllZ3U=\">https:\/\/www.instagram.com\/rai.official.band?igsh=ZTd6dmkyZHllZ3U=<\/a><\/p>\n<p>Tiktok:\u00a0<a href=\"https:\/\/www.tiktok.com\/@rai.official.band?_t=8mNG1tFswls&amp;_r=1\">https:\/\/www.tiktok.com\/@rai.official.band?_t=8mNG1tFswls&amp;_r=1<\/a><\/p>\n<p>&nbsp;<\/p>\n<p>Final page :<\/p>\n<p>Youtube:\u00a0<a href=\"https:\/\/www.youtube.com\/@finalpage2739\">https:\/\/www.youtube.com\/@finalpage2739<\/a><\/p>\n<p>FB:\u00a0<a href=\"https:\/\/www.facebook.com\/FinalPageSlovenia\">https:\/\/www.facebook.com\/FinalPageSlovenia<\/a><\/p>\n<p>&nbsp;<\/p>\n<p>&nbsp;<\/p>\n<p>&nbsp;<\/p>\n<p>&nbsp;<\/p>","protected":false},"excerpt":{"rendered":"<p>&nbsp; RAI je progresivna rock\/metal skupina, ki je bila ustvarjena z idejo glasbenega raja za ambiciozne in izku\u0161ene umetnike, ki bi se zbrali skupaj, da bi ustvarili nekaj zares posebnega. Naj bo to pesem, album, videospot ali live show&#8230; Vse je izvedeno s srcem in energijo. Poslu\u0161alcu ali gledalcu \u017eelimo ustvariti nepozabno izku\u0161njo in jih [&hellip;]<\/p>","protected":false},"author":11,"featured_media":73321,"template":"","meta":{"_seopress_robots_primary_cat":"none","_seopress_titles_title":"","_seopress_titles_desc":"","_seopress_robots_index":""},"product_brand":[],"product_cat":[230],"product_tag":[222],"class_list":{"0":"post-73319","1":"product","2":"type-product","3":"status-publish","4":"has-post-thumbnail","6":"product_cat-arhiv","7":"product_tag-predprodaja","9":"entry","10":"has-media","12":"first","13":"instock","14":"virtual","15":"taxable","16":"product-type-simple","17":"has-product-nav","18":"col","19":"span_1_of_4","20":"owp-content-center","21":"item-entry","22":"owp-thumbs-layout-horizontal","23":"owp-btn-normal","24":"owp-tabs-layout-section","25":"has-no-thumbnails"},"publishpress_future_action":{"enabled":false,"date":"2026-05-10 02:23:50","action":"change-status","newStatus":"draft","terms":[],"taxonomy":"product_cat","extraData":[]},"publishpress_future_workflow_manual_trigger":{"enabledWorkflows":[]},"_links":{"self":[{"href":"https:\/\/www.orto-bar.com\/en\/wp-json\/wp\/v2\/product\/73319","targetHints":{"allow":["GET"]}}],"collection":[{"href":"https:\/\/www.orto-bar.com\/en\/wp-json\/wp\/v2\/product"}],"about":[{"href":"https:\/\/www.orto-bar.com\/en\/wp-json\/wp\/v2\/types\/product"}],"author":[{"embeddable":true,"href":"https:\/\/www.orto-bar.com\/en\/wp-json\/wp\/v2\/users\/11"}],"version-history":[{"count":0,"href":"https:\/\/www.orto-bar.com\/en\/wp-json\/wp\/v2\/product\/73319\/revisions"}],"wp:featuredmedia":[{"embeddable":true,"href":"https:\/\/www.orto-bar.com\/en\/wp-json\/wp\/v2\/media\/73321"}],"wp:attachment":[{"href":"https:\/\/www.orto-bar.com\/en\/wp-json\/wp\/v2\/media?parent=73319"}],"wp:term":[{"taxonomy":"product_brand","embeddable":true,"href":"https:\/\/www.orto-bar.com\/en\/wp-json\/wp\/v2\/product_brand?post=73319"},{"taxonomy":"product_cat","embeddable":true,"href":"https:\/\/www.orto-bar.com\/en\/wp-json\/wp\/v2\/product_cat?post=73319"},{"taxonomy":"product_tag","embeddable":true,"href":"https:\/\/www.orto-bar.com\/en\/wp-json\/wp\/v2\/product_tag?post=73319"}],"curies":[{"name":"wp","href":"https:\/\/api.w.org\/{rel}","templated":true}]}}