{"id":73493,"date":"2024-05-21T10:23:01","date_gmt":"2024-05-21T08:23:01","guid":{"rendered":"https:\/\/www.orto-bar.com\/?post_type=product&#038;p=73493"},"modified":"2024-09-27T20:47:45","modified_gmt":"2024-09-27T18:47:45","slug":"blaz-mencinger-predstavitev-albuma-delcek-srca","status":"publish","type":"product","link":"https:\/\/www.orto-bar.com\/en\/dogodki\/arhiv\/blaz-mencinger-predstavitev-albuma-delcek-srca\/","title":{"rendered":"BLA\u017d MENCINGER: Predstavitev albuma -Del\u010dek srca"},"content":{"rendered":"<p>&nbsp;<\/p>\n<p>Bla\u017e Mencinger v\u00a0Ortobaru\u00a0predstavlja prvi dolgometra\u017eni album <em>Del\u010dek srca<\/em>. Album je naslednja stopnja glasbenikovega razvoja, ki ustvarja v \u0161irokem \u017eanrskem spektru nostalgi\u010dnega\u00a0indie-popa.\u00a0Bendovski\u00a0zvok, ki ga je skupaj z glasbeniki in producentom Gregorjem Bajcem (Kokosy, JBD) gradil zadnji dve leti, bo predstavljen v vsej svoji pompozni intimi.\u00a0Po lanski razprodani\u00a0Cukrarni, popevki tedna na Valu 202, sodelovanju z\u00a0Vazzom\u00a0in gostovanju na\u00a0Iz\u0161tekanih\u00a0(3:rma) se Bla\u017e vra\u010da na oder v velikem slogu s polno zasedbo\u00a0Mencarija, utegne pa se mu pridru\u017eiti tudi kak\u0161en\u00a0eminenten gost (ja, res pi\u0161e \u00bbeminenten\u00ab).<\/p>\n<p>Za Bla\u017eeve koncerte sta zna\u010dilna brezpogojna iskrenost in humor, s katerima pesmi pove\u017ee v katarzi\u010dno izku\u0161njo poslu\u0161alca. Pripravite se na koncert, stkan iz skrbno izbranega razmerja solz sre\u010de in \u017ealosti. Koncert, na katerem boste kon\u010dno ali znova za\u010dutili najljub\u0161i \u00bbdel\u010dek srca\u00ab.<\/p>\n<p><em>\u00bbGre za mladega ustvarjalca, ki sklada zelo premi\u0161ljen\u00a0indie-pop. In ta nas bo, zagotavljam, v prihodnje \u0161e velikokrat vsaj potola\u017eil, \u010de ne nasmejal.\u00ab (24ur, M. Ambro\u017ei\u010d)<br \/>\n<\/em><\/p>\n<p>Nov album \u017ee lahko poslu\u0161ate na svoji najljub\u0161i platformi: <a href=\"https:\/\/bfan.link\/delcek-srca\" data-linkindex=\"1\" data-auth=\"NotApplicable\">https:\/\/bfan.link\/delcek-srca<\/a><\/p>\n<p>&nbsp;<\/p>\n<p>&nbsp;<\/p>\n<p>&nbsp;<\/p>\n<p>&nbsp;<\/p>","protected":false},"excerpt":{"rendered":"<p>&nbsp; Bla\u017e Mencinger v\u00a0Ortobaru\u00a0predstavlja prvi dolgometra\u017eni album Del\u010dek srca. Album je naslednja stopnja glasbenikovega razvoja, ki ustvarja v \u0161irokem \u017eanrskem spektru nostalgi\u010dnega\u00a0indie-popa.\u00a0Bendovski\u00a0zvok, ki ga je skupaj z glasbeniki in producentom Gregorjem Bajcem (Kokosy, JBD) gradil zadnji dve leti, bo predstavljen v vsej svoji pompozni intimi.\u00a0Po lanski razprodani\u00a0Cukrarni, popevki tedna na Valu 202, sodelovanju z\u00a0Vazzom\u00a0in gostovanju [&hellip;]<\/p>","protected":false},"author":11,"featured_media":73495,"template":"","meta":{"_seopress_robots_primary_cat":"none","_seopress_titles_title":"","_seopress_titles_desc":"","_seopress_robots_index":""},"product_brand":[],"product_cat":[230],"product_tag":[222],"class_list":{"0":"post-73493","1":"product","2":"type-product","3":"status-publish","4":"has-post-thumbnail","6":"product_cat-arhiv","7":"product_tag-predprodaja","9":"entry","10":"has-media","12":"first","13":"instock","14":"virtual","15":"taxable","16":"product-type-simple","17":"has-product-nav","18":"col","19":"span_1_of_4","20":"owp-content-center","21":"item-entry","22":"owp-thumbs-layout-horizontal","23":"owp-btn-normal","24":"owp-tabs-layout-section","25":"has-no-thumbnails"},"publishpress_future_action":{"enabled":false,"date":"2026-05-10 03:44:50","action":"change-status","newStatus":"draft","terms":[],"taxonomy":"product_cat","extraData":[]},"publishpress_future_workflow_manual_trigger":{"enabledWorkflows":[]},"_links":{"self":[{"href":"https:\/\/www.orto-bar.com\/en\/wp-json\/wp\/v2\/product\/73493","targetHints":{"allow":["GET"]}}],"collection":[{"href":"https:\/\/www.orto-bar.com\/en\/wp-json\/wp\/v2\/product"}],"about":[{"href":"https:\/\/www.orto-bar.com\/en\/wp-json\/wp\/v2\/types\/product"}],"author":[{"embeddable":true,"href":"https:\/\/www.orto-bar.com\/en\/wp-json\/wp\/v2\/users\/11"}],"version-history":[{"count":0,"href":"https:\/\/www.orto-bar.com\/en\/wp-json\/wp\/v2\/product\/73493\/revisions"}],"wp:featuredmedia":[{"embeddable":true,"href":"https:\/\/www.orto-bar.com\/en\/wp-json\/wp\/v2\/media\/73495"}],"wp:attachment":[{"href":"https:\/\/www.orto-bar.com\/en\/wp-json\/wp\/v2\/media?parent=73493"}],"wp:term":[{"taxonomy":"product_brand","embeddable":true,"href":"https:\/\/www.orto-bar.com\/en\/wp-json\/wp\/v2\/product_brand?post=73493"},{"taxonomy":"product_cat","embeddable":true,"href":"https:\/\/www.orto-bar.com\/en\/wp-json\/wp\/v2\/product_cat?post=73493"},{"taxonomy":"product_tag","embeddable":true,"href":"https:\/\/www.orto-bar.com\/en\/wp-json\/wp\/v2\/product_tag?post=73493"}],"curies":[{"name":"wp","href":"https:\/\/api.w.org\/{rel}","templated":true}]}}