{"id":73728,"date":"2024-05-24T13:46:52","date_gmt":"2024-05-24T11:46:52","guid":{"rendered":"https:\/\/www.orto-bar.com\/?post_type=product&#038;p=73728"},"modified":"2024-09-21T19:37:37","modified_gmt":"2024-09-21T17:37:37","slug":"monkey-business-tribute-to-artic-monkeys","status":"publish","type":"product","link":"https:\/\/www.orto-bar.com\/en\/dogodki\/arhiv\/monkey-business-tribute-to-artic-monkeys\/","title":{"rendered":"Monkey Business tribute to ARTIC MONKEYS"},"content":{"rendered":"<p>Monkey Business je \u0161tiri\u010dlanska zasedba iz Ljubljane, Maribora, Celja in Kranja, ki preigrava znane in malo manj znane komade britanske skupine Arctic Monkeys. Zdru\u017eeni iz razli\u010dnih koti\u010dkov Slovenije, \u010dlani skupine prina\u0161ajo zanimivo me\u0161anico, ki s svojo energijo poustvarjajo glasbo ene izmed najbolj priljubljenih indie rock skupin novej\u0161e generacije. V repertoarju najdemo vse od zgodnjih hitov, kot so &#8220;I Bet You Look Good on the Dancefloor&#8221;, \u201cFluorescent Adolescent\u201d in &#8220;When the Sun Goes Down&#8221;, do manj znanih biserov, ki jih odkrivajo v bogatem opusu britanske skupine, s \u010dimer ponujajo poslu\u0161alcem \u0161irok spekter glasnih glasbenih do\u017eivetij.<\/p>\n<p><strong>\u00a0<\/strong><\/p>\n<p><strong>INSTAGRAM:\u00a0<\/strong><\/p>\n<p><a href=\"https:\/\/www.instagram.com\/monkeybusiness_band\">https:\/\/www.instagram.com\/monkeybusiness_band<\/a><\/p>\n<p>&nbsp;<\/p>\n<p><strong>VIDEO:<\/strong><\/p>\n<p><a href=\"https:\/\/youtu.be\/suXxfaazG6Y\">https:\/\/youtu.be\/suXxfaazG6Y<\/a><\/p>\n<p><a href=\"https:\/\/www.facebook.com\/theband.monkeybusiness\">https:\/\/www.facebook.com\/theband.monkeybusiness<\/a><\/p>","protected":false},"excerpt":{"rendered":"<p>Monkey Business je \u0161tiri\u010dlanska zasedba iz Ljubljane, Maribora, Celja in Kranja, ki preigrava znane in malo manj znane komade britanske skupine Arctic Monkeys. Zdru\u017eeni iz razli\u010dnih koti\u010dkov Slovenije, \u010dlani skupine prina\u0161ajo zanimivo me\u0161anico, ki s svojo energijo poustvarjajo glasbo ene izmed najbolj priljubljenih indie rock skupin novej\u0161e generacije. V repertoarju najdemo vse od zgodnjih hitov, [&hellip;]<\/p>","protected":false},"author":11,"featured_media":74010,"template":"","meta":{"_seopress_robots_primary_cat":"none","_seopress_titles_title":"","_seopress_titles_desc":"","_seopress_robots_index":""},"product_brand":[],"product_cat":[230],"product_tag":[222],"class_list":{"0":"post-73728","1":"product","2":"type-product","3":"status-publish","4":"has-post-thumbnail","6":"product_cat-arhiv","7":"product_tag-predprodaja","9":"entry","10":"has-media","12":"first","13":"instock","14":"virtual","15":"taxable","16":"product-type-simple","17":"has-product-nav","18":"col","19":"span_1_of_4","20":"owp-content-center","21":"item-entry","22":"owp-thumbs-layout-horizontal","23":"owp-btn-normal","24":"owp-tabs-layout-section"},"publishpress_future_action":{"enabled":false,"date":"2026-04-29 12:16:26","action":"change-status","newStatus":"draft","terms":[],"taxonomy":"product_cat","extraData":[]},"publishpress_future_workflow_manual_trigger":{"enabledWorkflows":[]},"_links":{"self":[{"href":"https:\/\/www.orto-bar.com\/en\/wp-json\/wp\/v2\/product\/73728","targetHints":{"allow":["GET"]}}],"collection":[{"href":"https:\/\/www.orto-bar.com\/en\/wp-json\/wp\/v2\/product"}],"about":[{"href":"https:\/\/www.orto-bar.com\/en\/wp-json\/wp\/v2\/types\/product"}],"author":[{"embeddable":true,"href":"https:\/\/www.orto-bar.com\/en\/wp-json\/wp\/v2\/users\/11"}],"version-history":[{"count":0,"href":"https:\/\/www.orto-bar.com\/en\/wp-json\/wp\/v2\/product\/73728\/revisions"}],"wp:featuredmedia":[{"embeddable":true,"href":"https:\/\/www.orto-bar.com\/en\/wp-json\/wp\/v2\/media\/74010"}],"wp:attachment":[{"href":"https:\/\/www.orto-bar.com\/en\/wp-json\/wp\/v2\/media?parent=73728"}],"wp:term":[{"taxonomy":"product_brand","embeddable":true,"href":"https:\/\/www.orto-bar.com\/en\/wp-json\/wp\/v2\/product_brand?post=73728"},{"taxonomy":"product_cat","embeddable":true,"href":"https:\/\/www.orto-bar.com\/en\/wp-json\/wp\/v2\/product_cat?post=73728"},{"taxonomy":"product_tag","embeddable":true,"href":"https:\/\/www.orto-bar.com\/en\/wp-json\/wp\/v2\/product_tag?post=73728"}],"curies":[{"name":"wp","href":"https:\/\/api.w.org\/{rel}","templated":true}]}}