{"id":74039,"date":"2024-06-01T14:07:53","date_gmt":"2024-06-01T12:07:53","guid":{"rendered":"https:\/\/www.orto-bar.com\/?post_type=product&#038;p=74039"},"modified":"2024-09-06T17:25:09","modified_gmt":"2024-09-06T15:25:09","slug":"no-more-faith-faith-no-more-tribute","status":"publish","type":"product","link":"https:\/\/www.orto-bar.com\/en\/dogodki\/arhiv\/no-more-faith-faith-no-more-tribute\/","title":{"rendered":"No More Faith &#8211; FAITH NO MORE Tribute"},"content":{"rendered":"<p>&nbsp;<\/p>\n<p><span style=\"font-weight: 400;\">Faith No More so bili cross-over zasedba MTV generacije 90ih let preteklega stoletja, \u010deprav so delovali od leta 1979 do 2022 z ve\u010d prekinitvami. Bili so ena od glasbeno bolj drznih in provokativnih skupin, ki jim je uspel tudi preboj v mainstream.<\/span><\/p>\n<p><span style=\"font-weight: 400;\">No More Faith so tribute zasedba, ki preigrava glasbo z vseh albumov skupine Faith No More. V repertoar so vklju\u010dene tako spevne MTV uspe\u0161nice kot tudi nekaj skladb, ki niso bile uvr\u0161\u010dene na glasbene lestvice, ali bile druga\u010de medijsko izpostavljene. Tako na njihovih nastopih lahko u\u017eivate v podobnih repertoarjih kot jih je neko\u010d igrala originalna zasedba: od sluzastih balad, do te\u017ekometalskih kompozicij in nepozabnih groovie uspe\u0161nic.<\/span><\/p>\n<p>&nbsp;<\/p>\n<p><span style=\"font-weight: 400;\">No More Faith so:<\/span><\/p>\n<p><span style=\"font-weight: 400;\">vokal: Jasmin D\u017eombi\u010d &#8211; \u0110oko<\/span><\/p>\n<p><span style=\"font-weight: 400;\">kitara: \u017diga Jane\u017ei\u010d<\/span><\/p>\n<p><span style=\"font-weight: 400;\">bas kitara:\u00a0 Ga\u0161per Gantar<\/span><\/p>\n<p><span style=\"font-weight: 400;\">bobni: Rok Rozman<\/span><\/p>\n<p><span style=\"font-weight: 400;\">klaviature: Miha Dolinar<\/span><\/p>\n<p><span style=\"font-weight: 400;\">spletna stran:<\/span><\/p>\n<p><a href=\"https:\/\/www.youtube.com\/@nomorefaith9360\/featured\"><span style=\"font-weight: 400;\">YOUTUBE<\/span><\/a><\/p>\n<p><a href=\"https:\/\/www.facebook.com\/pages\/No-More-Faith\/492545867504013\"><span style=\"font-weight: 400;\">FACEBOOK<\/span><\/a><\/p>\n<p><span style=\"font-weight: 400;\">video povezave:<\/span><\/p>\n<p><a href=\"https:\/\/youtube.com\/playlist?list=PLFILGn2d8UDaWJRtX79sPELsfUF9LEmXc\"><span style=\"font-weight: 400;\">It\u2019s A Dirty Job live set<\/span><\/a><\/p>\n<p><a href=\"https:\/\/youtu.be\/K2orohggYpw\"><span style=\"font-weight: 400;\">mix (Pekarna Maribor)<\/span><\/a><\/p>\n<p><a href=\"https:\/\/youtu.be\/Q6A2UQopijI\"><span style=\"font-weight: 400;\">We Care A Lot (Otro bar Ljubljana)<\/span><\/a><\/p>","protected":false},"excerpt":{"rendered":"<p>&nbsp; Faith No More so bili cross-over zasedba MTV generacije 90ih let preteklega stoletja, \u010deprav so delovali od leta 1979 do 2022 z ve\u010d prekinitvami. Bili so ena od glasbeno bolj drznih in provokativnih skupin, ki jim je uspel tudi preboj v mainstream. No More Faith so tribute zasedba, ki preigrava glasbo z vseh albumov [&hellip;]<\/p>","protected":false},"author":11,"featured_media":74040,"template":"","meta":{"_seopress_robots_primary_cat":"none","_seopress_titles_title":"","_seopress_titles_desc":"","_seopress_robots_index":""},"product_brand":[],"product_cat":[230],"product_tag":[222],"class_list":{"0":"post-74039","1":"product","2":"type-product","3":"status-publish","4":"has-post-thumbnail","6":"product_cat-arhiv","7":"product_tag-predprodaja","9":"entry","10":"has-media","12":"first","13":"instock","14":"virtual","15":"taxable","16":"product-type-simple","17":"has-product-nav","18":"col","19":"span_1_of_4","20":"owp-content-center","21":"item-entry","22":"owp-thumbs-layout-horizontal","23":"owp-btn-normal","24":"owp-tabs-layout-section","25":"has-no-thumbnails"},"publishpress_future_action":{"enabled":false,"date":"2026-04-27 23:49:03","action":"change-status","newStatus":"draft","terms":[],"taxonomy":"product_cat","extraData":[]},"publishpress_future_workflow_manual_trigger":{"enabledWorkflows":[]},"_links":{"self":[{"href":"https:\/\/www.orto-bar.com\/en\/wp-json\/wp\/v2\/product\/74039","targetHints":{"allow":["GET"]}}],"collection":[{"href":"https:\/\/www.orto-bar.com\/en\/wp-json\/wp\/v2\/product"}],"about":[{"href":"https:\/\/www.orto-bar.com\/en\/wp-json\/wp\/v2\/types\/product"}],"author":[{"embeddable":true,"href":"https:\/\/www.orto-bar.com\/en\/wp-json\/wp\/v2\/users\/11"}],"version-history":[{"count":0,"href":"https:\/\/www.orto-bar.com\/en\/wp-json\/wp\/v2\/product\/74039\/revisions"}],"wp:featuredmedia":[{"embeddable":true,"href":"https:\/\/www.orto-bar.com\/en\/wp-json\/wp\/v2\/media\/74040"}],"wp:attachment":[{"href":"https:\/\/www.orto-bar.com\/en\/wp-json\/wp\/v2\/media?parent=74039"}],"wp:term":[{"taxonomy":"product_brand","embeddable":true,"href":"https:\/\/www.orto-bar.com\/en\/wp-json\/wp\/v2\/product_brand?post=74039"},{"taxonomy":"product_cat","embeddable":true,"href":"https:\/\/www.orto-bar.com\/en\/wp-json\/wp\/v2\/product_cat?post=74039"},{"taxonomy":"product_tag","embeddable":true,"href":"https:\/\/www.orto-bar.com\/en\/wp-json\/wp\/v2\/product_tag?post=74039"}],"curies":[{"name":"wp","href":"https:\/\/api.w.org\/{rel}","templated":true}]}}