{"id":74052,"date":"2024-06-02T20:00:34","date_gmt":"2024-06-02T18:00:34","guid":{"rendered":"https:\/\/www.orto-bar.com\/?post_type=product&#038;p=74052"},"modified":"2024-09-05T00:01:26","modified_gmt":"2024-09-04T22:01:26","slug":"samantha-maya","status":"publish","type":"product","link":"https:\/\/www.orto-bar.com\/en\/dogodki\/arhiv\/samantha-maya\/","title":{"rendered":"Samantha Maya"},"content":{"rendered":"<p>&nbsp;<\/p>\n<p>Samantha Maya je mlada in obetavna glasbenica, ki se s svojim edinstvenim glasbenim slogom vse bolj uveljavlja na doma\u010di glasbeni sceni. Na njen vstop na glasbeno sceno je mo\u010dno vplivala zmaga na festivalu Slovenska nota leta 2017, dve leti kasneje pa smo jo z avtorsko glasbo tudi prvi\u010d sli\u0161ali na radijskih valovih. Njena glasba je preplet \u017eanrov, od modernega popa do pop- rocka, odlikuje pa jo \u010dustvena globina ter iskrena lirika. Po izdanem EP-ju \u00bbVenera\u00ab leta 2020, je meseca maja letos v svet poslala svoj prvi album z naslovom \u00bbSophia\u00ab, kateri nosi 9 avtorskih pesmi.<\/p>\n<p>&nbsp;<\/p>\n<p>Njeni koncerti so znani po intimnem, misti\u010dnem vzdu\u0161ju, ki za\u010dara. Na odru ima ob sebi spremljevalno zasedbo, ki jo sestavljajo priznani, \u017ee dobro ute\u010deni glasbeniki: Rok \u0160enk na kitari, Bla\u017e Horvat na bobnih ter Urban Dacar na basu.<\/p>\n<p>&nbsp;<\/p>\n<p><strong>SPLETNE STRANI:<\/strong><\/p>\n<p><strong>\u00a0<\/strong><\/p>\n<p><strong>FB: <\/strong><a href=\"https:\/\/www.facebook.com\/samanthamayamusic\/\"><strong>https:\/\/www.facebook.com\/samanthamayamusic\/<\/strong><\/a><\/p>\n<p><strong>IG: <\/strong><a href=\"https:\/\/www.instagram.com\/samanthamayaa\"><strong>https:\/\/www.instagram.com\/samanthamayaa<\/strong><\/a><\/p>\n<p><strong>YT: <\/strong><a href=\"https:\/\/www.youtube.com\/channel\/UCHPhS9WTvaRpzaHVDkGQNMg\"><strong>https:\/\/www.youtube.com\/channel\/UCHPhS9WTvaRpzaHVDkGQNMg<\/strong><\/a><\/p>\n<p><strong>Tik tok: <\/strong><a href=\"https:\/\/www.tiktok.com\/@samanthamaya.art\"><strong>https:\/\/www.tiktok.com\/@samanthamaya.art<\/strong><\/a><\/p>","protected":false},"excerpt":{"rendered":"<p>&nbsp; Samantha Maya je mlada in obetavna glasbenica, ki se s svojim edinstvenim glasbenim slogom vse bolj uveljavlja na doma\u010di glasbeni sceni. Na njen vstop na glasbeno sceno je mo\u010dno vplivala zmaga na festivalu Slovenska nota leta 2017, dve leti kasneje pa smo jo z avtorsko glasbo tudi prvi\u010d sli\u0161ali na radijskih valovih. Njena glasba [&hellip;]<\/p>","protected":false},"author":11,"featured_media":74053,"template":"","meta":{"_seopress_robots_primary_cat":"none","_seopress_titles_title":"","_seopress_titles_desc":"","_seopress_robots_index":""},"product_brand":[],"product_cat":[230],"product_tag":[222],"class_list":{"0":"post-74052","1":"product","2":"type-product","3":"status-publish","4":"has-post-thumbnail","6":"product_cat-arhiv","7":"product_tag-predprodaja","9":"entry","10":"has-media","12":"first","13":"instock","14":"virtual","15":"taxable","16":"product-type-simple","17":"has-product-nav","18":"col","19":"span_1_of_4","20":"owp-content-center","21":"item-entry","22":"owp-thumbs-layout-horizontal","23":"owp-btn-normal","24":"owp-tabs-layout-section","25":"has-no-thumbnails"},"publishpress_future_action":{"enabled":false,"date":"2026-05-02 14:18:28","action":"change-status","newStatus":"draft","terms":[],"taxonomy":"product_cat","extraData":[]},"publishpress_future_workflow_manual_trigger":{"enabledWorkflows":[]},"_links":{"self":[{"href":"https:\/\/www.orto-bar.com\/en\/wp-json\/wp\/v2\/product\/74052","targetHints":{"allow":["GET"]}}],"collection":[{"href":"https:\/\/www.orto-bar.com\/en\/wp-json\/wp\/v2\/product"}],"about":[{"href":"https:\/\/www.orto-bar.com\/en\/wp-json\/wp\/v2\/types\/product"}],"author":[{"embeddable":true,"href":"https:\/\/www.orto-bar.com\/en\/wp-json\/wp\/v2\/users\/11"}],"version-history":[{"count":0,"href":"https:\/\/www.orto-bar.com\/en\/wp-json\/wp\/v2\/product\/74052\/revisions"}],"wp:featuredmedia":[{"embeddable":true,"href":"https:\/\/www.orto-bar.com\/en\/wp-json\/wp\/v2\/media\/74053"}],"wp:attachment":[{"href":"https:\/\/www.orto-bar.com\/en\/wp-json\/wp\/v2\/media?parent=74052"}],"wp:term":[{"taxonomy":"product_brand","embeddable":true,"href":"https:\/\/www.orto-bar.com\/en\/wp-json\/wp\/v2\/product_brand?post=74052"},{"taxonomy":"product_cat","embeddable":true,"href":"https:\/\/www.orto-bar.com\/en\/wp-json\/wp\/v2\/product_cat?post=74052"},{"taxonomy":"product_tag","embeddable":true,"href":"https:\/\/www.orto-bar.com\/en\/wp-json\/wp\/v2\/product_tag?post=74052"}],"curies":[{"name":"wp","href":"https:\/\/api.w.org\/{rel}","templated":true}]}}