{"id":74110,"date":"2024-06-04T18:51:12","date_gmt":"2024-06-04T16:51:12","guid":{"rendered":"https:\/\/www.orto-bar.com\/?post_type=product&#038;p=74110"},"modified":"2024-09-12T00:01:18","modified_gmt":"2024-09-11T22:01:18","slug":"drevored","status":"publish","type":"product","link":"https:\/\/www.orto-bar.com\/en\/dogodki\/arhiv\/drevored\/","title":{"rendered":"Drevored"},"content":{"rendered":"<p>&nbsp;<\/p>\n<p>&nbsp;<\/p>\n<p>Legendarna dolenjska skupina Drevored prihaja v Ljubljano! \u010cetverica kon\u010duje nov studijski album z naslovom &#8216;Sadimo vam drevesa&#8217;, ki ga bodo predstavili v Orto Baru .<\/p>\n<p>Dolenjska zasedba je bila ustanovljena leta 1979 v Novem mestu in je aktivno delovala vse do leta 1989. V tem \u010dasu je ustvarila kar nekaj izjemnih skladb in je z uspe\u0161nicami, kot sta &#8216;Dale\u010d od ponorelega sveta&#8217; ter &#8216;Poletna no\u010d&#8217;, dobila prav poseben, kultni status v zibelki dolenjskega rocka. Kljub temu so svoj prvenec &#8216;Dekade&#8217; posneli \u0161ele leta 2009, ko so se pred tem za skoraj 20 let poslovili od glasbenih odrov.<\/p>\n<p>Zasedbo poleg ustanovnega \u010dlana Du\u0161ana Prosine\u010dkega (vokal, kitara, klaviature) sestavljajo \u0161e Primo\u017e Hudoklin (vokal, kitara), Andrej Zupan\u010di\u010d (bas kitara) in Miha Recelj (bobni, tolkala).<\/p>\n<p>&nbsp;<\/p>\n<p><a href=\"http:\/\/www.youtube.com\/watch?v=scy3JfOMjCs\">www.youtube.com\/watch?v=scy3JfOMjCs<\/a><br \/>\n<a href=\"http:\/\/www.youtube.com\/watch?v=UXBs11qw7Pc\">www.youtube.com\/watch?v=UXBs11qw7Pc<\/a><br \/>\n<a href=\"http:\/\/www.youtube.com\/watch?v=McC-qNe0g1U\">www.youtube.com\/watch?v=McC-qNe0g1U<\/a><br \/>\n<a href=\"http:\/\/www.youtube.com\/watch?v=7SFIFCAbOk4\">www.youtube.com\/watch?v=7SFIFCAbOk4<\/a><br \/>\n<a href=\"http:\/\/www.youtube.com\/watch?v=LpGP6cRuWzM\">www.youtube.com\/watch?v=LpGP6cRuWzM<\/a><br \/>\n<a href=\"http:\/\/www.youtube.com\/watch?v=JbI2upVpNl8\">www.youtube.com\/watch?v=JbI2upVpNl8<\/a><\/p>","protected":false},"excerpt":{"rendered":"<p>&nbsp; &nbsp; Legendarna dolenjska skupina Drevored prihaja v Ljubljano! \u010cetverica kon\u010duje nov studijski album z naslovom &#8216;Sadimo vam drevesa&#8217;, ki ga bodo predstavili v Orto Baru . Dolenjska zasedba je bila ustanovljena leta 1979 v Novem mestu in je aktivno delovala vse do leta 1989. V tem \u010dasu je ustvarila kar nekaj izjemnih skladb in [&hellip;]<\/p>","protected":false},"author":11,"featured_media":74111,"template":"","meta":{"_seopress_robots_primary_cat":"none","_seopress_titles_title":"","_seopress_titles_desc":"","_seopress_robots_index":""},"product_brand":[],"product_cat":[230],"product_tag":[222],"class_list":{"0":"post-74110","1":"product","2":"type-product","3":"status-publish","4":"has-post-thumbnail","6":"product_cat-arhiv","7":"product_tag-predprodaja","9":"entry","10":"has-media","12":"first","13":"instock","14":"virtual","15":"taxable","16":"product-type-simple","17":"has-product-nav","18":"col","19":"span_1_of_4","20":"owp-content-center","21":"item-entry","22":"owp-thumbs-layout-horizontal","23":"owp-btn-normal","24":"owp-tabs-layout-section","25":"has-no-thumbnails"},"publishpress_future_action":{"enabled":false,"date":"2026-04-27 08:21:28","action":"change-status","newStatus":"draft","terms":[],"taxonomy":"product_cat","extraData":[]},"publishpress_future_workflow_manual_trigger":{"enabledWorkflows":[]},"_links":{"self":[{"href":"https:\/\/www.orto-bar.com\/en\/wp-json\/wp\/v2\/product\/74110","targetHints":{"allow":["GET"]}}],"collection":[{"href":"https:\/\/www.orto-bar.com\/en\/wp-json\/wp\/v2\/product"}],"about":[{"href":"https:\/\/www.orto-bar.com\/en\/wp-json\/wp\/v2\/types\/product"}],"author":[{"embeddable":true,"href":"https:\/\/www.orto-bar.com\/en\/wp-json\/wp\/v2\/users\/11"}],"version-history":[{"count":0,"href":"https:\/\/www.orto-bar.com\/en\/wp-json\/wp\/v2\/product\/74110\/revisions"}],"wp:featuredmedia":[{"embeddable":true,"href":"https:\/\/www.orto-bar.com\/en\/wp-json\/wp\/v2\/media\/74111"}],"wp:attachment":[{"href":"https:\/\/www.orto-bar.com\/en\/wp-json\/wp\/v2\/media?parent=74110"}],"wp:term":[{"taxonomy":"product_brand","embeddable":true,"href":"https:\/\/www.orto-bar.com\/en\/wp-json\/wp\/v2\/product_brand?post=74110"},{"taxonomy":"product_cat","embeddable":true,"href":"https:\/\/www.orto-bar.com\/en\/wp-json\/wp\/v2\/product_cat?post=74110"},{"taxonomy":"product_tag","embeddable":true,"href":"https:\/\/www.orto-bar.com\/en\/wp-json\/wp\/v2\/product_tag?post=74110"}],"curies":[{"name":"wp","href":"https:\/\/api.w.org\/{rel}","templated":true}]}}