{"id":74113,"date":"2024-06-04T18:55:54","date_gmt":"2024-06-04T16:55:54","guid":{"rendered":"https:\/\/www.orto-bar.com\/?post_type=product&#038;p=74113"},"modified":"2024-10-02T00:01:53","modified_gmt":"2024-10-01T22:01:53","slug":"jernej-zoran-in-band","status":"publish","type":"product","link":"https:\/\/www.orto-bar.com\/en\/dogodki\/arhiv\/jernej-zoran-in-band\/","title":{"rendered":"Jernej Zoran in band"},"content":{"rendered":"<p>Novome\u0161ki kitarist in avtor JERNEJ ZORANz zasedbo prihaja v Ljubljano. V za\u010detku oktobra bo namre\u010d predstavil nov studijski album!<\/p>\n<p>Jernej Zoran ni samo eden najbolj plodnih slovenskih avtorjev (pet albumov v desetih letih, \u0161esti pa izide september 2024) in eden bolj\u0161ih slovenskih rockovskih kitaristov, ampak ohranja tudi ljubezen in strast do koncertiranja. Vedno znova postre\u017ee s sve\u017eimi projekti in zasedbami. Jernej se tokrat po dalj\u0161em obdobju, v katerem je sodeloval z razli\u010dnimi izvrstnimi pevkami, ki so interpretirale njegove medijsko odli\u010dno sprejete skladbe, vra\u010da z repertoarjem, ki v veliki meri sloni na njegovi najve\u010dji glasbeni ljubezni: elektri\u010dni kitari.<\/p>\n<p>Jernej Zoran s svojim bandom ponuja izvrstno me\u0161anico kitarskega rocka s primesmi bluesa in popa, s poudarkom na avtorskih in\u0161trumentalih, kak\u0161no domiselno aran\u017eirano priredbo velikanov rocka (<a href=\"http:\/\/n.pr\">n.p<\/a>. Hendrix, Beatles, Jeff Beck, U2, Police) nekaj pesmi pa na koncertu tudi zapoje \u2013 predvsem gre za izbor doslej izdanih radijskih singlov). Jernej je doslej stal na ve\u010dini slovenskih odrov, tako velikih kot malih, od Pivo&amp;Cvetje do Orto bara.<\/p>\n<p>Zvo\u010dna slika na odru malce spominja na zmes Pink Floydov, Mika Oldfielda, U2 in Hendrixa. Sami prekaljeni glasbeni ma\u010dki z obse\u017eno odrsko kilometrino med nastopom poskrbijo tudi za prese\u017eke v obliki tistega najiskrenej\u0161ega in naj\u017elahtnej\u0161ega v glasbi \u2013 improvizacije<\/p>\n<p>&nbsp;<\/p>\n<p><a href=\"https:\/\/www.facebook.com\/events\/1149237573341164\/?ref=newsfeed\">https:\/\/www.facebook.com\/events\/1149237573341164\/?ref=newsfeed<\/a><\/p>\n<p>&nbsp;<\/p>\n<p>&nbsp;<\/p>","protected":false},"excerpt":{"rendered":"<p>Novome\u0161ki kitarist in avtor JERNEJ ZORANz zasedbo prihaja v Ljubljano. V za\u010detku oktobra bo namre\u010d predstavil nov studijski album! Jernej Zoran ni samo eden najbolj plodnih slovenskih avtorjev (pet albumov v desetih letih, \u0161esti pa izide september 2024) in eden bolj\u0161ih slovenskih rockovskih kitaristov, ampak ohranja tudi ljubezen in strast do koncertiranja. Vedno znova postre\u017ee [&hellip;]<\/p>","protected":false},"author":11,"featured_media":74114,"template":"","meta":{"_seopress_robots_primary_cat":"none","_seopress_titles_title":"","_seopress_titles_desc":"","_seopress_robots_index":""},"product_brand":[],"product_cat":[230],"product_tag":[222],"class_list":{"0":"post-74113","1":"product","2":"type-product","3":"status-publish","4":"has-post-thumbnail","6":"product_cat-arhiv","7":"product_tag-predprodaja","9":"entry","10":"has-media","12":"first","13":"instock","14":"virtual","15":"taxable","16":"product-type-simple","17":"has-product-nav","18":"col","19":"span_1_of_4","20":"owp-content-center","21":"item-entry","22":"owp-thumbs-layout-horizontal","23":"owp-btn-normal","24":"owp-tabs-layout-section","25":"has-no-thumbnails"},"publishpress_future_action":{"enabled":false,"date":"2026-05-10 05:11:12","action":"change-status","newStatus":"draft","terms":[],"taxonomy":"product_cat","extraData":[]},"publishpress_future_workflow_manual_trigger":{"enabledWorkflows":[]},"_links":{"self":[{"href":"https:\/\/www.orto-bar.com\/en\/wp-json\/wp\/v2\/product\/74113","targetHints":{"allow":["GET"]}}],"collection":[{"href":"https:\/\/www.orto-bar.com\/en\/wp-json\/wp\/v2\/product"}],"about":[{"href":"https:\/\/www.orto-bar.com\/en\/wp-json\/wp\/v2\/types\/product"}],"author":[{"embeddable":true,"href":"https:\/\/www.orto-bar.com\/en\/wp-json\/wp\/v2\/users\/11"}],"version-history":[{"count":0,"href":"https:\/\/www.orto-bar.com\/en\/wp-json\/wp\/v2\/product\/74113\/revisions"}],"wp:featuredmedia":[{"embeddable":true,"href":"https:\/\/www.orto-bar.com\/en\/wp-json\/wp\/v2\/media\/74114"}],"wp:attachment":[{"href":"https:\/\/www.orto-bar.com\/en\/wp-json\/wp\/v2\/media?parent=74113"}],"wp:term":[{"taxonomy":"product_brand","embeddable":true,"href":"https:\/\/www.orto-bar.com\/en\/wp-json\/wp\/v2\/product_brand?post=74113"},{"taxonomy":"product_cat","embeddable":true,"href":"https:\/\/www.orto-bar.com\/en\/wp-json\/wp\/v2\/product_cat?post=74113"},{"taxonomy":"product_tag","embeddable":true,"href":"https:\/\/www.orto-bar.com\/en\/wp-json\/wp\/v2\/product_tag?post=74113"}],"curies":[{"name":"wp","href":"https:\/\/api.w.org\/{rel}","templated":true}]}}