{"id":74309,"date":"2024-06-16T13:46:56","date_gmt":"2024-06-16T11:46:56","guid":{"rendered":"https:\/\/www.orto-bar.com\/?post_type=product&#038;p=74309"},"modified":"2025-06-26T10:54:24","modified_gmt":"2025-06-26T08:54:24","slug":"orto-pocitnice-2","status":"publish","type":"product","link":"https:\/\/www.orto-bar.com\/en\/dogodki\/arhiv\/orto-pocitnice-2\/","title":{"rendered":"Orto Po\u010ditnice!!"},"content":{"rendered":"<p><strong>Orto gre na po\u010ditnice! Julija in avgusta bomo hladili na\u0161e reaktorje! Ventilatorje po\u017eenemo spet 4.9.2025! Hvala, da nas podpirate in u\u017eivajte v vro\u010dem poletju!!!<\/strong><\/p>\n<p>&nbsp;<\/p>\n<p><strong>Orto Ekipa<\/strong><\/p>","protected":false},"excerpt":{"rendered":"<p>Orto gre na po\u010ditnice! Julija in avgusta bomo hladili na\u0161e reaktorje! Ventilatorje po\u017eenemo spet 4.9.2025! Hvala, da nas podpirate in u\u017eivajte v vro\u010dem poletju!!! &nbsp; Orto Ekipa<\/p>","protected":false},"author":11,"featured_media":116022,"template":"","meta":{"_seopress_robots_primary_cat":"none","_seopress_titles_title":"","_seopress_titles_desc":"","_seopress_robots_index":""},"product_brand":[],"product_cat":[230],"product_tag":[222],"class_list":{"0":"post-74309","1":"product","2":"type-product","3":"status-publish","4":"has-post-thumbnail","6":"product_cat-arhiv","7":"product_tag-predprodaja","9":"entry","10":"has-media","12":"first","13":"onbackorder","14":"virtual","15":"taxable","16":"product-type-simple","17":"has-product-nav","18":"col","19":"span_1_of_4","20":"owp-content-center","21":"item-entry","22":"owp-thumbs-layout-horizontal","23":"owp-btn-normal","24":"owp-tabs-layout-section","25":"has-no-thumbnails"},"publishpress_future_action":{"enabled":false,"date":"2026-05-10 23:52:03","action":"change-status","newStatus":"draft","terms":[],"taxonomy":"product_cat","extraData":[]},"publishpress_future_workflow_manual_trigger":{"enabledWorkflows":[]},"_links":{"self":[{"href":"https:\/\/www.orto-bar.com\/en\/wp-json\/wp\/v2\/product\/74309","targetHints":{"allow":["GET"]}}],"collection":[{"href":"https:\/\/www.orto-bar.com\/en\/wp-json\/wp\/v2\/product"}],"about":[{"href":"https:\/\/www.orto-bar.com\/en\/wp-json\/wp\/v2\/types\/product"}],"author":[{"embeddable":true,"href":"https:\/\/www.orto-bar.com\/en\/wp-json\/wp\/v2\/users\/11"}],"version-history":[{"count":0,"href":"https:\/\/www.orto-bar.com\/en\/wp-json\/wp\/v2\/product\/74309\/revisions"}],"wp:featuredmedia":[{"embeddable":true,"href":"https:\/\/www.orto-bar.com\/en\/wp-json\/wp\/v2\/media\/116022"}],"wp:attachment":[{"href":"https:\/\/www.orto-bar.com\/en\/wp-json\/wp\/v2\/media?parent=74309"}],"wp:term":[{"taxonomy":"product_brand","embeddable":true,"href":"https:\/\/www.orto-bar.com\/en\/wp-json\/wp\/v2\/product_brand?post=74309"},{"taxonomy":"product_cat","embeddable":true,"href":"https:\/\/www.orto-bar.com\/en\/wp-json\/wp\/v2\/product_cat?post=74309"},{"taxonomy":"product_tag","embeddable":true,"href":"https:\/\/www.orto-bar.com\/en\/wp-json\/wp\/v2\/product_tag?post=74309"}],"curies":[{"name":"wp","href":"https:\/\/api.w.org\/{rel}","templated":true}]}}