{"id":74441,"date":"2024-06-20T13:48:12","date_gmt":"2024-06-20T11:48:12","guid":{"rendered":"https:\/\/www.orto-bar.com\/?post_type=product&#038;p=74441"},"modified":"2024-09-25T13:30:04","modified_gmt":"2024-09-25T11:30:04","slug":"evh-gospel-according-to-damir-simic-shime-van-halen-tribute-band","status":"publish","type":"product","link":"https:\/\/www.orto-bar.com\/en\/dogodki\/arhiv\/evh-gospel-according-to-damir-simic-shime-van-halen-tribute-band\/","title":{"rendered":"EVH gospel according to Damir Simic Shime \/ VAN HALEN tribute band"},"content":{"rendered":"<p>Poklon eni najve\u010djih zasedb v zgodovini rock glasbe.<\/p>\n<p>&nbsp;<\/p>\n<p>Eddie ne nosi brez razloga naziv &#8220;the greatest of all time&#8221;, saj se je s svojim inovativnim igranjem in odli\u010dnimi skladbami z velikimi \u010drkami zapisal v zgodovino rock glasbe. Uspe\u0161nic skupine Van Halen se bomo spomnili z odli\u010dnim koncertom Damirja Simica in njegovih prijateljev, vrhunskih glasbenikov. Pridru\u017eite se nam na veli\u010dastnem kitarskem ve\u010deru, posve\u010denem Eddieju Van Halenu.<\/p>\n<p>__________________________________________<\/p>\n<p>Zasedba:<br \/>\nDamir Simic Shime &#8211; hrva\u0161ki kitarski virtuoz (solo umetnik, ex Shark Island)<br \/>\nMarko Kara\u010di\u0107 Karo &#8211; bas (Prljavo Kazali\u0161te)<br \/>\nBerislav Bla\u017eevi\u0107 &#8211; klaviature (Parni Valjak)<br \/>\nAlen Frljak &#8211; bobni (Inciter, ex Shark Island)<br \/>\nRoko Nikoli\u0107 R\u00f6kinja &#8211; vokal (Flesh, ex Animal Drive)<br \/>\n__________________________________________<\/p>\n<p>&nbsp;<\/p>\n<p><a href=\"https:\/\/www.youtube.com\/watch?v=frhFOXzS1qM&amp;fbclid=IwZXh0bgNhZW0CMTAAAR1YPdUxe73F6UBiIdnnd385kz16NpwwEDLukUX460ujUHpg2x03EzlhGe0_aem_ZmFrZWR1bW15MTZieXRlcw\">www.youtube.com\/watch?v=frhFOXzS1qM<\/a><\/p>\n<p><a href=\"https:\/\/www.youtube.com\/watch?v=1lO789MvpG8&amp;fbclid=IwZXh0bgNhZW0CMTAAAR09OywDffzmDTkImqiBtMRBYMj21RYq-h7z-j_6MnR5JjqHiye5uZmP1D8_aem_ZmFrZWR1bW15MTZieXRlcw\">www.youtube.com\/watch?v=1lO789MvpG8<\/a><\/p>\n<p><a href=\"https:\/\/www.youtube.com\/watch?v=O2O-QZEcPkk&amp;fbclid=IwZXh0bgNhZW0CMTAAAR1wfuSOFq1BMouJTu7275Otvur9pXBAzU9Nrk_Hq2d2RYIr2HwpPPxwgoA_aem_ZmFrZWR1bW15MTZieXRlcw\">www.youtube.com\/watch?v=O2O-QZEcPkk<\/a><\/p>","protected":false},"excerpt":{"rendered":"<p>Poklon eni najve\u010djih zasedb v zgodovini rock glasbe. &nbsp; Eddie ne nosi brez razloga naziv &#8220;the greatest of all time&#8221;, saj se je s svojim inovativnim igranjem in odli\u010dnimi skladbami z velikimi \u010drkami zapisal v zgodovino rock glasbe. Uspe\u0161nic skupine Van Halen se bomo spomnili z odli\u010dnim koncertom Damirja Simica in njegovih prijateljev, vrhunskih glasbenikov. [&hellip;]<\/p>","protected":false},"author":11,"featured_media":74445,"template":"","meta":{"_seopress_robots_primary_cat":"none","_seopress_titles_title":"","_seopress_titles_desc":"","_seopress_robots_index":""},"product_brand":[],"product_cat":[230],"product_tag":[222],"class_list":{"0":"post-74441","1":"product","2":"type-product","3":"status-publish","4":"has-post-thumbnail","6":"product_cat-arhiv","7":"product_tag-predprodaja","9":"entry","10":"has-media","12":"first","13":"instock","14":"virtual","15":"taxable","16":"product-type-simple","17":"has-product-nav","18":"col","19":"span_1_of_4","20":"owp-content-center","21":"item-entry","22":"owp-thumbs-layout-horizontal","23":"owp-btn-normal","24":"owp-tabs-layout-section","25":"has-no-thumbnails"},"publishpress_future_action":{"enabled":false,"date":"2026-04-27 19:38:07","action":"change-status","newStatus":"draft","terms":[],"taxonomy":"product_cat","extraData":[]},"publishpress_future_workflow_manual_trigger":{"enabledWorkflows":[]},"_links":{"self":[{"href":"https:\/\/www.orto-bar.com\/en\/wp-json\/wp\/v2\/product\/74441","targetHints":{"allow":["GET"]}}],"collection":[{"href":"https:\/\/www.orto-bar.com\/en\/wp-json\/wp\/v2\/product"}],"about":[{"href":"https:\/\/www.orto-bar.com\/en\/wp-json\/wp\/v2\/types\/product"}],"author":[{"embeddable":true,"href":"https:\/\/www.orto-bar.com\/en\/wp-json\/wp\/v2\/users\/11"}],"version-history":[{"count":0,"href":"https:\/\/www.orto-bar.com\/en\/wp-json\/wp\/v2\/product\/74441\/revisions"}],"wp:featuredmedia":[{"embeddable":true,"href":"https:\/\/www.orto-bar.com\/en\/wp-json\/wp\/v2\/media\/74445"}],"wp:attachment":[{"href":"https:\/\/www.orto-bar.com\/en\/wp-json\/wp\/v2\/media?parent=74441"}],"wp:term":[{"taxonomy":"product_brand","embeddable":true,"href":"https:\/\/www.orto-bar.com\/en\/wp-json\/wp\/v2\/product_brand?post=74441"},{"taxonomy":"product_cat","embeddable":true,"href":"https:\/\/www.orto-bar.com\/en\/wp-json\/wp\/v2\/product_cat?post=74441"},{"taxonomy":"product_tag","embeddable":true,"href":"https:\/\/www.orto-bar.com\/en\/wp-json\/wp\/v2\/product_tag?post=74441"}],"curies":[{"name":"wp","href":"https:\/\/api.w.org\/{rel}","templated":true}]}}