{"id":74620,"date":"2024-07-24T23:33:56","date_gmt":"2024-07-24T21:33:56","guid":{"rendered":"https:\/\/www.orto-bar.com\/?post_type=product&#038;p=74620"},"modified":"2024-09-19T00:00:45","modified_gmt":"2024-09-18T22:00:45","slug":"pelhanharpier","status":"publish","type":"product","link":"https:\/\/www.orto-bar.com\/en\/dogodki\/arhiv\/pelhanharpier\/","title":{"rendered":"Pelhan,Harpier"},"content":{"rendered":"<p>&nbsp;<\/p>\n<p>Leta 2013 je Ale\u0161 Pelhan ustanovil skupino Pelhan in izdal prvo plo\u0161\u010do \u00bbV neznano\u00ab. Album je bil med poslu\u0161alci izjemno dobro sprejet in je skupini odprl vrata na koncertne odre, ki si jih je delila tudi z najve\u010djimi imeni v svetu rocka, kot so Uriah Heep.<\/p>\n<p>Po izidu prve plo\u0161\u010de in nekaj kadrovskih spremembah, med katerimi sta se skupini kot basist in bobnar pridru\u017eila Matej Likar oziroma Simon Mislej, se je nabralo veliko novega materiala, kar je privedlo do izdaje novih singlov in snemanja novega albuma. Letos se je v zasedbo vrnil tudi klaviaturist Peter Smrdel.<\/p>\n<p>&nbsp;<\/p>\n<p>Skupina Pelhan bo v \u010detrtek, 19. septembra 2024, v Orto Baru\u00a0 predstavila novi album \u00bbZgrabi me\u00ab, na katerem ne bodo manjkali \u017ee izdani singli Prvi ples, Narava ka\u017ee zobe, Za naju dva, Zgrabi me, Na dnu fla\u0161e in Ne grem domov. Poleg novih pesmi bo skupina seveda zaigrala tudi najbolj udarne skladbe s prvega albuma.<\/p>\n<p>&nbsp;<\/p>\n<p>Kot gosti bojo publiko ogrevali Harpier, sve\u017ea slovenska skupina, ki se lahko \u017ee po manj kot letu ustvarjanja pohvali z lepim naborom avtorskih skladb.V prepri\u010dljivih besedilih se elementi dru\u017ebene kritike prepletajo z ne\u017enej\u0161imi notami globokih \u010dlove\u0161kih emocij. Odlo\u010dni kitarski rifi in sola\u017ee nudijo tr\u0161e platno, ki ga strastno barva prodoren glas frontmena Matije v spevnem pripovednem slogu songwritinga.<\/p>\n<p>&nbsp;<\/p>\n<p>&nbsp;<\/p>\n<p><strong>PELHAN:<\/strong><\/p>\n<p><strong>\u00a0<\/strong><\/p>\n<p><strong>Info strani:<\/strong><\/p>\n<p><a href=\"https:\/\/www.facebook.com\/pelhanofficial\"><strong>Pelhan &#8211; FB<\/strong><\/a><\/p>\n<p><a href=\"https:\/\/www.instagram.com\/pelhanrock\/\"><strong>Pelhan &#8211; Instagram<\/strong><\/a><\/p>\n<p><a href=\"https:\/\/www.youtube.com\/@pelhanrock\"><strong>Pelhan &#8211; Youtube<\/strong><\/a><\/p>\n<p>&nbsp;<\/p>\n<p><strong>Povezave do nekaterih videospotov:<\/strong><\/p>\n<p><u><a href=\"https:\/\/www.youtube.com\/watch?v=0TR-T6U-V2k\">PELHAN \u2013 Mrzlo pivo na soncu (Official video) &#8211; YouTube<\/a><\/u><\/p>\n<p><a href=\"https:\/\/www.youtube.com\/watch?v=9Ru3ZSqYSok\">PELHAN &#8211; Narava ka\u017ee zobe (Official video) &#8211; YouTube<\/a><\/p>\n<p><a href=\"https:\/\/www.youtube.com\/watch?v=Htb32lpimd8\">PELHAN &#8211; Na dnu fla\u0161e (Official video) &#8211; YouTube<\/a><\/p>\n<p><a href=\"https:\/\/www.youtube.com\/watch?v=oSCGq7kf9Rk\">PELHAN &#8211; Zgrabi me (Official video) &#8211; YouTube<\/a><\/p>\n<p><a href=\"https:\/\/www.youtube.com\/watch?v=7qnnmOMx-vo\">PELHAN &#8211; Ne grem domov (Official video) &#8211; YouTube<\/a><\/p>\n<p><a href=\"https:\/\/www.youtube.com\/watch?v=qJlD0gE7120\">PELHAN &#8211; Za naju dva (Official video) &#8211; YouTube<\/a><\/p>\n<p><a href=\"https:\/\/www.youtube.com\/watch?v=-lS--tLlE6I\">PELHAN &#8211; V Neznano (Official video) &#8211; YouTube<\/a><\/p>\n<p>&nbsp;<\/p>\n<p><strong>\u00a0<\/strong><\/p>\n<p><strong>HARPIER:<\/strong><\/p>\n<p><strong>Info strani:<\/strong><\/p>\n<p><a href=\"https:\/\/www.facebook.com\/harpier.band\/\"><strong>Harpier &#8211; FB<\/strong><\/a><\/p>\n<p><a href=\"https:\/\/www.instagram.com\/harpier.band\/\"><strong>Harpier &#8211; Instagram<\/strong><\/a><\/p>\n<p><strong><a href=\"https:\/\/www.youtube.com\/@Harpier\">Harpier &#8211; Youtube<\/a><\/strong><\/p>\n<p><strong>\u00a0<\/strong><\/p>\n<p><strong>Povezave do nekaterih videospotov:<\/strong><\/p>\n<p><a href=\"https:\/\/www.youtube.com\/watch?v=7_mVH8Tnwwg\"><strong>Harpier &#8211; Paranoja (Official Video)<\/strong><\/a><\/p>","protected":false},"excerpt":{"rendered":"<p>&nbsp; Leta 2013 je Ale\u0161 Pelhan ustanovil skupino Pelhan in izdal prvo plo\u0161\u010do \u00bbV neznano\u00ab. Album je bil med poslu\u0161alci izjemno dobro sprejet in je skupini odprl vrata na koncertne odre, ki si jih je delila tudi z najve\u010djimi imeni v svetu rocka, kot so Uriah Heep. Po izidu prve plo\u0161\u010de in nekaj kadrovskih spremembah, [&hellip;]<\/p>","protected":false},"author":11,"featured_media":74621,"template":"","meta":{"_seopress_robots_primary_cat":"none","_seopress_titles_title":"","_seopress_titles_desc":"","_seopress_robots_index":""},"product_brand":[],"product_cat":[230],"product_tag":[222],"class_list":{"0":"post-74620","1":"product","2":"type-product","3":"status-publish","4":"has-post-thumbnail","6":"product_cat-arhiv","7":"product_tag-predprodaja","9":"entry","10":"has-media","12":"first","13":"instock","14":"virtual","15":"taxable","16":"product-type-simple","17":"has-product-nav","18":"col","19":"span_1_of_4","20":"owp-content-center","21":"item-entry","22":"owp-thumbs-layout-horizontal","23":"owp-btn-normal","24":"owp-tabs-layout-section","25":"has-no-thumbnails"},"publishpress_future_action":{"enabled":false,"date":"2026-04-27 20:16:14","action":"change-status","newStatus":"draft","terms":[],"taxonomy":"product_cat","extraData":[]},"publishpress_future_workflow_manual_trigger":{"enabledWorkflows":[]},"_links":{"self":[{"href":"https:\/\/www.orto-bar.com\/en\/wp-json\/wp\/v2\/product\/74620","targetHints":{"allow":["GET"]}}],"collection":[{"href":"https:\/\/www.orto-bar.com\/en\/wp-json\/wp\/v2\/product"}],"about":[{"href":"https:\/\/www.orto-bar.com\/en\/wp-json\/wp\/v2\/types\/product"}],"author":[{"embeddable":true,"href":"https:\/\/www.orto-bar.com\/en\/wp-json\/wp\/v2\/users\/11"}],"version-history":[{"count":0,"href":"https:\/\/www.orto-bar.com\/en\/wp-json\/wp\/v2\/product\/74620\/revisions"}],"wp:featuredmedia":[{"embeddable":true,"href":"https:\/\/www.orto-bar.com\/en\/wp-json\/wp\/v2\/media\/74621"}],"wp:attachment":[{"href":"https:\/\/www.orto-bar.com\/en\/wp-json\/wp\/v2\/media?parent=74620"}],"wp:term":[{"taxonomy":"product_brand","embeddable":true,"href":"https:\/\/www.orto-bar.com\/en\/wp-json\/wp\/v2\/product_brand?post=74620"},{"taxonomy":"product_cat","embeddable":true,"href":"https:\/\/www.orto-bar.com\/en\/wp-json\/wp\/v2\/product_cat?post=74620"},{"taxonomy":"product_tag","embeddable":true,"href":"https:\/\/www.orto-bar.com\/en\/wp-json\/wp\/v2\/product_tag?post=74620"}],"curies":[{"name":"wp","href":"https:\/\/api.w.org\/{rel}","templated":true}]}}