{"id":74623,"date":"2024-07-24T23:48:41","date_gmt":"2024-07-24T21:48:41","guid":{"rendered":"https:\/\/www.orto-bar.com\/?post_type=product&#038;p=74623"},"modified":"2024-12-05T22:46:47","modified_gmt":"2024-12-05T21:46:47","slug":"tradicionales-5","status":"publish","type":"product","link":"https:\/\/www.orto-bar.com\/en\/dogodki\/arhiv\/tradicionales-5\/","title":{"rendered":"Tradicionales"},"content":{"rendered":"<p>Mednarodno zasedbo sestavlja skupina odli\u010dnih slovenskih in kubanskih glasbenikov, katerih udejstovanje lahko ve\u010dkrat zasledimo v priznanih doma\u010dih in tujih raznovrstnih glasbenih projektih.<\/p>\n<p>&nbsp;<\/p>\n<p>Glasba Tradicionales ponuja me\u0161anico razli\u010dnih stilov tradicionalne kubanske glasbe kot so: son montuno, guajira, bolero, chang\u00fc\u00ed, afro in druge.<\/p>\n<p>&nbsp;<\/p>\n<p>Zvok tolkal, tres-a, klavirja, trobente in basa ob spremljavi ve\u010dglasnega petja in zanimive vokalne ter in\u0161trumentalne improvizacije vam pri\u010dara edinstveno do\u017eivetje prave kubanske glasbe. Odli\u010dni glasbeniki s pozitivno energijo in vrhunsko interpretacijo ustvarijo fantasti\u010dno vzdu\u0161je in obiskovalcem koncerta priredijo nepozabno do\u017eivetje.<\/p>\n<p>&nbsp;<\/p>\n<p>\u010clani:<\/p>\n<p>Acliet Cruz Arteaga &#8211; glavni vokal, maracas,<\/p>\n<p>Leo Salazar \u2013 tres, g\u00fciro, spremljevalni vokal<\/p>\n<p>Polona Bizjak \u2013 klavir<\/p>\n<p>Andrej \u0160trekelj \u2013 trobenta<\/p>\n<p>Bojan Bratu\u017e \u2013 bas kitara<\/p>\n<p>Primo\u017e Podobnik &#8211; timbales<\/p>\n<p>Jure \u010cehovin &#8211; konge, bongosi, spremljevalni vokal,<\/p>\n<p>https:\/\/www.facebook.com\/tradicionales.band<\/p>","protected":false},"excerpt":{"rendered":"<p>Mednarodno zasedbo sestavlja skupina odli\u010dnih slovenskih in kubanskih glasbenikov, katerih udejstovanje lahko ve\u010dkrat zasledimo v priznanih doma\u010dih in tujih raznovrstnih glasbenih projektih. &nbsp; Glasba Tradicionales ponuja me\u0161anico razli\u010dnih stilov tradicionalne kubanske glasbe kot so: son montuno, guajira, bolero, chang\u00fc\u00ed, afro in druge. &nbsp; Zvok tolkal, tres-a, klavirja, trobente in basa ob spremljavi ve\u010dglasnega petja in [&hellip;]<\/p>","protected":false},"author":11,"featured_media":53969,"template":"","meta":{"_seopress_robots_primary_cat":"none","_seopress_titles_title":"","_seopress_titles_desc":"","_seopress_robots_index":""},"product_brand":[],"product_cat":[230],"product_tag":[222],"class_list":{"0":"post-74623","1":"product","2":"type-product","3":"status-publish","4":"has-post-thumbnail","6":"product_cat-arhiv","7":"product_tag-predprodaja","9":"entry","10":"has-media","12":"first","13":"instock","14":"virtual","15":"taxable","16":"product-type-simple","17":"has-product-nav","18":"col","19":"span_1_of_4","20":"owp-content-center","21":"item-entry","22":"owp-thumbs-layout-horizontal","23":"owp-btn-normal","24":"owp-tabs-layout-section","25":"has-no-thumbnails"},"publishpress_future_action":{"enabled":false,"date":"2026-04-27 20:00:34","action":"change-status","newStatus":"draft","terms":[],"taxonomy":"product_cat","extraData":[]},"publishpress_future_workflow_manual_trigger":{"enabledWorkflows":[]},"_links":{"self":[{"href":"https:\/\/www.orto-bar.com\/en\/wp-json\/wp\/v2\/product\/74623","targetHints":{"allow":["GET"]}}],"collection":[{"href":"https:\/\/www.orto-bar.com\/en\/wp-json\/wp\/v2\/product"}],"about":[{"href":"https:\/\/www.orto-bar.com\/en\/wp-json\/wp\/v2\/types\/product"}],"author":[{"embeddable":true,"href":"https:\/\/www.orto-bar.com\/en\/wp-json\/wp\/v2\/users\/11"}],"version-history":[{"count":0,"href":"https:\/\/www.orto-bar.com\/en\/wp-json\/wp\/v2\/product\/74623\/revisions"}],"wp:featuredmedia":[{"embeddable":true,"href":"https:\/\/www.orto-bar.com\/en\/wp-json\/wp\/v2\/media\/53969"}],"wp:attachment":[{"href":"https:\/\/www.orto-bar.com\/en\/wp-json\/wp\/v2\/media?parent=74623"}],"wp:term":[{"taxonomy":"product_brand","embeddable":true,"href":"https:\/\/www.orto-bar.com\/en\/wp-json\/wp\/v2\/product_brand?post=74623"},{"taxonomy":"product_cat","embeddable":true,"href":"https:\/\/www.orto-bar.com\/en\/wp-json\/wp\/v2\/product_cat?post=74623"},{"taxonomy":"product_tag","embeddable":true,"href":"https:\/\/www.orto-bar.com\/en\/wp-json\/wp\/v2\/product_tag?post=74623"}],"curies":[{"name":"wp","href":"https:\/\/api.w.org\/{rel}","templated":true}]}}