{"id":74654,"date":"2024-08-06T14:17:15","date_gmt":"2024-08-06T12:17:15","guid":{"rendered":"https:\/\/www.orto-bar.com\/?post_type=product&#038;p=74654"},"modified":"2024-08-09T20:34:37","modified_gmt":"2024-08-09T18:34:37","slug":"presnete-kasete","status":"publish","type":"product","link":"https:\/\/www.orto-bar.com\/en\/dogodki\/arhiv\/presnete-kasete\/","title":{"rendered":"Presnete Kasete"},"content":{"rendered":"<p>&nbsp;<\/p>\n<p><strong>PRESNETE KASETE <\/strong><\/p>\n<p><strong>KONCERT OB IZDAJI DEBITANTSKEGA ALBUMA + PREMIERA NOVEGA VIDEOSPOTA<\/strong><\/p>\n<p>&nbsp;<\/p>\n<p>Ste vedeli, da pred petkom 13. trpi okoli 60 milijonov ljudi po svetu? Strah pred \u0161tevilko 13 naj bi imela celo nekdanji ameri\u0161ki predsednik Roosevelt in cesar Napoleon. Vsak petek 13. poslovni svet utrpi kar 900 milijonov dolarjev \u0161kode, ker ljudje ne \u017eelijo leteti z letalom ali opravljati poslov, ki jih obi\u010dajno opravljajo, zgolj zaradi strahu.<\/p>\n<p>&nbsp;<\/p>\n<p>\u010clani rockerske zasedbe PRESNETE KASETE nimajo nobenih fobij pred petkom 13., ki so ga celo izbrali za izid debitantskega albuma in promocijski koncert v Orto baru.<\/p>\n<p>&nbsp;<\/p>\n<p>PRESNETE KASETE je sve\u017ea rock skupina na glasbeni sceni. Dru\u0161\u010dina se predstavlja z avtorsko glasbo s slovenskimi besedili ter polno pozitivne energije!<\/p>\n<p>&nbsp;<\/p>\n<p>Besedila skupine se po eni strani dotikajo dru\u017ebeno kriti\u010dnih tem, \u010dlove\u0161kih \u00bbnorm\u00ab in pa moralnih vpra\u0161anj sodobnega \u010dloveka. Hkrati pa vzpodbujajo motivacijo za aktivni napredek ujetnikom sistema. Po drugi strani pa se besedila lotevajo tudi \u010dlovekovih pristnih ob\u010dutkov skozi njegove razli\u010dne \u017eivljenjske faze.<\/p>\n<p>&nbsp;<\/p>\n<p>Na odru bo gostoval Goran \u010campara &#8211; \u010campi, frontman bosansko-slovenskega banda NO RULES, ki je odigral orglice pri PRESNETIH KASETAH v komadu Vesoljska invazija.<\/p>\n<p>&nbsp;<\/p>\n<p>Pred za\u010detkom koncerta bo band premierno predstavil tudi nov videospot za komad \u0160ola ulice.<\/p>\n<p>&nbsp;<\/p>\n<p>Zasedba skupine:<\/p>\n<p>&nbsp;<\/p>\n<p><strong>Vokal:<\/strong> Zvezdan Veli\u0107 \u2013 Viki<\/p>\n<p><strong>Solo kitara:<\/strong> Peter Volj\u010d &#8211; Pero<\/p>\n<p><strong>Ritem kitara:<\/strong> Toma\u017e Berginc<\/p>\n<p><strong>Bass:<\/strong> Gregor Dovjak &#8211; Dovjo<\/p>\n<p><strong>Bobni:<\/strong> Luka Kr\u017ee \u2013 Luci<\/p>\n<p>&nbsp;<\/p>\n<p>Energi\u010den koncert banda je do\u017eivetje polne doze doma\u010dega Rokenrola!<\/p>\n<p>&nbsp;<\/p>\n<p>&nbsp;<\/p>\n<p>Skupino\u00a0<strong>PRESNETE KASETE<\/strong>\u00a0lahko spremljate na:<\/p>\n<p>&nbsp;<\/p>\n<p>&nbsp;<\/p>\n<p>Youtube\u00a0\u00a0\u00a0 \u00a0<a href=\"https:\/\/www.youtube.com\/watch?v=M5TVYh_8FVM\">https:\/\/www.youtube.com\/watch?v=M5TVYh_8FVM<\/a><\/p>\n<p>&nbsp;<\/p>\n<p>Facebook: \u00a0<a href=\"http:\/\/www.facebook.com\/presnetekasete\">www.facebook.com\/presnetekasete<\/a><\/p>\n<p>&nbsp;<\/p>\n<p>Instagram: \u00a0<a href=\"http:\/\/www.instagram.com\/presnete_kasete\/\">www.instagram.com\/presnete_kasete\/<\/a><\/p>\n<p>&nbsp;<\/p>\n<p>Bandcamp: <a href=\"https:\/\/presnetekasete.bandcamp.com\/\">https:\/\/presnetekasete.bandcamp.com\/<\/a><\/p>\n<p>&nbsp;<\/p>\n<p>Info &amp; booking: <a href=\"mailto:presnete.kasete@gmail.com\">presnete.kasete@gmail.com<\/a><\/p>\n<p>&nbsp;<\/p>\n<p>&nbsp;<\/p>\n<p>Pridite pogledat, \u010de gre lahko kaj narobe v petek 13.<\/p>\n<p>&nbsp;<\/p>\n<p>VABLJENI VSI, VSTOPNINE NI, KER VAM JO \u010cASTIMO MI<\/p>\n<p>&nbsp;<\/p>","protected":false},"excerpt":{"rendered":"<p>&nbsp; PRESNETE KASETE KONCERT OB IZDAJI DEBITANTSKEGA ALBUMA + PREMIERA NOVEGA VIDEOSPOTA &nbsp; Ste vedeli, da pred petkom 13. trpi okoli 60 milijonov ljudi po svetu? Strah pred \u0161tevilko 13 naj bi imela celo nekdanji ameri\u0161ki predsednik Roosevelt in cesar Napoleon. Vsak petek 13. poslovni svet utrpi kar 900 milijonov dolarjev \u0161kode, ker ljudje ne [&hellip;]<\/p>","protected":false},"author":11,"featured_media":74655,"template":"","meta":{"_seopress_robots_primary_cat":"none","_seopress_titles_title":"","_seopress_titles_desc":"","_seopress_robots_index":""},"product_brand":[],"product_cat":[230],"product_tag":[222],"class_list":{"0":"post-74654","1":"product","2":"type-product","3":"status-publish","4":"has-post-thumbnail","6":"product_cat-arhiv","7":"product_tag-predprodaja","9":"entry","10":"has-media","12":"first","13":"instock","14":"virtual","15":"taxable","16":"product-type-simple","17":"has-product-nav","18":"col","19":"span_1_of_4","20":"owp-content-center","21":"item-entry","22":"owp-thumbs-layout-horizontal","23":"owp-btn-normal","24":"owp-tabs-layout-section","25":"has-no-thumbnails"},"publishpress_future_action":{"enabled":false,"date":"2026-04-30 10:26:55","action":"change-status","newStatus":"draft","terms":[],"taxonomy":"product_cat","extraData":[]},"publishpress_future_workflow_manual_trigger":{"enabledWorkflows":[]},"_links":{"self":[{"href":"https:\/\/www.orto-bar.com\/en\/wp-json\/wp\/v2\/product\/74654","targetHints":{"allow":["GET"]}}],"collection":[{"href":"https:\/\/www.orto-bar.com\/en\/wp-json\/wp\/v2\/product"}],"about":[{"href":"https:\/\/www.orto-bar.com\/en\/wp-json\/wp\/v2\/types\/product"}],"author":[{"embeddable":true,"href":"https:\/\/www.orto-bar.com\/en\/wp-json\/wp\/v2\/users\/11"}],"version-history":[{"count":0,"href":"https:\/\/www.orto-bar.com\/en\/wp-json\/wp\/v2\/product\/74654\/revisions"}],"wp:featuredmedia":[{"embeddable":true,"href":"https:\/\/www.orto-bar.com\/en\/wp-json\/wp\/v2\/media\/74655"}],"wp:attachment":[{"href":"https:\/\/www.orto-bar.com\/en\/wp-json\/wp\/v2\/media?parent=74654"}],"wp:term":[{"taxonomy":"product_brand","embeddable":true,"href":"https:\/\/www.orto-bar.com\/en\/wp-json\/wp\/v2\/product_brand?post=74654"},{"taxonomy":"product_cat","embeddable":true,"href":"https:\/\/www.orto-bar.com\/en\/wp-json\/wp\/v2\/product_cat?post=74654"},{"taxonomy":"product_tag","embeddable":true,"href":"https:\/\/www.orto-bar.com\/en\/wp-json\/wp\/v2\/product_tag?post=74654"}],"curies":[{"name":"wp","href":"https:\/\/api.w.org\/{rel}","templated":true}]}}