{"id":74719,"date":"2024-08-14T13:42:32","date_gmt":"2024-08-14T11:42:32","guid":{"rendered":"https:\/\/www.orto-bar.com\/?post_type=product&#038;p=74719"},"modified":"2024-12-06T00:00:06","modified_gmt":"2024-12-05T23:00:06","slug":"lovelorn-love-charade","status":"publish","type":"product","link":"https:\/\/www.orto-bar.com\/en\/dogodki\/arhiv\/lovelorn-love-charade\/","title":{"rendered":"Lovelorn, Love Charade"},"content":{"rendered":"<p>&nbsp;<\/p>\n<p>Lovelorn smo \u0161est\u010dlanska pop rock skupina iz okolice Nove Gorice. Po dobrem letu<\/p>\n<p>koncertiranja z velikimi imeni slovenske glasbene scene kot so Vlado Kreslin, Siddharta,<\/p>\n<p>Orlek in drugi, ter na festivalih kot so Gora Rocka in Majske Igre, ter s studijskimi<\/p>\n<p>izku\u0161njami, se dosedaj lahko pohvalimo s \u0161estimi izdanimi singli, katerim se je 1. 8.<\/p>\n<p>2024 pridru\u017eil \u0161e album &#8211; &#8220;UVODNA STRAN&#8221;.<\/p>\n<p>Na albumu obdelamo pre\u017eve\u010dene ljubezenske zgodbe in tematike, najstni\u0161ka vpra\u0161anja<\/p>\n<p>o identiteti in obstoju, nostalgi\u010dne disko in regge ritme, zape\u010datimo ma ga z good old<\/p>\n<p>rock statement-om, ki v svojem epilogu naznanja nov za\u010detek &#8211; uvodno stran.<\/p>\n<p>Skupino sestavljajo Marko \u010cade\u017e Ma\u010dki\u0107 na vokalu in bas kitari, Maj \u0160pacapan in Jure<\/p>\n<p>Ipavec na kitarah, Miha Spa\u010dal na klaviaturah ter Jaka Podgornik na bobnih ter Eneja<\/p>\n<p>\u0160temberger na back vokalih.<\/p>\n<p>&nbsp;<\/p>\n<p>&nbsp;<\/p>\n<p>&nbsp;<\/p>\n<p>Love Charade so mlada glasbena zasedba, ki \u017eeli z glasbo \u0161iriti ljubezen in \u0161ubidubiwapap pozitivo. Svoje avtorske komade opisujejo kot groovy pop rock s hippie pridihom.<\/p>\n<p>\u017delijo biti \u010dim bolj originalni in kreativni z raziskovanjem in preigravanjem netipi\u010dnih\/kompleksnih ritmov in melodij, ki jih zapakirajo v mladosten in sr\u010den paket.<\/p>\n<p>&nbsp;<\/p>\n<p>&nbsp;<\/p>\n<p>&nbsp;<\/p>\n<p>&nbsp;<\/p>\n<p>&nbsp;<\/p>","protected":false},"excerpt":{"rendered":"<p>&nbsp; Lovelorn smo \u0161est\u010dlanska pop rock skupina iz okolice Nove Gorice. Po dobrem letu koncertiranja z velikimi imeni slovenske glasbene scene kot so Vlado Kreslin, Siddharta, Orlek in drugi, ter na festivalih kot so Gora Rocka in Majske Igre, ter s studijskimi izku\u0161njami, se dosedaj lahko pohvalimo s \u0161estimi izdanimi singli, katerim se je 1. [&hellip;]<\/p>","protected":false},"author":11,"featured_media":74720,"template":"","meta":{"_seopress_robots_primary_cat":"none","_seopress_titles_title":"","_seopress_titles_desc":"","_seopress_robots_index":""},"product_brand":[],"product_cat":[230],"product_tag":[222],"class_list":{"0":"post-74719","1":"product","2":"type-product","3":"status-publish","4":"has-post-thumbnail","6":"product_cat-arhiv","7":"product_tag-predprodaja","9":"entry","10":"has-media","12":"first","13":"instock","14":"virtual","15":"taxable","16":"product-type-simple","17":"has-product-nav","18":"col","19":"span_1_of_4","20":"owp-content-center","21":"item-entry","22":"owp-thumbs-layout-horizontal","23":"owp-btn-normal","24":"owp-tabs-layout-section","25":"has-no-thumbnails"},"publishpress_future_action":{"enabled":false,"date":"2026-04-27 09:29:52","action":"change-status","newStatus":"draft","terms":[],"taxonomy":"product_cat","extraData":[]},"publishpress_future_workflow_manual_trigger":{"enabledWorkflows":[]},"_links":{"self":[{"href":"https:\/\/www.orto-bar.com\/en\/wp-json\/wp\/v2\/product\/74719","targetHints":{"allow":["GET"]}}],"collection":[{"href":"https:\/\/www.orto-bar.com\/en\/wp-json\/wp\/v2\/product"}],"about":[{"href":"https:\/\/www.orto-bar.com\/en\/wp-json\/wp\/v2\/types\/product"}],"author":[{"embeddable":true,"href":"https:\/\/www.orto-bar.com\/en\/wp-json\/wp\/v2\/users\/11"}],"version-history":[{"count":0,"href":"https:\/\/www.orto-bar.com\/en\/wp-json\/wp\/v2\/product\/74719\/revisions"}],"wp:featuredmedia":[{"embeddable":true,"href":"https:\/\/www.orto-bar.com\/en\/wp-json\/wp\/v2\/media\/74720"}],"wp:attachment":[{"href":"https:\/\/www.orto-bar.com\/en\/wp-json\/wp\/v2\/media?parent=74719"}],"wp:term":[{"taxonomy":"product_brand","embeddable":true,"href":"https:\/\/www.orto-bar.com\/en\/wp-json\/wp\/v2\/product_brand?post=74719"},{"taxonomy":"product_cat","embeddable":true,"href":"https:\/\/www.orto-bar.com\/en\/wp-json\/wp\/v2\/product_cat?post=74719"},{"taxonomy":"product_tag","embeddable":true,"href":"https:\/\/www.orto-bar.com\/en\/wp-json\/wp\/v2\/product_tag?post=74719"}],"curies":[{"name":"wp","href":"https:\/\/api.w.org\/{rel}","templated":true}]}}