{"id":74758,"date":"2024-08-19T23:25:20","date_gmt":"2024-08-19T21:25:20","guid":{"rendered":"https:\/\/www.orto-bar.com\/?post_type=product&#038;p=74758"},"modified":"2024-10-03T19:47:48","modified_gmt":"2024-10-03T17:47:48","slug":"from-ashes-life-on-display","status":"publish","type":"product","link":"https:\/\/www.orto-bar.com\/en\/dogodki\/arhiv\/from-ashes-life-on-display\/","title":{"rendered":"From Ashes &#038; Life On Display"},"content":{"rendered":"<p>From Ashes<\/p>\n<p>so obalna metal skupina. Razli\u010dne glasbene zvrsti naj se ne bi zlivale. Ali pa\u010d? From Ashes \u017eelijo, da se. V ta namen so Iztok Bajc, Erik Filip\u010di\u010d, Igor Marasovi\u010d, Radislav Mari\u010d in Bojan Sinkovi\u0107 januarja 2014 odlo\u010dili ustvarjati glasbo iz nule. No, ne ravno iz nule temve\u010d &#8230; iz pepela. Njihova glasbena raznolikost je doprinesla k sve\u017eemu pogledu na koncept ostankov benda AlmostRage. V pi\u010dlih petih mesecih so uspeli preurediti \u0161tiri skladbe in pol v nekaj (po njihovem mnenju) sve\u017ee zvene\u010dega in edinstvenega, kar je na glasbenem podro\u010dju posebej te\u017eavno. Junija 2014 so se odpravili v studijo Evolucija in posneli prvi demo. Poimenovali so ga kar From Ashes. Razburljiva izku\u0161nja je samo dolila gorivo na ogenj in njih navdihnila za nadaljevanje popotovanja. Maja 2015 so izdali svoj prvenec Dying Embers.&#8221; [Matja\u017e Derin, <a href=\"https:\/\/l.facebook.com\/l.php?u=https%3A%2F%2Fwww.muzikobala.com%2F%3Ffbclid%3DIwZXh0bgNhZW0CMTAAAR2h37lCspJtvLiFEqW51HUcHPfrNowtqAiOdYdjkGhbsvl7vpmrjOuIoCY_aem_On8_qGh-8Llv9bfTiVOfTA&amp;h=AT0sWbLQGCLn3lTj4zHrUhm5i98jjJXqeFIhVAuIo3ftlQPyJbD-9ZEGVWZiG-iyqcsw8plkSamQiuoLF9zaxr9DT_HWQiiUUzILbIHx_Jdu6zap43WbqkBLntlYQaXaoVsP&amp;__tn__=q&amp;c%5b0%5d=AT3ru07RPY5UPC_ZEXJ_RTJav6Keel9mYa840PLc5S8-yBRhIfnNC7HjGwG-LrxohMi6yyBzJVHaBa1MYjUT3k2fxXwkYG2KD6G5vkI5V_HHlhuPN4fshwFqTFl_xeYAIwCF63WBvH81gENrz6LqSm6erauaOsb2ZZp08EeAzy_jONVn5033\">https:\/\/www.muzikobala.com<\/a>]<\/p>\n<p>_______________________________<\/p>\n<p>Life On Display<\/p>\n<p>prihajajo iz Zasavja in igrajo metal! Na sceni so \u0161tiri leta in do zdaj so izdali EP z naslovom Souls on the Edge. Za svoje poslu\u0161alce upajo, da se ga vedno znova &#8220;raztrgajo&#8221; z njimi. &#8220;Se vidimo v moshu!&#8221;<\/p>\n<p><a href=\"https:\/\/www.facebook.com\/profile.php?id=100036468947124&amp;__cft__%5b0%5d=AZWncBkmn8p71Xe3J7pfGK89tTS9Ov7dtKjfKigYRM91xbufl8rF272T1wKWJa97tLu5rS7zEQn2XA9G5XU9Q-6-k7z9G2nWLzdlPpIrjUybZwz-sMc7y_2N0X70vpEowcjCcw7AqYiQqP8WOmdGOjr5h4JMxqlY31y4tzCzrQr87g&amp;__tn__=q\"><strong>https:\/\/www.facebook.com\/profile.php?id=100036468947124<\/strong><\/a><br \/>\n<a href=\"https:\/\/www.youtube.com\/watch?v=7tqhGw_JAxE&amp;fbclid=IwZXh0bgNhZW0CMTAAAR3vAAyoMwQCE9W1DGkmWF-9m53fuhm-gFgTZKipsYugw3d_FQc5wxiGeXo_aem_FiQh7JOkqidrYHyl6gFX6w\">https:\/\/www.youtube.com\/watch?v=7tqhGw_JAxE<\/a><br \/>\n<a href=\"https:\/\/www.youtube.com\/watch?v=2pVKNsDxqTU&amp;fbclid=IwZXh0bgNhZW0CMTAAAR30MW8npLG16Ag-uXnRKQikAszRjeZogUtqFLFymJlflyXcNUWNvyCFYm4_aem_aU4aq5Ok9OIlCzMtwjYciA\">https:\/\/www.youtube.com\/watch?v=2pVKNsDxqTU<\/a><\/p>\n<p>&nbsp;<\/p>","protected":false},"excerpt":{"rendered":"<p>From Ashes so obalna metal skupina. Razli\u010dne glasbene zvrsti naj se ne bi zlivale. Ali pa\u010d? From Ashes \u017eelijo, da se. V ta namen so Iztok Bajc, Erik Filip\u010di\u010d, Igor Marasovi\u010d, Radislav Mari\u010d in Bojan Sinkovi\u0107 januarja 2014 odlo\u010dili ustvarjati glasbo iz nule. No, ne ravno iz nule temve\u010d &#8230; iz pepela. Njihova glasbena raznolikost [&hellip;]<\/p>","protected":false},"author":11,"featured_media":74759,"template":"","meta":{"_seopress_robots_primary_cat":"none","_seopress_titles_title":"","_seopress_titles_desc":"","_seopress_robots_index":""},"product_brand":[],"product_cat":[230],"product_tag":[222],"class_list":{"0":"post-74758","1":"product","2":"type-product","3":"status-publish","4":"has-post-thumbnail","6":"product_cat-arhiv","7":"product_tag-predprodaja","9":"entry","10":"has-media","12":"first","13":"instock","14":"virtual","15":"taxable","16":"product-type-simple","17":"has-product-nav","18":"col","19":"span_1_of_4","20":"owp-content-center","21":"item-entry","22":"owp-thumbs-layout-horizontal","23":"owp-btn-normal","24":"owp-tabs-layout-section","25":"has-no-thumbnails"},"publishpress_future_action":{"enabled":false,"date":"2026-04-29 13:52:39","action":"change-status","newStatus":"draft","terms":[],"taxonomy":"product_cat","extraData":[]},"publishpress_future_workflow_manual_trigger":{"enabledWorkflows":[]},"_links":{"self":[{"href":"https:\/\/www.orto-bar.com\/en\/wp-json\/wp\/v2\/product\/74758","targetHints":{"allow":["GET"]}}],"collection":[{"href":"https:\/\/www.orto-bar.com\/en\/wp-json\/wp\/v2\/product"}],"about":[{"href":"https:\/\/www.orto-bar.com\/en\/wp-json\/wp\/v2\/types\/product"}],"author":[{"embeddable":true,"href":"https:\/\/www.orto-bar.com\/en\/wp-json\/wp\/v2\/users\/11"}],"version-history":[{"count":0,"href":"https:\/\/www.orto-bar.com\/en\/wp-json\/wp\/v2\/product\/74758\/revisions"}],"wp:featuredmedia":[{"embeddable":true,"href":"https:\/\/www.orto-bar.com\/en\/wp-json\/wp\/v2\/media\/74759"}],"wp:attachment":[{"href":"https:\/\/www.orto-bar.com\/en\/wp-json\/wp\/v2\/media?parent=74758"}],"wp:term":[{"taxonomy":"product_brand","embeddable":true,"href":"https:\/\/www.orto-bar.com\/en\/wp-json\/wp\/v2\/product_brand?post=74758"},{"taxonomy":"product_cat","embeddable":true,"href":"https:\/\/www.orto-bar.com\/en\/wp-json\/wp\/v2\/product_cat?post=74758"},{"taxonomy":"product_tag","embeddable":true,"href":"https:\/\/www.orto-bar.com\/en\/wp-json\/wp\/v2\/product_tag?post=74758"}],"curies":[{"name":"wp","href":"https:\/\/api.w.org\/{rel}","templated":true}]}}