{"id":74801,"date":"2024-08-23T21:45:36","date_gmt":"2024-08-23T19:45:36","guid":{"rendered":"https:\/\/www.orto-bar.com\/?post_type=product&#038;p=74801"},"modified":"2024-10-18T12:15:38","modified_gmt":"2024-10-18T10:15:38","slug":"bolesna-stenad-mojstri-pasivne-agresije","status":"publish","type":"product","link":"https:\/\/www.orto-bar.com\/en\/dogodki\/arhiv\/bolesna-stenad-mojstri-pasivne-agresije\/","title":{"rendered":"Bolesna \u0160tenad, Mojstri Pasivne Agresije"},"content":{"rendered":"<p>BOLESTNA \u0160TENAD je bend, ki u\u017eiva status brezkompromisno neprofesionalnih rok herojev v Srbiji in drugod po Balkanu. Krasi ga trda glasba in eksplicitna besedila z direktnimi sporo\u010dili, s katerimi se lahko poistoveti vsak poslu\u0161alec. Na svojih nastopih vas fantje vodijo od heavy metala do funka in ustvarjajo konfuzijo, ki jo lahko razumete samo, \u010de se na njihovem nastopu blago napijete. Ustvarili so \u017ee tri studijske albume z avtorsko glasbo: Lo\u0161e, lo\u0161e, Desi\u0107e se lepe stvari ter Gde su te manekenke gde je taj kokain. V pripravi pa je \u010detrti album, katerega naziv \u0161e ni poznan.<br \/>\n_______________________________<\/p>\n<p>MOJSTRI PASIVNE AGRESIJE je rock zasedba iz Zgornje Savinjske doline. Zase pravijo, da so kljub kratki skupni poti nanizali \u017ee nekaj zanimivih dejstev. Njihov singel in videospot &#8216;Za menoj&#8217; se je do nedavnega redno predvajal na oddaji Videotrak, bili so med zmagovalci nate\u010daja Radio SI Standouts 2021, ter v zadnjem letu nastopili na precej atraktivnih prizori\u0161\u010dih &#8211; pred delavskim domom v Trbovljah, na \u0160tuku v Mariboru, na festivalu Pank u modi v Beogradu ter nazadnje na prireditvi Break the silence v Celju. Fantje se spogledujejo se predvsem z rokovsko enostavnostjo in punkovsko iskrenostjo. V tem letu poleg igranja v \u017eivo pripravljajo svoj prvi album!<\/p>\n<p>&nbsp;<\/p>","protected":false},"excerpt":{"rendered":"<p>BOLESTNA \u0160TENAD je bend, ki u\u017eiva status brezkompromisno neprofesionalnih rok herojev v Srbiji in drugod po Balkanu. Krasi ga trda glasba in eksplicitna besedila z direktnimi sporo\u010dili, s katerimi se lahko poistoveti vsak poslu\u0161alec. Na svojih nastopih vas fantje vodijo od heavy metala do funka in ustvarjajo konfuzijo, ki jo lahko razumete samo, \u010de se [&hellip;]<\/p>","protected":false},"author":11,"featured_media":74802,"template":"","meta":{"_seopress_robots_primary_cat":"none","_seopress_titles_title":"","_seopress_titles_desc":"","_seopress_robots_index":""},"product_brand":[],"product_cat":[230],"product_tag":[222],"class_list":{"0":"post-74801","1":"product","2":"type-product","3":"status-publish","4":"has-post-thumbnail","6":"product_cat-arhiv","7":"product_tag-predprodaja","9":"entry","10":"has-media","12":"first","13":"instock","14":"virtual","15":"taxable","16":"product-type-simple","17":"has-product-nav","18":"col","19":"span_1_of_4","20":"owp-content-center","21":"item-entry","22":"owp-thumbs-layout-horizontal","23":"owp-btn-normal","24":"owp-tabs-layout-section","25":"has-no-thumbnails"},"publishpress_future_action":{"enabled":false,"date":"2026-05-10 06:03:20","action":"change-status","newStatus":"draft","terms":[],"taxonomy":"product_cat","extraData":[]},"publishpress_future_workflow_manual_trigger":{"enabledWorkflows":[]},"_links":{"self":[{"href":"https:\/\/www.orto-bar.com\/en\/wp-json\/wp\/v2\/product\/74801","targetHints":{"allow":["GET"]}}],"collection":[{"href":"https:\/\/www.orto-bar.com\/en\/wp-json\/wp\/v2\/product"}],"about":[{"href":"https:\/\/www.orto-bar.com\/en\/wp-json\/wp\/v2\/types\/product"}],"author":[{"embeddable":true,"href":"https:\/\/www.orto-bar.com\/en\/wp-json\/wp\/v2\/users\/11"}],"version-history":[{"count":0,"href":"https:\/\/www.orto-bar.com\/en\/wp-json\/wp\/v2\/product\/74801\/revisions"}],"wp:featuredmedia":[{"embeddable":true,"href":"https:\/\/www.orto-bar.com\/en\/wp-json\/wp\/v2\/media\/74802"}],"wp:attachment":[{"href":"https:\/\/www.orto-bar.com\/en\/wp-json\/wp\/v2\/media?parent=74801"}],"wp:term":[{"taxonomy":"product_brand","embeddable":true,"href":"https:\/\/www.orto-bar.com\/en\/wp-json\/wp\/v2\/product_brand?post=74801"},{"taxonomy":"product_cat","embeddable":true,"href":"https:\/\/www.orto-bar.com\/en\/wp-json\/wp\/v2\/product_cat?post=74801"},{"taxonomy":"product_tag","embeddable":true,"href":"https:\/\/www.orto-bar.com\/en\/wp-json\/wp\/v2\/product_tag?post=74801"}],"curies":[{"name":"wp","href":"https:\/\/api.w.org\/{rel}","templated":true}]}}