{"id":74842,"date":"2024-08-26T13:36:14","date_gmt":"2024-08-26T11:36:14","guid":{"rendered":"https:\/\/www.orto-bar.com\/?post_type=product&#038;p=74842"},"modified":"2024-09-15T14:40:20","modified_gmt":"2024-09-15T12:40:20","slug":"andry","status":"publish","type":"product","link":"https:\/\/www.orto-bar.com\/en\/dogodki\/arhiv\/andry\/","title":{"rendered":"Andry"},"content":{"rendered":"<p><strong>Andry je izvrstna\u00a0 vokalista in ena najbolj\u0161ih predstavnic \u017eenskega melodi\u010dnega metala.<\/strong><\/p>\n<p>\u201cThose vocals are just incredibly strong\u2026 A special one, for sure.\u201d<br \/>\nRock Queen Reviews<br \/>\n\u201cFast paced dominant vocal sound that will never grow old in your ears.\u201d<br \/>\nElectric Music Magazine<br \/>\n\u201cSkies is a pedal-to-the-metal banger with eyes on massive, fist-pumping sing-alongs<br \/>\n&#8211; and who are we to deny her?\u201d<br \/>\nLouder Sound<br \/>\n\u201cAndry pays homage to the heavy metal legends while boldly carving out her own<br \/>\nunique path.\u201d<br \/>\nFemal Fronted Power<br \/>\n\u201cAndry\u2019s vocals are very captivating, and they make it really what the listener should<br \/>\nbe paying attention to. Not to mention Andry\u2019s vocals go beyond just range in pitch but<br \/>\nthe ability to sing in some methods that not many can such as vibrato.\u201d<br \/>\nNew Noise Magazine<br \/>\n\u201cSkies is more than a solid starting point, so if you\u2019re a fan of the icons that shaped the<br \/>\nhistory of melodic metal, you\u2019ll definitely enjoy it.\u201d<br \/>\nPlotn08<br \/>\n\u201cSkies is a beautiful and uplifting experience. I\u2019ve found a new artist to love! One that<br \/>\ncan go anywhere<\/p>\n<p>Link to the Album:<\/p>\n<p><a href=\"https:\/\/orcd.co\/andryskies\">https:\/\/orcd.co\/andryskies<\/a><\/p>\n<p>&nbsp;<\/p>\n<p>Hit song Skies:<\/p>\n<p><a href=\"https:\/\/youtu.be\/qLGwbCNaldw?si=zVJmaFwx1U1ia4gc\">https:\/\/youtu.be\/qLGwbCNaldw?si=zVJmaFwx1U1ia4gc<\/a><\/p>\n<p>&nbsp;<\/p>\n<p>The latest video, Black Hole:<\/p>\n<p><a href=\"https:\/\/youtu.be\/occwmbMC5PE?si=pU0gSgV2ScQ4UaZe\">https:\/\/youtu.be\/occwmbMC5PE?si=pU0gSgV2ScQ4UaZe<\/a><\/p>\n<p>&nbsp;<\/p>\n<p>Live video Mistress of the Night:<\/p>\n<p><a href=\"https:\/\/youtu.be\/UH0D9qdGanM?si=ydtuWEvnO-kglnXZ\">https:\/\/youtu.be\/UH0D9qdGanM?si=ydtuWEvnO-kglnXZ<\/a><\/p>\n<p>&nbsp;<\/p>\n<p>A recent press release<\/p>\n<p><a href=\"https:\/\/www.raquelfiglo.com\/so\/37OuI1nIZ?languageTag=en&amp;cid=0490f49b-fad3-43da-98f5-f4442c4ffe10\">https:\/\/www.raquelfiglo.com\/so\/37OuI1nIZ?languageTag=en&amp;cid=0490f49b-fad3-43da-98f5-f4442c4ffe10<\/a><\/p>\n<p>&nbsp;<\/p>\n<p>&nbsp;<\/p>\n<p>Instagram with 60k plus followers:<\/p>\n<p><a href=\"https:\/\/www.instagram.com\/andrybluesmetalqueen\/\">https:\/\/www.instagram.com\/andrybluesmetalqueen\/<\/a><\/p>\n<p>&nbsp;<\/p>","protected":false},"excerpt":{"rendered":"<p>Andry je izvrstna\u00a0 vokalista in ena najbolj\u0161ih predstavnic \u017eenskega melodi\u010dnega metala. \u201cThose vocals are just incredibly strong\u2026 A special one, for sure.\u201d Rock Queen Reviews \u201cFast paced dominant vocal sound that will never grow old in your ears.\u201d Electric Music Magazine \u201cSkies is a pedal-to-the-metal banger with eyes on massive, fist-pumping sing-alongs &#8211; and who [&hellip;]<\/p>","protected":false},"author":11,"featured_media":74843,"template":"","meta":{"_seopress_robots_primary_cat":"none","_seopress_titles_title":"","_seopress_titles_desc":"","_seopress_robots_index":""},"product_brand":[],"product_cat":[230],"product_tag":[222],"class_list":{"0":"post-74842","1":"product","2":"type-product","3":"status-publish","4":"has-post-thumbnail","6":"product_cat-arhiv","7":"product_tag-predprodaja","9":"entry","10":"has-media","12":"first","13":"instock","14":"virtual","15":"taxable","16":"product-type-simple","17":"has-product-nav","18":"col","19":"span_1_of_4","20":"owp-content-center","21":"item-entry","22":"owp-thumbs-layout-horizontal","23":"owp-btn-normal","24":"owp-tabs-layout-section","25":"has-no-thumbnails"},"publishpress_future_action":{"enabled":false,"date":"2026-04-27 05:47:40","action":"change-status","newStatus":"draft","terms":[],"taxonomy":"product_cat","extraData":[]},"publishpress_future_workflow_manual_trigger":{"enabledWorkflows":[]},"_links":{"self":[{"href":"https:\/\/www.orto-bar.com\/en\/wp-json\/wp\/v2\/product\/74842","targetHints":{"allow":["GET"]}}],"collection":[{"href":"https:\/\/www.orto-bar.com\/en\/wp-json\/wp\/v2\/product"}],"about":[{"href":"https:\/\/www.orto-bar.com\/en\/wp-json\/wp\/v2\/types\/product"}],"author":[{"embeddable":true,"href":"https:\/\/www.orto-bar.com\/en\/wp-json\/wp\/v2\/users\/11"}],"version-history":[{"count":0,"href":"https:\/\/www.orto-bar.com\/en\/wp-json\/wp\/v2\/product\/74842\/revisions"}],"wp:featuredmedia":[{"embeddable":true,"href":"https:\/\/www.orto-bar.com\/en\/wp-json\/wp\/v2\/media\/74843"}],"wp:attachment":[{"href":"https:\/\/www.orto-bar.com\/en\/wp-json\/wp\/v2\/media?parent=74842"}],"wp:term":[{"taxonomy":"product_brand","embeddable":true,"href":"https:\/\/www.orto-bar.com\/en\/wp-json\/wp\/v2\/product_brand?post=74842"},{"taxonomy":"product_cat","embeddable":true,"href":"https:\/\/www.orto-bar.com\/en\/wp-json\/wp\/v2\/product_cat?post=74842"},{"taxonomy":"product_tag","embeddable":true,"href":"https:\/\/www.orto-bar.com\/en\/wp-json\/wp\/v2\/product_tag?post=74842"}],"curies":[{"name":"wp","href":"https:\/\/api.w.org\/{rel}","templated":true}]}}