{"id":74845,"date":"2024-08-26T13:51:32","date_gmt":"2024-08-26T11:51:32","guid":{"rendered":"https:\/\/www.orto-bar.com\/?post_type=product&#038;p=74845"},"modified":"2024-10-24T09:44:00","modified_gmt":"2024-10-24T07:44:00","slug":"smetnaki","status":"publish","type":"product","link":"https:\/\/www.orto-bar.com\/en\/dogodki\/arhiv\/smetnaki\/","title":{"rendered":"Smetnaki"},"content":{"rendered":"<p>&nbsp;<\/p>\n<p><strong><span style=\"font-family: 'Calibri',sans-serif;\">Release prvenca Smetnakov \u2013 Dost dobre plate. A je treba povedat \u0161e kej ve\u010d kot to? Retori\u010dno vpra\u0161anje.\u00a0<\/span><\/strong><\/p>\n<p><strong><span style=\"font-family: 'Calibri',sans-serif;\">Aja, ker nismo dost dobri, smo zrihtal \u0161e Majmunska posla.<\/span><\/strong><\/p>\n<p><strong><span style=\"font-family: 'Calibri',sans-serif;\">Lp, Smetnaki<\/span><\/strong><\/p>\n<p><strong><span style=\"font-family: 'Calibri',sans-serif;\">Cene kart:<\/span><\/strong><\/p>\n<p><strong><span style=\"font-family: 'Calibri',sans-serif;\">\u2013 7 eur (razprodano)<\/span><\/strong><\/p>\n<p><strong><span style=\"font-family: 'Calibri',sans-serif;\">\u2013 9 eur (razprodano)<\/span><\/strong><\/p>\n<p><strong><span style=\"font-family: 'Calibri',sans-serif;\">\u2013 12 eur (101-200)<\/span><\/strong><\/p>\n<p><strong><span style=\"font-family: 'Calibri',sans-serif;\">\u2013 15 eur (201-400)<\/span><\/strong><\/p>\n<p><strong><span style=\"font-family: 'Calibri',sans-serif;\">\u2013 dan dogodka: 18 eur<\/span><\/strong><\/p>\n<p>&nbsp;<\/p>","protected":false},"excerpt":{"rendered":"<p>&nbsp; Release prvenca Smetnakov \u2013 Dost dobre plate. A je treba povedat \u0161e kej ve\u010d kot to? Retori\u010dno vpra\u0161anje.\u00a0 Aja, ker nismo dost dobri, smo zrihtal \u0161e Majmunska posla. Lp, Smetnaki Cene kart: \u2013 7 eur (razprodano) \u2013 9 eur (razprodano) \u2013 12 eur (101-200) \u2013 15 eur (201-400) \u2013 dan dogodka: 18 eur &nbsp;<\/p>","protected":false},"author":11,"featured_media":78684,"template":"","meta":{"_seopress_robots_primary_cat":"none","_seopress_titles_title":"","_seopress_titles_desc":"","_seopress_robots_index":""},"product_brand":[],"product_cat":[230],"product_tag":[222],"class_list":{"0":"post-74845","1":"product","2":"type-product","3":"status-publish","4":"has-post-thumbnail","6":"product_cat-arhiv","7":"product_tag-predprodaja","9":"entry","10":"has-media","12":"first","13":"instock","14":"virtual","15":"taxable","16":"product-type-simple","17":"has-product-nav","18":"col","19":"span_1_of_4","20":"owp-content-center","21":"item-entry","22":"owp-thumbs-layout-horizontal","23":"owp-btn-normal","24":"owp-tabs-layout-section","25":"has-no-thumbnails"},"publishpress_future_action":{"enabled":false,"date":"2026-05-10 06:04:54","action":"change-status","newStatus":"draft","terms":[],"taxonomy":"product_cat","extraData":[]},"publishpress_future_workflow_manual_trigger":{"enabledWorkflows":[]},"_links":{"self":[{"href":"https:\/\/www.orto-bar.com\/en\/wp-json\/wp\/v2\/product\/74845","targetHints":{"allow":["GET"]}}],"collection":[{"href":"https:\/\/www.orto-bar.com\/en\/wp-json\/wp\/v2\/product"}],"about":[{"href":"https:\/\/www.orto-bar.com\/en\/wp-json\/wp\/v2\/types\/product"}],"author":[{"embeddable":true,"href":"https:\/\/www.orto-bar.com\/en\/wp-json\/wp\/v2\/users\/11"}],"version-history":[{"count":0,"href":"https:\/\/www.orto-bar.com\/en\/wp-json\/wp\/v2\/product\/74845\/revisions"}],"wp:featuredmedia":[{"embeddable":true,"href":"https:\/\/www.orto-bar.com\/en\/wp-json\/wp\/v2\/media\/78684"}],"wp:attachment":[{"href":"https:\/\/www.orto-bar.com\/en\/wp-json\/wp\/v2\/media?parent=74845"}],"wp:term":[{"taxonomy":"product_brand","embeddable":true,"href":"https:\/\/www.orto-bar.com\/en\/wp-json\/wp\/v2\/product_brand?post=74845"},{"taxonomy":"product_cat","embeddable":true,"href":"https:\/\/www.orto-bar.com\/en\/wp-json\/wp\/v2\/product_cat?post=74845"},{"taxonomy":"product_tag","embeddable":true,"href":"https:\/\/www.orto-bar.com\/en\/wp-json\/wp\/v2\/product_tag?post=74845"}],"curies":[{"name":"wp","href":"https:\/\/api.w.org\/{rel}","templated":true}]}}