{"id":75029,"date":"2024-08-31T16:46:47","date_gmt":"2024-08-31T14:46:47","guid":{"rendered":"https:\/\/www.orto-bar.com\/?post_type=product&#038;p=75029"},"modified":"2024-08-31T16:53:41","modified_gmt":"2024-08-31T14:53:41","slug":"ellende-groza-servant","status":"publish","type":"product","link":"https:\/\/www.orto-bar.com\/en\/dogodki\/arhiv\/ellende-groza-servant\/","title":{"rendered":"Ellende, Groza, Servant"},"content":{"rendered":"<p>Vstopnice \u017ee v predprodaji preko On-Parole. 25 evrov v predprodaji, 29 na dan koncerta!<br \/>\n<a href=\"https:\/\/qr.page\/g\/hIGocR2Sgi\">https:\/\/qr.page\/g\/hIGocR2Sgi<\/a><\/p>\n<p>Tickets already through On-Parole! 25 euro in presale, 29 euro at doors!<br \/>\n<a href=\"https:\/\/qr.page\/g\/2t54C2LYKN3\">https:\/\/qr.page\/g\/2t54C2LYKN3<\/a><\/p>\n<p>Join Dirty Skunks black metal mailing list: http:\/\/eepurl.com\/bCW5NH<\/p>\n<p>Tokratna \u010drna nedeljska ma\u0161a bo gostila tri mlaj\u0161e evropske black metal skupine:<br \/>\navtrijske Ellende in nem\u0161ke Groza in Servant!<\/p>\n<p>ELLENDE:<br \/>\n&#8220;As promised we will do one tour in 2024 and with &#8220;Scherben Tour&#8221; our longest up to date is being announced. We&#8217;ll visit many cities and venues never played before and we&#8217;re happy to have our friends in Groza supporting as well as Servant opening.&#8221;<\/p>\n<p>GROZA:<br \/>\n&#8220;We are excited to announce our next tour. We will bring the storm all over Europe in October 2024 in company of our comrades in Ellende and Servant. This tour will be in support of new yet unannounced music, to also be unveiled in 2024. Join us.<br \/>\nOnwards!&#8221;<\/p>\n<p>ELLENDE<br \/>\n<a href=\"https:\/\/www.facebook.com\/ellende.official\">https:\/\/www.facebook.com\/ellende.official<\/a><br \/>\n<a href=\"https:\/\/www.youtube.com\/watch?v=oPkPqRyc6zs\">https:\/\/www.youtube.com\/watch?v=oPkPqRyc6zs<\/a><\/p>\n<p>GROZA<br \/>\n<a href=\"https:\/\/www.facebook.com\/grozaband\">https:\/\/www.facebook.com\/grozaband<\/a><br \/>\n<a href=\"https:\/\/www.youtube.com\/watch?v=ibjM5RTF9d0\">https:\/\/www.youtube.com\/watch?v=ibjM5RTF9d0<\/a><\/p>\n<p>SERVANT<br \/>\n<a href=\"https:\/\/www.facebook.com\/ServantMagick\">https:\/\/www.facebook.com\/ServantMagick<\/a><br \/>\n<a href=\"https:\/\/www.youtube.com\/watch?v=-5W5JZl6c1Y\">https:\/\/www.youtube.com\/watch?v=-5W5JZl6c1Y<\/a><\/p>\n<p>&nbsp;<\/p>\n<p>&nbsp;<\/p>\n<p>&nbsp;<\/p>","protected":false},"excerpt":{"rendered":"<p>Vstopnice \u017ee v predprodaji preko On-Parole. 25 evrov v predprodaji, 29 na dan koncerta! https:\/\/qr.page\/g\/hIGocR2Sgi Tickets already through On-Parole! 25 euro in presale, 29 euro at doors! https:\/\/qr.page\/g\/2t54C2LYKN3 Join Dirty Skunks black metal mailing list: http:\/\/eepurl.com\/bCW5NH Tokratna \u010drna nedeljska ma\u0161a bo gostila tri mlaj\u0161e evropske black metal skupine: avtrijske Ellende in nem\u0161ke Groza in Servant! [&hellip;]<\/p>","protected":false},"author":11,"featured_media":75030,"template":"","meta":{"_seopress_robots_primary_cat":"none","_seopress_titles_title":"","_seopress_titles_desc":"","_seopress_robots_index":""},"product_brand":[],"product_cat":[230],"product_tag":[222],"class_list":{"0":"post-75029","1":"product","2":"type-product","3":"status-publish","4":"has-post-thumbnail","6":"product_cat-arhiv","7":"product_tag-predprodaja","9":"entry","10":"has-media","12":"first","13":"instock","14":"virtual","15":"taxable","16":"product-type-simple","17":"has-product-nav","18":"col","19":"span_1_of_4","20":"owp-content-center","21":"item-entry","22":"owp-thumbs-layout-horizontal","23":"owp-btn-normal","24":"owp-tabs-layout-section","25":"has-no-thumbnails"},"publishpress_future_action":{"enabled":false,"date":"2026-05-10 06:00:50","action":"change-status","newStatus":"draft","terms":[],"taxonomy":"product_cat","extraData":[]},"publishpress_future_workflow_manual_trigger":{"enabledWorkflows":[]},"_links":{"self":[{"href":"https:\/\/www.orto-bar.com\/en\/wp-json\/wp\/v2\/product\/75029","targetHints":{"allow":["GET"]}}],"collection":[{"href":"https:\/\/www.orto-bar.com\/en\/wp-json\/wp\/v2\/product"}],"about":[{"href":"https:\/\/www.orto-bar.com\/en\/wp-json\/wp\/v2\/types\/product"}],"author":[{"embeddable":true,"href":"https:\/\/www.orto-bar.com\/en\/wp-json\/wp\/v2\/users\/11"}],"version-history":[{"count":0,"href":"https:\/\/www.orto-bar.com\/en\/wp-json\/wp\/v2\/product\/75029\/revisions"}],"wp:featuredmedia":[{"embeddable":true,"href":"https:\/\/www.orto-bar.com\/en\/wp-json\/wp\/v2\/media\/75030"}],"wp:attachment":[{"href":"https:\/\/www.orto-bar.com\/en\/wp-json\/wp\/v2\/media?parent=75029"}],"wp:term":[{"taxonomy":"product_brand","embeddable":true,"href":"https:\/\/www.orto-bar.com\/en\/wp-json\/wp\/v2\/product_brand?post=75029"},{"taxonomy":"product_cat","embeddable":true,"href":"https:\/\/www.orto-bar.com\/en\/wp-json\/wp\/v2\/product_cat?post=75029"},{"taxonomy":"product_tag","embeddable":true,"href":"https:\/\/www.orto-bar.com\/en\/wp-json\/wp\/v2\/product_tag?post=75029"}],"curies":[{"name":"wp","href":"https:\/\/api.w.org\/{rel}","templated":true}]}}