{"id":75185,"date":"2024-09-03T14:57:28","date_gmt":"2024-09-03T12:57:28","guid":{"rendered":"https:\/\/www.orto-bar.com\/?post_type=product&#038;p=75185"},"modified":"2024-10-10T20:42:30","modified_gmt":"2024-10-10T18:42:30","slug":"vazz-zakljucek-turneje-psiha","status":"publish","type":"product","link":"https:\/\/www.orto-bar.com\/en\/dogodki\/arhiv\/vazz-zakljucek-turneje-psiha\/","title":{"rendered":"VAZZ: zaklju\u010dek turneje PSIHA"},"content":{"rendered":"<p>&nbsp;<\/p>\n<p>10.oktobra se dobimo na zaklju\u010dku turneje v Orti\u010du.<\/p>\n<p>\u010clani benda, basist Peter Smrdel, bobnar \u017diga Smrdel in kitarist Filip Vadnu vas bodo z Markom J. Cavazzo na \u010delu, popeljali na nepozabno potovanje po neraziskanih, organskih zvo\u010dnih pokrajinah.<\/p>\n<p>Ljubljana podtalno:\u00a0<a href=\"https:\/\/www.youtube.com\/watch?v=Iw-QZjQMCFU\">https:\/\/www.youtube.com\/watch?v=Iw-QZjQMCFU<\/a><\/p>\n<p>Poleg starih hiti\u010dev, pri\u010dakujte 10 novih skladb in paleto glasbenih do\u017eivetij &#8211; od uli\u010dnih himn do \u010dustvenih balad, od instrumentalnih rock pokalic do hipnoti\u010dnih psihedeli\u010dnih groove-ov.<\/p>\n<p>Navaden dan:\u00a0<a href=\"https:\/\/youtu.be\/0SmaifAUgpY?si=MMhOxwRmppTdXu9h\">https:\/\/youtu.be\/0SmaifAUgpY?si=MMhOxwRmppTdXu9h<\/a><\/p>\n<p><strong>Early bird (omejeno \u0161tevilo) cena 18\u20ac<\/strong><\/p>","protected":false},"excerpt":{"rendered":"<p>&nbsp; 10.oktobra se dobimo na zaklju\u010dku turneje v Orti\u010du. \u010clani benda, basist Peter Smrdel, bobnar \u017diga Smrdel in kitarist Filip Vadnu vas bodo z Markom J. Cavazzo na \u010delu, popeljali na nepozabno potovanje po neraziskanih, organskih zvo\u010dnih pokrajinah. Ljubljana podtalno:\u00a0https:\/\/www.youtube.com\/watch?v=Iw-QZjQMCFU Poleg starih hiti\u010dev, pri\u010dakujte 10 novih skladb in paleto glasbenih do\u017eivetij &#8211; od uli\u010dnih himn [&hellip;]<\/p>","protected":false},"author":11,"featured_media":75186,"template":"","meta":{"_seopress_robots_primary_cat":"none","_seopress_titles_title":"","_seopress_titles_desc":"","_seopress_robots_index":""},"product_brand":[],"product_cat":[230],"product_tag":[222],"class_list":{"0":"post-75185","1":"product","2":"type-product","3":"status-publish","4":"has-post-thumbnail","6":"product_cat-arhiv","7":"product_tag-predprodaja","9":"entry","10":"has-media","12":"first","13":"instock","14":"virtual","15":"taxable","16":"product-type-simple","17":"has-product-nav","18":"col","19":"span_1_of_4","20":"owp-content-center","21":"item-entry","22":"owp-thumbs-layout-horizontal","23":"owp-btn-normal","24":"owp-tabs-layout-section","25":"has-no-thumbnails"},"publishpress_future_action":{"enabled":false,"date":"2026-05-10 04:59:20","action":"change-status","newStatus":"draft","terms":[],"taxonomy":"product_cat","extraData":[]},"publishpress_future_workflow_manual_trigger":{"enabledWorkflows":[]},"_links":{"self":[{"href":"https:\/\/www.orto-bar.com\/en\/wp-json\/wp\/v2\/product\/75185","targetHints":{"allow":["GET"]}}],"collection":[{"href":"https:\/\/www.orto-bar.com\/en\/wp-json\/wp\/v2\/product"}],"about":[{"href":"https:\/\/www.orto-bar.com\/en\/wp-json\/wp\/v2\/types\/product"}],"author":[{"embeddable":true,"href":"https:\/\/www.orto-bar.com\/en\/wp-json\/wp\/v2\/users\/11"}],"version-history":[{"count":0,"href":"https:\/\/www.orto-bar.com\/en\/wp-json\/wp\/v2\/product\/75185\/revisions"}],"wp:featuredmedia":[{"embeddable":true,"href":"https:\/\/www.orto-bar.com\/en\/wp-json\/wp\/v2\/media\/75186"}],"wp:attachment":[{"href":"https:\/\/www.orto-bar.com\/en\/wp-json\/wp\/v2\/media?parent=75185"}],"wp:term":[{"taxonomy":"product_brand","embeddable":true,"href":"https:\/\/www.orto-bar.com\/en\/wp-json\/wp\/v2\/product_brand?post=75185"},{"taxonomy":"product_cat","embeddable":true,"href":"https:\/\/www.orto-bar.com\/en\/wp-json\/wp\/v2\/product_cat?post=75185"},{"taxonomy":"product_tag","embeddable":true,"href":"https:\/\/www.orto-bar.com\/en\/wp-json\/wp\/v2\/product_tag?post=75185"}],"curies":[{"name":"wp","href":"https:\/\/api.w.org\/{rel}","templated":true}]}}