{"id":75330,"date":"2024-09-04T11:09:12","date_gmt":"2024-09-04T09:09:12","guid":{"rendered":"https:\/\/www.orto-bar.com\/?post_type=product&#038;p=75330"},"modified":"2024-12-19T16:36:56","modified_gmt":"2024-12-19T15:36:56","slug":"guni-samuel-blues","status":"publish","type":"product","link":"https:\/\/www.orto-bar.com\/en\/dogodki\/arhiv\/guni-samuel-blues\/","title":{"rendered":"Guni, Samuel Blues"},"content":{"rendered":"<p>&nbsp;<\/p>\n<p><strong>GUNI SMO:<\/strong><\/p>\n<p>&nbsp;<\/p>\n<p>GREGOR VIDMAR \u2013 harmonika, vokal<\/p>\n<p>\u010clan, ki poskrbi za obo\u017eevalke iz ruralnih predelov na\u0161e domovine. Kam izgine po \u0161pilih na vaseh, je neznanka. Rad ima dobro kapljico.<\/p>\n<p>&nbsp;<\/p>\n<p>MATEJ JERMAN \u2013 bas kitara<\/p>\n<p>Predsednik sekcije za padce, premaze, narezke, tatarski biftek in ko\u0161arko. Kot mnogi, je tudi on priseljen k nam. Na dobri poti, da postane \u00bbta prav Jeseni\u010dan\u00ab. Rad ima dobro kapljico.<\/p>\n<p>MIRKO BUDIMIR \u2013 tonski mojster<\/p>\n<p>Kot govori neka pesem o njem: Bog za ozvo\u010denje in lu\u010di. Na vajah nekoliko preglasen, govori veliko, vendar artikulirano. Rad ima dobro kapljico.<\/p>\n<p>&nbsp;<\/p>\n<p>AN\u017dE KOKO\u0160INEK \u2013 ritem kitara<\/p>\n<p>Zdravstvena oskrba, varnost in Sta\u0161 so pri njem na prvem mestu v skupini. Nejevoljen, \u010de kdo pride nepripravljen na vajo. Najmo\u010dnej\u0161i v skupini. To tudi izkori\u0161\u010da. Rad ima dobro kapljico.<\/p>\n<p>&nbsp;<\/p>\n<p>BLA\u017dKA UDIR \u2013 vokal<\/p>\n<p>\u010ce ni kje po svetu, nas razveseljuje z energijo, dobro voljo in odzivnostjo. Skrbi, da stari prdci ne postanejo \u017eivali. Z naskokom najlep\u0161a v na\u0161i skupini. Rada ima dobro kapljico.<\/p>\n<p>&nbsp;<\/p>\n<p>LJUBO KRI\u017dANI\u010c \u2013 vokal<\/p>\n<p>\u010clovek s fotografskim spominom za besedila, predstojnik katedre za mlade v ansamblu. \u010ce ni na vaji, je kje drugje. Vzrok na\u0161ega znanega hita. Rad ima dobro kapljico.<\/p>\n<p>&nbsp;<\/p>\n<p>STA\u0160 HRENI\u010c \u2013 solo kitara, vokal<\/p>\n<p>Mladeni\u010d, ki \u017eivi muziko, preve\u010d razmi\u0161lja in je vedno obkro\u017een z \u017eenskami, predvsem doma. Dobri duh skupine. An\u017eetu z veseljem vra\u010da pozornost. Rad ima dobro kapljico.<\/p>\n<p>&nbsp;<\/p>\n<p>MATIC HERING \u2013 bobni<\/p>\n<p>Idejni vodja projekta, motor skupine, poskrbi za zdravo prehrano in rekreacijo. Ob nedeljah se prepusti naravi. Rad ima dobro kapljico.<\/p>\n<p>&nbsp;<\/p>\n<p>BO\u0160TJAN BIFTI SMUKAVEC \u2013 vokal<\/p>\n<p>Visok, \u010drnolas in postaven je magnet za obo\u017eevalke. Nikoli ni bil v Ljutomeru. \u010clani ansambla mu izkazujejo premalo spo\u0161tovanja pri izbiri sede\u017eev na vajah. Rad ima dobro kapljico.<\/p>\n<p>&nbsp;<\/p>\n<p>Na\u0161a zgodba se je za\u010dela tako, kot se jih je \u017ee veliko. Kon\u010dala se je zgodba v Kevdru in za\u010dela se je nova na Podstre\u0161ju. Matic je rekel mi bomo \u0161e \u0161pilali in res \u0161pilamo. Kupil je bas Jermanu, Kokotu je rekel naj za\u010dne vaditi kitaro (\u0161e vedno \u010dakamo, kdaj bo to\u2026), Sta\u0161a je prepri\u010dal naj pride na vajo, Vidmar je rekel, da bo harmoniko prinesel, Bifti, Ljubo in Bla\u017eka pa so bili tako ali tako za. Seveda je Budo pripomnil, da bo on skrbel za zvok in ostalo je zgodovina.<\/p>\n<p>&nbsp;<\/p>\n<p>Za nami je \u017ee kar nekaj uspe\u0161nih festivalskih kot tudi samostojnih koncertov: Krawal, okusi piva Radovljica, poletje na Stari Savi, Trainstation, akusti\u010dni koncert v gledali\u0161\u010du Toneta \u010cufarja&#8230;.<\/p>\n<p>&nbsp;<\/p>\n<p>Decembra leta 2023 smo izdali prvenec GUNI \u2013 Rde\u010de mesto.<\/p>\n<p>Naj se Vam pesmi vtisnejo v du\u0161o,<\/p>\n<p>Poslu\u0161ajte jih naglas,<\/p>\n<p>Ko bomo dolgo pod ru\u0161o,<\/p>\n<p>Pa se spomnite na nas.<\/p>\n<p>VEDNO NA VA\u0160I STRANI,\u00a0\u00a0\u00a0 GUNI.<\/p>\n<p>GUNI<\/p>\n<p><a href=\"http:\/\/www.guni.si\/\">www.guni.si<\/a><\/p>\n<p><a href=\"https:\/\/open.spotify.com\/artist\/6qWIyM0ONjnSmAKQj5S6s3?si=MIP83ryaTpGqJNR8zPEKLg\">https:\/\/open.spotify.com\/artist\/6qWIyM0ONjnSmAKQj5S6s3?si=MIP83ryaTpGqJNR8zPEKLg<\/a><\/p>\n<p><a href=\"http:\/\/www.facebook.com\/guniband\/\">www.facebook.com\/guniband\/<\/a><\/p>\n<p><a href=\"https:\/\/www.youtube.com\/@guni4102\">https:\/\/www.youtube.com\/@guni4102<\/a><\/p>\n<p><strong>Samuel Blues<\/strong><\/p>\n<p>Samuel Blues je mlad, vsestransko nadarjen umetnik.<br \/>\nGlasbenik ki prihaja iz okolice Jesenic z vokalom in slide kitaro nastopa sam.<br \/>\nPreigrava avtorske pesmi, delta-blues, grunge in te\u017eje ritme.<br \/>\nNa odru ima prezenco, z nogo pa tol\u010de po doma narejenem glasbilu.<br \/>\nSamuel velja za enega najbolj virtuoznih, izvirnih in nadarjenih glasbenikov v mlaj\u0161ih vrstah slovenske glasbene scene.<br \/>\n\u201d\u010ce imate radi surovo in neprekuhano glasbo, je Samuel va\u0161 krvav zrezek\u201d<br \/>\nSamuel Blues: vokal, slide kitara, ritem tolkala<\/p>\n<p>&nbsp;<\/p>\n<p>SAMUEL BLUES<\/p>\n<p><a href=\"https:\/\/samuel13.bandcamp.com\/?fbclid=IwZXh0bgNhZW0CMTAAAR0n5ehFXmtTkZl_QmFqN5jmMbRWUJUCrTWGGlegHQyGCDCFaUtMmePwjas_aem_SI51onSUONlSjyUvh4fnRg\">https:\/\/samuel13.bandcamp.com\/<\/a><\/p>\n<p><a href=\"http:\/\/www.youtube.com\/channel\/UCqHil2FXnT_ncbNGX9oBeFg\">www.youtube.com\/channel\/UCqHil2FXnT_ncbNGX9oBeFg<\/a><\/p>\n<p><a href=\"http:\/\/open.spotify.com\/artist\/1jn2Kq2RYAPFJwlMeH50HH\">open.spotify.com\/artist\/1jn2Kq2RYAPFJwlMeH50HH<\/a><\/p>\n<p><a href=\"mailto:samuel.blues.music@gmail.com\">samuel.blues.music@gmail.com<\/a><\/p>","protected":false},"excerpt":{"rendered":"<p>&nbsp; GUNI SMO: &nbsp; GREGOR VIDMAR \u2013 harmonika, vokal \u010clan, ki poskrbi za obo\u017eevalke iz ruralnih predelov na\u0161e domovine. Kam izgine po \u0161pilih na vaseh, je neznanka. Rad ima dobro kapljico. &nbsp; MATEJ JERMAN \u2013 bas kitara Predsednik sekcije za padce, premaze, narezke, tatarski biftek in ko\u0161arko. Kot mnogi, je tudi on priseljen k nam. [&hellip;]<\/p>","protected":false},"author":11,"featured_media":75331,"template":"","meta":{"_seopress_robots_primary_cat":"none","_seopress_titles_title":"","_seopress_titles_desc":"","_seopress_robots_index":""},"product_brand":[],"product_cat":[230],"product_tag":[222],"class_list":{"0":"post-75330","1":"product","2":"type-product","3":"status-publish","4":"has-post-thumbnail","6":"product_cat-arhiv","7":"product_tag-predprodaja","9":"entry","10":"has-media","12":"first","13":"instock","14":"virtual","15":"taxable","16":"product-type-simple","17":"has-product-nav","18":"col","19":"span_1_of_4","20":"owp-content-center","21":"item-entry","22":"owp-thumbs-layout-horizontal","23":"owp-btn-normal","24":"owp-tabs-layout-section","25":"has-no-thumbnails"},"publishpress_future_action":{"enabled":false,"date":"2026-04-30 15:29:58","action":"change-status","newStatus":"draft","terms":[],"taxonomy":"product_cat","extraData":[]},"publishpress_future_workflow_manual_trigger":{"enabledWorkflows":[]},"_links":{"self":[{"href":"https:\/\/www.orto-bar.com\/en\/wp-json\/wp\/v2\/product\/75330","targetHints":{"allow":["GET"]}}],"collection":[{"href":"https:\/\/www.orto-bar.com\/en\/wp-json\/wp\/v2\/product"}],"about":[{"href":"https:\/\/www.orto-bar.com\/en\/wp-json\/wp\/v2\/types\/product"}],"author":[{"embeddable":true,"href":"https:\/\/www.orto-bar.com\/en\/wp-json\/wp\/v2\/users\/11"}],"version-history":[{"count":0,"href":"https:\/\/www.orto-bar.com\/en\/wp-json\/wp\/v2\/product\/75330\/revisions"}],"wp:featuredmedia":[{"embeddable":true,"href":"https:\/\/www.orto-bar.com\/en\/wp-json\/wp\/v2\/media\/75331"}],"wp:attachment":[{"href":"https:\/\/www.orto-bar.com\/en\/wp-json\/wp\/v2\/media?parent=75330"}],"wp:term":[{"taxonomy":"product_brand","embeddable":true,"href":"https:\/\/www.orto-bar.com\/en\/wp-json\/wp\/v2\/product_brand?post=75330"},{"taxonomy":"product_cat","embeddable":true,"href":"https:\/\/www.orto-bar.com\/en\/wp-json\/wp\/v2\/product_cat?post=75330"},{"taxonomy":"product_tag","embeddable":true,"href":"https:\/\/www.orto-bar.com\/en\/wp-json\/wp\/v2\/product_tag?post=75330"}],"curies":[{"name":"wp","href":"https:\/\/api.w.org\/{rel}","templated":true}]}}