{"id":75864,"date":"2024-09-08T17:59:18","date_gmt":"2024-09-08T15:59:18","guid":{"rendered":"https:\/\/www.orto-bar.com\/?post_type=product&#038;p=75864"},"modified":"2024-09-08T18:06:03","modified_gmt":"2024-09-08T16:06:03","slug":"ignite-slapshot-the-drowns-this-means-war","status":"publish","type":"product","link":"https:\/\/www.orto-bar.com\/en\/dogodki\/arhiv\/ignite-slapshot-the-drowns-this-means-war\/","title":{"rendered":"Ignite, Slapshot, The Drowns, This Means War"},"content":{"rendered":"<p>&nbsp;<\/p>\n<p>Ignite praznujejo 30. obletnico v Orto Baru!<\/p>\n<p>Ignite so doma\u010di gostje slovenskih odrov vse od leta 2007, ko so slovenskemu ob\u010dinstvu prvi\u010d v \u017eivo predstavili kultni album Our Darkest Days in dobesedno razbili Letni oder Gala hale. Tokrat bodo z njimi oder tresle hardcore legende Slapshot, punk rock uporniki The Drowns in divji This Means War. Pripravljeni na kaos in lete\u010de projektile?<\/p>\n<p>Vstopnice \u017ee v prodaji: https:\/\/www.mojekarte.si\/si\/ignite\/vstopnice-1188887.html<\/p>","protected":false},"excerpt":{"rendered":"<p>&nbsp; Ignite praznujejo 30. obletnico v Orto Baru! Ignite so doma\u010di gostje slovenskih odrov vse od leta 2007, ko so slovenskemu ob\u010dinstvu prvi\u010d v \u017eivo predstavili kultni album Our Darkest Days in dobesedno razbili Letni oder Gala hale. Tokrat bodo z njimi oder tresle hardcore legende Slapshot, punk rock uporniki The Drowns in divji This [&hellip;]<\/p>","protected":false},"author":11,"featured_media":75868,"template":"","meta":{"_seopress_robots_primary_cat":"none","_seopress_titles_title":"","_seopress_titles_desc":"","_seopress_robots_index":""},"product_brand":[],"product_cat":[230],"product_tag":[222],"class_list":{"0":"post-75864","1":"product","2":"type-product","3":"status-publish","4":"has-post-thumbnail","6":"product_cat-arhiv","7":"product_tag-predprodaja","9":"entry","10":"has-media","12":"first","13":"instock","14":"virtual","15":"taxable","16":"product-type-simple","17":"has-product-nav","18":"col","19":"span_1_of_4","20":"owp-content-center","21":"item-entry","22":"owp-thumbs-layout-horizontal","23":"owp-btn-normal","24":"owp-tabs-layout-section","25":"has-no-thumbnails"},"publishpress_future_action":{"enabled":false,"date":"2026-04-26 23:03:21","action":"change-status","newStatus":"draft","terms":[],"taxonomy":"product_cat","extraData":[]},"publishpress_future_workflow_manual_trigger":{"enabledWorkflows":[]},"_links":{"self":[{"href":"https:\/\/www.orto-bar.com\/en\/wp-json\/wp\/v2\/product\/75864","targetHints":{"allow":["GET"]}}],"collection":[{"href":"https:\/\/www.orto-bar.com\/en\/wp-json\/wp\/v2\/product"}],"about":[{"href":"https:\/\/www.orto-bar.com\/en\/wp-json\/wp\/v2\/types\/product"}],"author":[{"embeddable":true,"href":"https:\/\/www.orto-bar.com\/en\/wp-json\/wp\/v2\/users\/11"}],"version-history":[{"count":0,"href":"https:\/\/www.orto-bar.com\/en\/wp-json\/wp\/v2\/product\/75864\/revisions"}],"wp:featuredmedia":[{"embeddable":true,"href":"https:\/\/www.orto-bar.com\/en\/wp-json\/wp\/v2\/media\/75868"}],"wp:attachment":[{"href":"https:\/\/www.orto-bar.com\/en\/wp-json\/wp\/v2\/media?parent=75864"}],"wp:term":[{"taxonomy":"product_brand","embeddable":true,"href":"https:\/\/www.orto-bar.com\/en\/wp-json\/wp\/v2\/product_brand?post=75864"},{"taxonomy":"product_cat","embeddable":true,"href":"https:\/\/www.orto-bar.com\/en\/wp-json\/wp\/v2\/product_cat?post=75864"},{"taxonomy":"product_tag","embeddable":true,"href":"https:\/\/www.orto-bar.com\/en\/wp-json\/wp\/v2\/product_tag?post=75864"}],"curies":[{"name":"wp","href":"https:\/\/api.w.org\/{rel}","templated":true}]}}