{"id":75870,"date":"2024-09-08T18:07:47","date_gmt":"2024-09-08T16:07:47","guid":{"rendered":"https:\/\/www.orto-bar.com\/?post_type=product&#038;p=75870"},"modified":"2024-11-18T18:10:10","modified_gmt":"2024-11-18T17:10:10","slug":"maruja-v-ljubljani","status":"publish","type":"product","link":"https:\/\/www.orto-bar.com\/en\/dogodki\/arhiv\/maruja-v-ljubljani\/","title":{"rendered":"Maruja v Ljubljani"},"content":{"rendered":"<p>Maruja, alternativni post-rock bend s pridihom punka in jazza iz Manchestra, bo 20. decembra nastopil v Orto baru.<\/p>\n<p>Glasba Maruje je svojevrstna eksplozivna me\u0161anica post-rocka, punka in jazza na visoko umetni\u0161kem spektru, ki jo odlikujejo vrhunski songwriting in napeti \u010dustveni trenutki. Polna je saksofonske psihedelije, prodornega realizma in redkih ekspresivnih vokalov, zapletena in niansirana, z izrazito dinamiko in mikavnim groovom. Saksofon je osrednji element glasbene identitete Maruje. Njihove nepredvidljive, a hkrati zelo organske pesmi vas spontano ponesejo na valovih \u010dustev skozi zvo\u010dne pokrajine.<\/p>\n<p>Bend sestavljajo Harry Wilkinson (vokal in kitara), Joe Carroll (alt saksofon in vokal), Matt Buonacorsi (bas) in Jacob Hayes (bobni).<\/p>\n<p>Glasbeni videoposnetki:<br \/>\n<a href=\"https:\/\/www.youtube.com\/watch?v=KLbb-lywUzE https:\/\/www.youtube.com\/watch?v=lfR_l7c5MHk https:\/\/www.youtube.com\/watch?v=f3JYqMzqmBM\">https:\/\/www.youtube.com\/watch?v=KLbb-lywUzE https:\/\/www.youtube.com\/watch?v=lfR_l7c5MHk https:\/\/www.youtube.com\/watch?v=f3JYqMzqmBM<\/a><\/p>\n<p>Prodaja vstopnic: <a href=\"https:\/\/honeycomb-live.com\/maruja\">https:\/\/honeycomb-live.com\/maruja<\/a><\/p>\n<p>20. december 2024<\/p>\n<p>&nbsp;<\/p>","protected":false},"excerpt":{"rendered":"<p>Maruja, alternativni post-rock bend s pridihom punka in jazza iz Manchestra, bo 20. decembra nastopil v Orto baru. Glasba Maruje je svojevrstna eksplozivna me\u0161anica post-rocka, punka in jazza na visoko umetni\u0161kem spektru, ki jo odlikujejo vrhunski songwriting in napeti \u010dustveni trenutki. Polna je saksofonske psihedelije, prodornega realizma in redkih ekspresivnih vokalov, zapletena in niansirana, z [&hellip;]<\/p>","protected":false},"author":11,"featured_media":75871,"template":"","meta":{"_seopress_robots_primary_cat":"none","_seopress_titles_title":"","_seopress_titles_desc":"","_seopress_robots_index":""},"product_brand":[],"product_cat":[230],"product_tag":[222],"class_list":{"0":"post-75870","1":"product","2":"type-product","3":"status-publish","4":"has-post-thumbnail","6":"product_cat-arhiv","7":"product_tag-predprodaja","9":"entry","10":"has-media","12":"first","13":"instock","14":"virtual","15":"taxable","16":"product-type-simple","17":"has-product-nav","18":"col","19":"span_1_of_4","20":"owp-content-center","21":"item-entry","22":"owp-thumbs-layout-horizontal","23":"owp-btn-normal","24":"owp-tabs-layout-section","25":"has-no-thumbnails"},"publishpress_future_action":{"enabled":false,"date":"2026-04-29 13:52:46","action":"change-status","newStatus":"draft","terms":[],"taxonomy":"product_cat","extraData":[]},"publishpress_future_workflow_manual_trigger":{"enabledWorkflows":[]},"_links":{"self":[{"href":"https:\/\/www.orto-bar.com\/en\/wp-json\/wp\/v2\/product\/75870","targetHints":{"allow":["GET"]}}],"collection":[{"href":"https:\/\/www.orto-bar.com\/en\/wp-json\/wp\/v2\/product"}],"about":[{"href":"https:\/\/www.orto-bar.com\/en\/wp-json\/wp\/v2\/types\/product"}],"author":[{"embeddable":true,"href":"https:\/\/www.orto-bar.com\/en\/wp-json\/wp\/v2\/users\/11"}],"version-history":[{"count":0,"href":"https:\/\/www.orto-bar.com\/en\/wp-json\/wp\/v2\/product\/75870\/revisions"}],"wp:featuredmedia":[{"embeddable":true,"href":"https:\/\/www.orto-bar.com\/en\/wp-json\/wp\/v2\/media\/75871"}],"wp:attachment":[{"href":"https:\/\/www.orto-bar.com\/en\/wp-json\/wp\/v2\/media?parent=75870"}],"wp:term":[{"taxonomy":"product_brand","embeddable":true,"href":"https:\/\/www.orto-bar.com\/en\/wp-json\/wp\/v2\/product_brand?post=75870"},{"taxonomy":"product_cat","embeddable":true,"href":"https:\/\/www.orto-bar.com\/en\/wp-json\/wp\/v2\/product_cat?post=75870"},{"taxonomy":"product_tag","embeddable":true,"href":"https:\/\/www.orto-bar.com\/en\/wp-json\/wp\/v2\/product_tag?post=75870"}],"curies":[{"name":"wp","href":"https:\/\/api.w.org\/{rel}","templated":true}]}}