{"id":75879,"date":"2024-09-08T21:07:47","date_gmt":"2024-09-08T19:07:47","guid":{"rendered":"https:\/\/www.orto-bar.com\/?post_type=product&#038;p=75879"},"modified":"2024-10-24T19:50:27","modified_gmt":"2024-10-24T17:50:27","slug":"adi-smolar-3","status":"publish","type":"product","link":"https:\/\/www.orto-bar.com\/en\/dogodki\/arhiv\/adi-smolar-3\/","title":{"rendered":"Adi Smolar"},"content":{"rendered":"<p>&#8220;Se po\u010dasi dale\u010d pride, se prav po\u010dasi spletejo vezi, dokler mi sonce ne zaide, iskal poti bom do ljudi!&#8221; Tako nam Adi Smolar v eni izmed mnogih svojih pesmi preprosto opi\u0161e pot, ki jo je prehodil od leta 1981, ko je imel svoj prvi samostojni koncert, do danes, ko velja za enega izmed najizvirnej\u0161ih, najplodnej\u0161ih in najpopularnej\u0161ih kantavtorjev pri nas. Za svoje delo je prejel \u0161tevilne nagrade tako s strani poslu\u0161alcev kot strokovne javnosti, izdal je 14 samostojnih albumov, obenem pa je tudi avtor pesni\u0161ke zbirke ter mnogih knjig za otroke. Hudomu\u0161en, kriti\u010den, razmi\u0161ljujo\u010d in pronicljiv opazovalec \u017eivljenja in med\u010dlove\u0161kih odnosov nam bo s pomo\u010djo svojih pesmi, pre\u017eetih z obilo humorja in zdravega razuma kot vedno pripravil ve\u010der nabit s pozitivno energijo.<\/p>","protected":false},"excerpt":{"rendered":"<p>&#8220;Se po\u010dasi dale\u010d pride, se prav po\u010dasi spletejo vezi, dokler mi sonce ne zaide, iskal poti bom do ljudi!&#8221; Tako nam Adi Smolar v eni izmed mnogih svojih pesmi preprosto opi\u0161e pot, ki jo je prehodil od leta 1981, ko je imel svoj prvi samostojni koncert, do danes, ko velja za enega izmed najizvirnej\u0161ih, najplodnej\u0161ih [&hellip;]<\/p>","protected":false},"author":11,"featured_media":45685,"template":"","meta":{"_seopress_robots_primary_cat":"none","_seopress_titles_title":"","_seopress_titles_desc":"","_seopress_robots_index":""},"product_brand":[],"product_cat":[230],"product_tag":[222],"class_list":{"0":"post-75879","1":"product","2":"type-product","3":"status-publish","4":"has-post-thumbnail","6":"product_cat-arhiv","7":"product_tag-predprodaja","9":"entry","10":"has-media","12":"first","13":"instock","14":"virtual","15":"taxable","16":"product-type-simple","17":"has-product-nav","18":"col","19":"span_1_of_4","20":"owp-content-center","21":"item-entry","22":"owp-thumbs-layout-horizontal","23":"owp-btn-normal","24":"owp-tabs-layout-section","25":"has-no-thumbnails"},"publishpress_future_action":{"enabled":false,"date":"2026-04-27 18:44:09","action":"change-status","newStatus":"draft","terms":[],"taxonomy":"product_cat","extraData":[]},"publishpress_future_workflow_manual_trigger":{"enabledWorkflows":[]},"_links":{"self":[{"href":"https:\/\/www.orto-bar.com\/en\/wp-json\/wp\/v2\/product\/75879","targetHints":{"allow":["GET"]}}],"collection":[{"href":"https:\/\/www.orto-bar.com\/en\/wp-json\/wp\/v2\/product"}],"about":[{"href":"https:\/\/www.orto-bar.com\/en\/wp-json\/wp\/v2\/types\/product"}],"author":[{"embeddable":true,"href":"https:\/\/www.orto-bar.com\/en\/wp-json\/wp\/v2\/users\/11"}],"version-history":[{"count":0,"href":"https:\/\/www.orto-bar.com\/en\/wp-json\/wp\/v2\/product\/75879\/revisions"}],"wp:featuredmedia":[{"embeddable":true,"href":"https:\/\/www.orto-bar.com\/en\/wp-json\/wp\/v2\/media\/45685"}],"wp:attachment":[{"href":"https:\/\/www.orto-bar.com\/en\/wp-json\/wp\/v2\/media?parent=75879"}],"wp:term":[{"taxonomy":"product_brand","embeddable":true,"href":"https:\/\/www.orto-bar.com\/en\/wp-json\/wp\/v2\/product_brand?post=75879"},{"taxonomy":"product_cat","embeddable":true,"href":"https:\/\/www.orto-bar.com\/en\/wp-json\/wp\/v2\/product_cat?post=75879"},{"taxonomy":"product_tag","embeddable":true,"href":"https:\/\/www.orto-bar.com\/en\/wp-json\/wp\/v2\/product_tag?post=75879"}],"curies":[{"name":"wp","href":"https:\/\/api.w.org\/{rel}","templated":true}]}}