{"id":76052,"date":"2024-09-10T10:36:27","date_gmt":"2024-09-10T08:36:27","guid":{"rendered":"https:\/\/www.orto-bar.com\/?post_type=product&#038;p=76052"},"modified":"2024-10-25T19:41:57","modified_gmt":"2024-10-25T17:41:57","slug":"mile-kekin-ex-hladno-pivo","status":"publish","type":"product","link":"https:\/\/www.orto-bar.com\/en\/dogodki\/arhiv\/mile-kekin-ex-hladno-pivo\/","title":{"rendered":"Mile Kekin ex Hladno Pivo"},"content":{"rendered":"<p>&nbsp;<\/p>\n<p><strong>Mile Kekin je pevec, tekstopisec in frontman biv\u0161e zasedbe Hladno pivo, ki se v letu 2024 mudi na turneji &#8220;Soundtrack za \u017eivot&#8221;. Pripravite se na bogat in dovr\u0161eno izveden repertoar pesmi, ki predstavljajo spremljavo njegove izjemne kariere. Ve\u010der tistih, napisanih za Hladno pivo, a v povsem novi preobleki ter uspe\u0161nice treh solo albumov s poudarkom na zadnjem, od kritikov hvaljenim &#8211; &#8220;Nje\u017eno \u0111onom&#8221;.<\/strong><\/p>\n<p><strong>Februarja letos je iz\u0161el tudi novi album &#8211; Live in Vintage, v Orto Baru pa bo Mile Kekin v dveh urah koncertiranja ponudil presek svoje avtorske kariere od Pjevajte ne\u0161to ljubavno pa do \u0160amar-ja, Knjige \u017ealbe in vse do zadnjega singla\u00a0Trening za umiranje z legendarnim Darkom\u00a0Rundekom.\u00a0<\/strong><\/p>\n<p><strong>Vabljeni na Miletov prvi &#8220;solo&#8221; Orto.<\/strong><\/p>\n<p><strong><a href=\"https:\/\/youtu.be\/EcPXYAED7Eo?si=4QEOm-b__dvSWumt\">https:\/\/youtu.be\/EcPXYAED7Eo?si=4QEOm-b__dvSWumt<\/a><\/strong><\/p>","protected":false},"excerpt":{"rendered":"<p>&nbsp; Mile Kekin je pevec, tekstopisec in frontman biv\u0161e zasedbe Hladno pivo, ki se v letu 2024 mudi na turneji &#8220;Soundtrack za \u017eivot&#8221;. Pripravite se na bogat in dovr\u0161eno izveden repertoar pesmi, ki predstavljajo spremljavo njegove izjemne kariere. Ve\u010der tistih, napisanih za Hladno pivo, a v povsem novi preobleki ter uspe\u0161nice treh solo albumov s [&hellip;]<\/p>","protected":false},"author":11,"featured_media":76053,"template":"","meta":{"_seopress_robots_primary_cat":"none","_seopress_titles_title":"","_seopress_titles_desc":"","_seopress_robots_index":""},"product_brand":[],"product_cat":[230],"product_tag":[222],"class_list":{"0":"post-76052","1":"product","2":"type-product","3":"status-publish","4":"has-post-thumbnail","6":"product_cat-arhiv","7":"product_tag-predprodaja","9":"entry","10":"has-media","12":"first","13":"instock","14":"virtual","15":"taxable","16":"product-type-simple","17":"has-product-nav","18":"col","19":"span_1_of_4","20":"owp-content-center","21":"item-entry","22":"owp-thumbs-layout-horizontal","23":"owp-btn-normal","24":"owp-tabs-layout-section","25":"has-no-thumbnails"},"publishpress_future_action":{"enabled":false,"date":"2026-04-26 13:25:32","action":"change-status","newStatus":"draft","terms":[],"taxonomy":"product_cat","extraData":[]},"publishpress_future_workflow_manual_trigger":{"enabledWorkflows":[]},"_links":{"self":[{"href":"https:\/\/www.orto-bar.com\/en\/wp-json\/wp\/v2\/product\/76052","targetHints":{"allow":["GET"]}}],"collection":[{"href":"https:\/\/www.orto-bar.com\/en\/wp-json\/wp\/v2\/product"}],"about":[{"href":"https:\/\/www.orto-bar.com\/en\/wp-json\/wp\/v2\/types\/product"}],"author":[{"embeddable":true,"href":"https:\/\/www.orto-bar.com\/en\/wp-json\/wp\/v2\/users\/11"}],"version-history":[{"count":0,"href":"https:\/\/www.orto-bar.com\/en\/wp-json\/wp\/v2\/product\/76052\/revisions"}],"wp:featuredmedia":[{"embeddable":true,"href":"https:\/\/www.orto-bar.com\/en\/wp-json\/wp\/v2\/media\/76053"}],"wp:attachment":[{"href":"https:\/\/www.orto-bar.com\/en\/wp-json\/wp\/v2\/media?parent=76052"}],"wp:term":[{"taxonomy":"product_brand","embeddable":true,"href":"https:\/\/www.orto-bar.com\/en\/wp-json\/wp\/v2\/product_brand?post=76052"},{"taxonomy":"product_cat","embeddable":true,"href":"https:\/\/www.orto-bar.com\/en\/wp-json\/wp\/v2\/product_cat?post=76052"},{"taxonomy":"product_tag","embeddable":true,"href":"https:\/\/www.orto-bar.com\/en\/wp-json\/wp\/v2\/product_tag?post=76052"}],"curies":[{"name":"wp","href":"https:\/\/api.w.org\/{rel}","templated":true}]}}