{"id":76215,"date":"2024-09-12T11:26:00","date_gmt":"2024-09-12T09:26:00","guid":{"rendered":"https:\/\/www.orto-bar.com\/?post_type=product&#038;p=76215"},"modified":"2024-10-06T00:00:16","modified_gmt":"2024-10-05T22:00:16","slug":"black-metallica-tribute-band-2","status":"publish","type":"product","link":"https:\/\/www.orto-bar.com\/en\/dogodki\/arhiv\/black-metallica-tribute-band-2\/","title":{"rendered":"BLACK-Metallica tribute band"},"content":{"rendered":"<p>Black, Metallica Tribute band je bil ustanovljen leta 2016 . Band je sestavljen iz vrhunskih glasbenikov, strastnih obo\u017eevalcev\u00a0 Metallice. Fizi\u010dna podobnost frontmana z Jamesom Hetfieldom je usupljiva in band je hitro postal najbolj za\u017eelen Metallica tribute band. Za njim so \u0161tevilni razprodani koncerti po celotni Europi.<strong>Po razprodani zagreb\u0161ki dvorani Lisinski in Cankarjevem domu s projektom Symphony se Black zopet vra\u010dajo\u00a0 v Orto!<\/strong><\/p>\n<p>&nbsp;<\/p>\n<div><\/div>\n<div><\/div>\n<div><\/div>\n<div><\/div>\n<div class=\"x11i5rnm xat24cr x1mh8g0r x1vvkbs xtlvy1s\">Black, Metallica Tribute band, was formed in 2016 by experienced musicians and big fans of the Metallica. Great playing skills of all members, energetic stage performance and almost unbelievable physical similarity between front man of the band with Metallica\u2019s James Hetfield very quickly made this band most wanted Metallica tribute band with a lot of sold out concerts all over Europe!<br \/>\nJust in 2022. band had several concerts in Slovenia, Croatia, Italy, Austria, Romania, Bulgaria, North Macedonia, Bosnia and Herzegovina, Serbia and Switzerland.<\/div>\n<div class=\"x11i5rnm xat24cr x1mh8g0r x1vvkbs xtlvy1s\"><\/div>","protected":false},"excerpt":{"rendered":"<p>Black, Metallica Tribute band je bil ustanovljen leta 2016 . Band je sestavljen iz vrhunskih glasbenikov, strastnih obo\u017eevalcev\u00a0 Metallice. Fizi\u010dna podobnost frontmana z Jamesom Hetfieldom je usupljiva in band je hitro postal najbolj za\u017eelen Metallica tribute band. Za njim so \u0161tevilni razprodani koncerti po celotni Europi.Po razprodani zagreb\u0161ki dvorani Lisinski in Cankarjevem domu s projektom [&hellip;]<\/p>","protected":false},"author":11,"featured_media":77661,"template":"","meta":{"_seopress_robots_primary_cat":"none","_seopress_titles_title":"","_seopress_titles_desc":"","_seopress_robots_index":""},"product_brand":[],"product_cat":[230],"product_tag":[222],"class_list":{"0":"post-76215","1":"product","2":"type-product","3":"status-publish","4":"has-post-thumbnail","6":"product_cat-arhiv","7":"product_tag-predprodaja","9":"entry","10":"has-media","12":"first","13":"instock","14":"virtual","15":"taxable","16":"product-type-simple","17":"has-product-nav","18":"col","19":"span_1_of_4","20":"owp-content-center","21":"item-entry","22":"owp-thumbs-layout-horizontal","23":"owp-btn-normal","24":"owp-tabs-layout-section","25":"has-no-thumbnails"},"publishpress_future_action":{"enabled":false,"date":"2026-04-29 12:03:46","action":"change-status","newStatus":"draft","terms":[],"taxonomy":"product_cat","extraData":[]},"publishpress_future_workflow_manual_trigger":{"enabledWorkflows":[]},"_links":{"self":[{"href":"https:\/\/www.orto-bar.com\/en\/wp-json\/wp\/v2\/product\/76215","targetHints":{"allow":["GET"]}}],"collection":[{"href":"https:\/\/www.orto-bar.com\/en\/wp-json\/wp\/v2\/product"}],"about":[{"href":"https:\/\/www.orto-bar.com\/en\/wp-json\/wp\/v2\/types\/product"}],"author":[{"embeddable":true,"href":"https:\/\/www.orto-bar.com\/en\/wp-json\/wp\/v2\/users\/11"}],"version-history":[{"count":0,"href":"https:\/\/www.orto-bar.com\/en\/wp-json\/wp\/v2\/product\/76215\/revisions"}],"wp:featuredmedia":[{"embeddable":true,"href":"https:\/\/www.orto-bar.com\/en\/wp-json\/wp\/v2\/media\/77661"}],"wp:attachment":[{"href":"https:\/\/www.orto-bar.com\/en\/wp-json\/wp\/v2\/media?parent=76215"}],"wp:term":[{"taxonomy":"product_brand","embeddable":true,"href":"https:\/\/www.orto-bar.com\/en\/wp-json\/wp\/v2\/product_brand?post=76215"},{"taxonomy":"product_cat","embeddable":true,"href":"https:\/\/www.orto-bar.com\/en\/wp-json\/wp\/v2\/product_cat?post=76215"},{"taxonomy":"product_tag","embeddable":true,"href":"https:\/\/www.orto-bar.com\/en\/wp-json\/wp\/v2\/product_tag?post=76215"}],"curies":[{"name":"wp","href":"https:\/\/api.w.org\/{rel}","templated":true}]}}