{"id":76365,"date":"2024-09-13T10:40:13","date_gmt":"2024-09-13T08:40:13","guid":{"rendered":"https:\/\/www.orto-bar.com\/?post_type=product&#038;p=76365"},"modified":"2024-09-23T18:09:42","modified_gmt":"2024-09-23T16:09:42","slug":"jimi-hendrix-night","status":"publish","type":"product","link":"https:\/\/www.orto-bar.com\/en\/dogodki\/arhiv\/jimi-hendrix-night\/","title":{"rendered":"Jimi Hendrix Night"},"content":{"rendered":"<p>&nbsp;<\/p>\n<p><strong>Pripravili smo vam nepozabno glasbeno izku\u0161njo, ki je ne smete zamuditi.\u00a0<\/strong><\/p>\n<p><strong>Darilo za ljubitelje glasbe 70-ih, ki vklju\u010duje spektakularne trenutke in ikoni\u010dne zvoke najbolj vznemirljivega kitarista vseh \u010dasov. Pripravite se na vro\u010di val rock&#8217;n&#8217;rolla, ki bo segrel Orto Bar! Julijan Eri\u010d, slovenski virtuoz na kitari, bo skupaj s svojo zasedbo obudil zlati duh 70. let.\u00a0<\/strong><\/p>\n<p>&nbsp;<\/p>\n<p><strong>Zasedba :<\/strong><\/p>\n<p><strong>Julijan Eri\u010d &#8211; kitara, vokal<\/strong><br \/>\n<strong>Klemen Markelj &#8211; bobni<\/strong><br \/>\n<strong>Miha Ribari\u010d &#8211; bas<\/strong><\/p>\n<p><strong>Vstopnice :<\/strong><\/p>\n<p><strong>10,00 \u20ac &#8211; predprodaja<\/strong><br \/>\n<strong>12,00 \u20ac &#8211; na dan dogodka<\/strong><\/p>","protected":false},"excerpt":{"rendered":"<p>&nbsp; Pripravili smo vam nepozabno glasbeno izku\u0161njo, ki je ne smete zamuditi.\u00a0 Darilo za ljubitelje glasbe 70-ih, ki vklju\u010duje spektakularne trenutke in ikoni\u010dne zvoke najbolj vznemirljivega kitarista vseh \u010dasov. Pripravite se na vro\u010di val rock&#8217;n&#8217;rolla, ki bo segrel Orto Bar! Julijan Eri\u010d, slovenski virtuoz na kitari, bo skupaj s svojo zasedbo obudil zlati duh 70. [&hellip;]<\/p>","protected":false},"author":11,"featured_media":77300,"template":"","meta":{"_seopress_robots_primary_cat":"none","_seopress_titles_title":"","_seopress_titles_desc":"","_seopress_robots_index":""},"product_brand":[],"product_cat":[230],"product_tag":[222],"class_list":{"0":"post-76365","1":"product","2":"type-product","3":"status-publish","4":"has-post-thumbnail","6":"product_cat-arhiv","7":"product_tag-predprodaja","9":"entry","10":"has-media","12":"first","13":"instock","14":"virtual","15":"taxable","16":"product-type-simple","17":"has-product-nav","18":"col","19":"span_1_of_4","20":"owp-content-center","21":"item-entry","22":"owp-thumbs-layout-horizontal","23":"owp-btn-normal","24":"owp-tabs-layout-section","25":"has-no-thumbnails"},"publishpress_future_action":{"enabled":false,"date":"2026-04-26 19:33:19","action":"change-status","newStatus":"draft","terms":[],"taxonomy":"product_cat","extraData":[]},"publishpress_future_workflow_manual_trigger":{"enabledWorkflows":[]},"_links":{"self":[{"href":"https:\/\/www.orto-bar.com\/en\/wp-json\/wp\/v2\/product\/76365","targetHints":{"allow":["GET"]}}],"collection":[{"href":"https:\/\/www.orto-bar.com\/en\/wp-json\/wp\/v2\/product"}],"about":[{"href":"https:\/\/www.orto-bar.com\/en\/wp-json\/wp\/v2\/types\/product"}],"author":[{"embeddable":true,"href":"https:\/\/www.orto-bar.com\/en\/wp-json\/wp\/v2\/users\/11"}],"version-history":[{"count":0,"href":"https:\/\/www.orto-bar.com\/en\/wp-json\/wp\/v2\/product\/76365\/revisions"}],"wp:featuredmedia":[{"embeddable":true,"href":"https:\/\/www.orto-bar.com\/en\/wp-json\/wp\/v2\/media\/77300"}],"wp:attachment":[{"href":"https:\/\/www.orto-bar.com\/en\/wp-json\/wp\/v2\/media?parent=76365"}],"wp:term":[{"taxonomy":"product_brand","embeddable":true,"href":"https:\/\/www.orto-bar.com\/en\/wp-json\/wp\/v2\/product_brand?post=76365"},{"taxonomy":"product_cat","embeddable":true,"href":"https:\/\/www.orto-bar.com\/en\/wp-json\/wp\/v2\/product_cat?post=76365"},{"taxonomy":"product_tag","embeddable":true,"href":"https:\/\/www.orto-bar.com\/en\/wp-json\/wp\/v2\/product_tag?post=76365"}],"curies":[{"name":"wp","href":"https:\/\/api.w.org\/{rel}","templated":true}]}}