{"id":76399,"date":"2024-09-13T18:30:43","date_gmt":"2024-09-13T16:30:43","guid":{"rendered":"https:\/\/www.orto-bar.com\/?post_type=product&#038;p=76399"},"modified":"2025-09-04T17:05:43","modified_gmt":"2025-09-04T15:05:43","slug":"ring-abba-tribute-band-3","status":"publish","type":"product","link":"https:\/\/www.orto-bar.com\/en\/dogodki\/arhiv\/ring-abba-tribute-band-3\/","title":{"rendered":"RING-ABBA tribute band"},"content":{"rendered":"<p><strong>RING-ABBA\u00a0 tribute band je projekt izobra\u017eenih in izku\u0161enih glasbenikov, katerih cilj je v vrhunski izvedbi predstaviti hite legendarne skupine ABBA!<\/strong><\/p>\n<p>V za\u010detku januarja 2025 so se\u00a0 RING-ABBA tribute band podali na veliko evropsko turnejo na kateri so izvedli 41 koncertov v 42 dneh. Ponovno pridejo v Orto in sicer v petek\u00a0 28.11.2025. Lansko leto so v Ortu prvi\u010d nastopili na razprodanem koncertu. Ljubitelji ABBA bodo lahko u\u017eivali v izvrstni izvedbi najve\u010djih uspe\u0161nic skupine kot so Mamma Mia, Waterloo, Dancing Queen, Money Money itd. Skupina nastopa v originalnih kostumih in plesni koregrafiji.<\/p>\n<p>Zagotovite si vstopnice pravo\u010dasno po predprodajni ceni 15\u20ac.<\/p>\n<p>The\u00a0 RING-ABBA tribute band is made of educated and experienced musicians, gathered with a common goal to bring hits of once a very popular band closer to today\u2019s audience. With the original performance, costumes and choreography, the band completely portrays the atmosphere and the spirit of the ABBA live concerts. Hits like Waterloo, Chiquitita, Dancing Queen, Mamma Mia, S.O.S and many others are performed in an original way, without leaving the framework of an authentic ABBA show.<\/p>\n<p>&nbsp;<\/p>\n<p>&nbsp;<\/p>\n<p>Instagram profile: <a href=\"https:\/\/www.instagram.com\/abba.ring\/\">https:\/\/www.instagram.com\/abba.ring\/<\/a><\/p>\n<p>Facebook (Meta) profile: <a href=\"https:\/\/www.facebook.com\/abbaring\">https:\/\/www.facebook.com\/abbaring<\/a><\/p>\n<p>Tik Tok profile: <a href=\"https:\/\/www.tiktok.com\/@abba.ring\">https:\/\/www.tiktok.com\/@abba.ring<\/a><\/p>\n<p>&nbsp;<\/p>","protected":false},"excerpt":{"rendered":"<p>RING-ABBA\u00a0 tribute band je projekt izobra\u017eenih in izku\u0161enih glasbenikov, katerih cilj je v vrhunski izvedbi predstaviti hite legendarne skupine ABBA! V za\u010detku januarja 2025 so se\u00a0 RING-ABBA tribute band podali na veliko evropsko turnejo na kateri so izvedli 41 koncertov v 42 dneh. Ponovno pridejo v Orto in sicer v petek\u00a0 28.11.2025. Lansko leto so [&hellip;]<\/p>","protected":false},"author":11,"featured_media":76699,"template":"","meta":{"_seopress_robots_primary_cat":"none","_seopress_titles_title":"","_seopress_titles_desc":"","_seopress_robots_index":""},"product_brand":[],"product_cat":[230],"product_tag":[222],"class_list":{"0":"post-76399","1":"product","2":"type-product","3":"status-publish","4":"has-post-thumbnail","6":"product_cat-arhiv","7":"product_tag-predprodaja","9":"entry","10":"has-media","12":"first","13":"instock","14":"virtual","15":"taxable","16":"product-type-simple","17":"has-product-nav","18":"col","19":"span_1_of_4","20":"owp-content-center","21":"item-entry","22":"owp-thumbs-layout-horizontal","23":"owp-btn-normal","24":"owp-tabs-layout-section","25":"has-no-thumbnails"},"publishpress_future_action":{"enabled":false,"date":"2026-05-10 10:55:44","action":"change-status","newStatus":"draft","terms":[],"taxonomy":"product_cat","extraData":[]},"publishpress_future_workflow_manual_trigger":{"enabledWorkflows":[]},"_links":{"self":[{"href":"https:\/\/www.orto-bar.com\/en\/wp-json\/wp\/v2\/product\/76399","targetHints":{"allow":["GET"]}}],"collection":[{"href":"https:\/\/www.orto-bar.com\/en\/wp-json\/wp\/v2\/product"}],"about":[{"href":"https:\/\/www.orto-bar.com\/en\/wp-json\/wp\/v2\/types\/product"}],"author":[{"embeddable":true,"href":"https:\/\/www.orto-bar.com\/en\/wp-json\/wp\/v2\/users\/11"}],"version-history":[{"count":0,"href":"https:\/\/www.orto-bar.com\/en\/wp-json\/wp\/v2\/product\/76399\/revisions"}],"wp:featuredmedia":[{"embeddable":true,"href":"https:\/\/www.orto-bar.com\/en\/wp-json\/wp\/v2\/media\/76699"}],"wp:attachment":[{"href":"https:\/\/www.orto-bar.com\/en\/wp-json\/wp\/v2\/media?parent=76399"}],"wp:term":[{"taxonomy":"product_brand","embeddable":true,"href":"https:\/\/www.orto-bar.com\/en\/wp-json\/wp\/v2\/product_brand?post=76399"},{"taxonomy":"product_cat","embeddable":true,"href":"https:\/\/www.orto-bar.com\/en\/wp-json\/wp\/v2\/product_cat?post=76399"},{"taxonomy":"product_tag","embeddable":true,"href":"https:\/\/www.orto-bar.com\/en\/wp-json\/wp\/v2\/product_tag?post=76399"}],"curies":[{"name":"wp","href":"https:\/\/api.w.org\/{rel}","templated":true}]}}