{"id":76626,"date":"2024-09-16T10:15:15","date_gmt":"2024-09-16T08:15:15","guid":{"rendered":"https:\/\/www.orto-bar.com\/?post_type=product&#038;p=76626"},"modified":"2024-11-22T18:47:46","modified_gmt":"2024-11-22T17:47:46","slug":"sausages-2","status":"publish","type":"product","link":"https:\/\/www.orto-bar.com\/en\/dogodki\/arhiv\/sausages-2\/","title":{"rendered":"Sausages"},"content":{"rendered":"<p>&nbsp;<\/p>\n<p><strong>32. rojstni dan benda, rojstnodnevna presene\u010denja, obletnica izida knjige Sausages + welcome drink. R&#8217;n&#8217;r ve\u010der za stare \u010dase.<\/strong><\/p>\n<p><strong>Vstopnice :\u00a0<\/strong><\/p>\n<p><strong>early bird : 15\u20ac<\/strong><\/p>\n<p><strong>predprodajna cena : 18\u20ac<\/strong><\/p>\n<p><strong>cena na dan dogodka : 20 \u20ac<\/strong><\/p>","protected":false},"excerpt":{"rendered":"<p>&nbsp; 32. rojstni dan benda, rojstnodnevna presene\u010denja, obletnica izida knjige Sausages + welcome drink. R&#8217;n&#8217;r ve\u010der za stare \u010dase. Vstopnice :\u00a0 early bird : 15\u20ac predprodajna cena : 18\u20ac cena na dan dogodka : 20 \u20ac<\/p>","protected":false},"author":11,"featured_media":76628,"template":"","meta":{"_seopress_robots_primary_cat":"none","_seopress_titles_title":"","_seopress_titles_desc":"","_seopress_robots_index":""},"product_brand":[],"product_cat":[230],"product_tag":[222],"class_list":{"0":"post-76626","1":"product","2":"type-product","3":"status-publish","4":"has-post-thumbnail","6":"product_cat-arhiv","7":"product_tag-predprodaja","9":"entry","10":"has-media","12":"first","13":"instock","14":"virtual","15":"taxable","16":"product-type-simple","17":"has-product-nav","18":"col","19":"span_1_of_4","20":"owp-content-center","21":"item-entry","22":"owp-thumbs-layout-horizontal","23":"owp-btn-normal","24":"owp-tabs-layout-section","25":"has-no-thumbnails"},"publishpress_future_action":{"enabled":false,"date":"2026-04-29 11:40:04","action":"change-status","newStatus":"draft","terms":[],"taxonomy":"product_cat","extraData":[]},"publishpress_future_workflow_manual_trigger":{"enabledWorkflows":[]},"_links":{"self":[{"href":"https:\/\/www.orto-bar.com\/en\/wp-json\/wp\/v2\/product\/76626","targetHints":{"allow":["GET"]}}],"collection":[{"href":"https:\/\/www.orto-bar.com\/en\/wp-json\/wp\/v2\/product"}],"about":[{"href":"https:\/\/www.orto-bar.com\/en\/wp-json\/wp\/v2\/types\/product"}],"author":[{"embeddable":true,"href":"https:\/\/www.orto-bar.com\/en\/wp-json\/wp\/v2\/users\/11"}],"version-history":[{"count":0,"href":"https:\/\/www.orto-bar.com\/en\/wp-json\/wp\/v2\/product\/76626\/revisions"}],"wp:featuredmedia":[{"embeddable":true,"href":"https:\/\/www.orto-bar.com\/en\/wp-json\/wp\/v2\/media\/76628"}],"wp:attachment":[{"href":"https:\/\/www.orto-bar.com\/en\/wp-json\/wp\/v2\/media?parent=76626"}],"wp:term":[{"taxonomy":"product_brand","embeddable":true,"href":"https:\/\/www.orto-bar.com\/en\/wp-json\/wp\/v2\/product_brand?post=76626"},{"taxonomy":"product_cat","embeddable":true,"href":"https:\/\/www.orto-bar.com\/en\/wp-json\/wp\/v2\/product_cat?post=76626"},{"taxonomy":"product_tag","embeddable":true,"href":"https:\/\/www.orto-bar.com\/en\/wp-json\/wp\/v2\/product_tag?post=76626"}],"curies":[{"name":"wp","href":"https:\/\/api.w.org\/{rel}","templated":true}]}}