{"id":76709,"date":"2024-09-17T10:44:15","date_gmt":"2024-09-17T08:44:15","guid":{"rendered":"https:\/\/www.orto-bar.com\/?post_type=product&#038;p=76709"},"modified":"2024-10-31T23:08:24","modified_gmt":"2024-10-31T22:08:24","slug":"orto-halloween-2","status":"publish","type":"product","link":"https:\/\/www.orto-bar.com\/en\/dogodki\/arhiv\/orto-halloween-2\/","title":{"rendered":"Orto Halloween"},"content":{"rendered":"<p><strong>Legendarna Halloween \u017durka v Ortu se bo pri\u010dela ob 21.uri na no\u010d \u010darovnic. Plesali bomo \u010darovni\u0161ki ples do jutra!<\/strong><\/p>\n<p><strong>Glasba bo plesna ! 60s,70s,80s,90s pa tudi kaj novej\u0161ega, vse v stilu bru\u0161enja pet!<\/strong><\/p>","protected":false},"excerpt":{"rendered":"<p>Legendarna Halloween \u017durka v Ortu se bo pri\u010dela ob 21.uri na no\u010d \u010darovnic. Plesali bomo \u010darovni\u0161ki ples do jutra! Glasba bo plesna ! 60s,70s,80s,90s pa tudi kaj novej\u0161ega, vse v stilu bru\u0161enja pet!<\/p>","protected":false},"author":11,"featured_media":76710,"template":"","meta":{"_seopress_robots_primary_cat":"none","_seopress_titles_title":"","_seopress_titles_desc":"","_seopress_robots_index":""},"product_brand":[],"product_cat":[230],"product_tag":[222],"class_list":{"0":"post-76709","1":"product","2":"type-product","3":"status-publish","4":"has-post-thumbnail","6":"product_cat-arhiv","7":"product_tag-predprodaja","9":"entry","10":"has-media","12":"first","13":"instock","14":"virtual","15":"taxable","16":"product-type-simple","17":"has-product-nav","18":"col","19":"span_1_of_4","20":"owp-content-center","21":"item-entry","22":"owp-thumbs-layout-horizontal","23":"owp-btn-normal","24":"owp-tabs-layout-section","25":"has-no-thumbnails"},"publishpress_future_action":{"enabled":false,"date":"2026-05-10 07:14:44","action":"change-status","newStatus":"draft","terms":[],"taxonomy":"product_cat","extraData":[]},"publishpress_future_workflow_manual_trigger":{"enabledWorkflows":[]},"_links":{"self":[{"href":"https:\/\/www.orto-bar.com\/en\/wp-json\/wp\/v2\/product\/76709","targetHints":{"allow":["GET"]}}],"collection":[{"href":"https:\/\/www.orto-bar.com\/en\/wp-json\/wp\/v2\/product"}],"about":[{"href":"https:\/\/www.orto-bar.com\/en\/wp-json\/wp\/v2\/types\/product"}],"author":[{"embeddable":true,"href":"https:\/\/www.orto-bar.com\/en\/wp-json\/wp\/v2\/users\/11"}],"version-history":[{"count":0,"href":"https:\/\/www.orto-bar.com\/en\/wp-json\/wp\/v2\/product\/76709\/revisions"}],"wp:featuredmedia":[{"embeddable":true,"href":"https:\/\/www.orto-bar.com\/en\/wp-json\/wp\/v2\/media\/76710"}],"wp:attachment":[{"href":"https:\/\/www.orto-bar.com\/en\/wp-json\/wp\/v2\/media?parent=76709"}],"wp:term":[{"taxonomy":"product_brand","embeddable":true,"href":"https:\/\/www.orto-bar.com\/en\/wp-json\/wp\/v2\/product_brand?post=76709"},{"taxonomy":"product_cat","embeddable":true,"href":"https:\/\/www.orto-bar.com\/en\/wp-json\/wp\/v2\/product_cat?post=76709"},{"taxonomy":"product_tag","embeddable":true,"href":"https:\/\/www.orto-bar.com\/en\/wp-json\/wp\/v2\/product_tag?post=76709"}],"curies":[{"name":"wp","href":"https:\/\/api.w.org\/{rel}","templated":true}]}}