{"id":76712,"date":"2024-09-17T10:53:42","date_gmt":"2024-09-17T08:53:42","guid":{"rendered":"https:\/\/www.orto-bar.com\/?post_type=product&#038;p=76712"},"modified":"2024-12-20T21:36:30","modified_gmt":"2024-12-20T20:36:30","slug":"predbozicni-orto-discofunky-70s80s90s-party","status":"publish","type":"product","link":"https:\/\/www.orto-bar.com\/en\/dogodki\/arhiv\/predbozicni-orto-discofunky-70s80s90s-party\/","title":{"rendered":"Predbo\u017ei\u010dni Orto DISCO,FUNKY 70&#8217;S,80&#8217;S,90&#8217;S PARTY"},"content":{"rendered":"<p>&nbsp;<\/p>\n<p><strong>Glasba hitov iz disco ere, komadi iz 70s, 80s in 90s pa tudi kaj modernej\u0161ega za kralje in kraljice plesi\u0161\u010da. \u0160tart ob 21.uri!<\/strong><\/p>\n<p><strong>Vstopnina v predprodaji 8\u20ac in 10\u20ac na dan dogodka<\/strong><\/p>","protected":false},"excerpt":{"rendered":"<p>&nbsp; Glasba hitov iz disco ere, komadi iz 70s, 80s in 90s pa tudi kaj modernej\u0161ega za kralje in kraljice plesi\u0161\u010da. \u0160tart ob 21.uri! Vstopnina v predprodaji 8\u20ac in 10\u20ac na dan dogodka<\/p>","protected":false},"author":11,"featured_media":83580,"template":"","meta":{"_seopress_robots_primary_cat":"none","_seopress_titles_title":"","_seopress_titles_desc":"","_seopress_robots_index":""},"product_brand":[],"product_cat":[230],"product_tag":[222],"class_list":{"0":"post-76712","1":"product","2":"type-product","3":"status-publish","4":"has-post-thumbnail","6":"product_cat-arhiv","7":"product_tag-predprodaja","9":"entry","10":"has-media","12":"first","13":"instock","14":"virtual","15":"taxable","16":"product-type-simple","17":"has-product-nav","18":"col","19":"span_1_of_4","20":"owp-content-center","21":"item-entry","22":"owp-thumbs-layout-horizontal","23":"owp-btn-normal","24":"owp-tabs-layout-section","25":"has-no-thumbnails"},"publishpress_future_action":{"enabled":false,"date":"2026-04-26 14:01:49","action":"change-status","newStatus":"draft","terms":[],"taxonomy":"product_cat","extraData":[]},"publishpress_future_workflow_manual_trigger":{"enabledWorkflows":[]},"_links":{"self":[{"href":"https:\/\/www.orto-bar.com\/en\/wp-json\/wp\/v2\/product\/76712","targetHints":{"allow":["GET"]}}],"collection":[{"href":"https:\/\/www.orto-bar.com\/en\/wp-json\/wp\/v2\/product"}],"about":[{"href":"https:\/\/www.orto-bar.com\/en\/wp-json\/wp\/v2\/types\/product"}],"author":[{"embeddable":true,"href":"https:\/\/www.orto-bar.com\/en\/wp-json\/wp\/v2\/users\/11"}],"version-history":[{"count":0,"href":"https:\/\/www.orto-bar.com\/en\/wp-json\/wp\/v2\/product\/76712\/revisions"}],"wp:featuredmedia":[{"embeddable":true,"href":"https:\/\/www.orto-bar.com\/en\/wp-json\/wp\/v2\/media\/83580"}],"wp:attachment":[{"href":"https:\/\/www.orto-bar.com\/en\/wp-json\/wp\/v2\/media?parent=76712"}],"wp:term":[{"taxonomy":"product_brand","embeddable":true,"href":"https:\/\/www.orto-bar.com\/en\/wp-json\/wp\/v2\/product_brand?post=76712"},{"taxonomy":"product_cat","embeddable":true,"href":"https:\/\/www.orto-bar.com\/en\/wp-json\/wp\/v2\/product_cat?post=76712"},{"taxonomy":"product_tag","embeddable":true,"href":"https:\/\/www.orto-bar.com\/en\/wp-json\/wp\/v2\/product_tag?post=76712"}],"curies":[{"name":"wp","href":"https:\/\/api.w.org\/{rel}","templated":true}]}}