{"id":77769,"date":"2024-09-23T18:16:52","date_gmt":"2024-09-23T16:16:52","guid":{"rendered":"https:\/\/www.orto-bar.com\/?post_type=product&#038;p=77769"},"modified":"2024-10-26T18:50:27","modified_gmt":"2024-10-26T16:50:27","slug":"velvet-dress-u2-tribute-band","status":"publish","type":"product","link":"https:\/\/www.orto-bar.com\/en\/dogodki\/arhiv\/velvet-dress-u2-tribute-band\/","title":{"rendered":"VELVET DRESS &#8211; U2 Tribute Band"},"content":{"rendered":"<p>&nbsp;<\/p>\n<p>VELVET DRESS \u2013 U2 TRIBUTE BAND<\/p>\n<p>Navdu\u0161eni obiskovalci lanskoletnih koncertov v Orto baru in Max pabu v Velenju so vzrok za ponovitev v leto\u0161nji sezoni. Velvet Dress, poklon skupini U2 od leta 2000. S\u010dasoma so postali referen\u010dna skupina za skupino U2 v Italiji in Evropi. Leta 2015 je bilo za njih nekaj posebnega, kronali so ga z vznemirljivim duetom Leo &#8211; Bono Vox, edinstvenim v Evropi, med italijansko turnejo U2 INNOCENCE AND EXPERIENCE v Torinu. Njihov nastop sestavlja veliko \u017eive energije z najve\u010djimi uspe\u0161nicami dublinske skupine<\/p>\n<p>&nbsp;<\/p>","protected":false},"excerpt":{"rendered":"<p>&nbsp; VELVET DRESS \u2013 U2 TRIBUTE BAND Navdu\u0161eni obiskovalci lanskoletnih koncertov v Orto baru in Max pabu v Velenju so vzrok za ponovitev v leto\u0161nji sezoni. Velvet Dress, poklon skupini U2 od leta 2000. S\u010dasoma so postali referen\u010dna skupina za skupino U2 v Italiji in Evropi. Leta 2015 je bilo za njih nekaj posebnega, kronali [&hellip;]<\/p>","protected":false},"author":11,"featured_media":77770,"template":"","meta":{"_seopress_robots_primary_cat":"none","_seopress_titles_title":"","_seopress_titles_desc":"","_seopress_robots_index":""},"product_brand":[],"product_cat":[230],"product_tag":[222],"class_list":{"0":"post-77769","1":"product","2":"type-product","3":"status-publish","4":"has-post-thumbnail","6":"product_cat-arhiv","7":"product_tag-predprodaja","9":"entry","10":"has-media","12":"first","13":"instock","14":"virtual","15":"taxable","16":"product-type-simple","17":"has-product-nav","18":"col","19":"span_1_of_4","20":"owp-content-center","21":"item-entry","22":"owp-thumbs-layout-horizontal","23":"owp-btn-normal","24":"owp-tabs-layout-section","25":"has-no-thumbnails"},"publishpress_future_action":{"enabled":false,"date":"2026-04-27 04:31:17","action":"change-status","newStatus":"draft","terms":[],"taxonomy":"product_cat","extraData":[]},"publishpress_future_workflow_manual_trigger":{"enabledWorkflows":[]},"_links":{"self":[{"href":"https:\/\/www.orto-bar.com\/en\/wp-json\/wp\/v2\/product\/77769","targetHints":{"allow":["GET"]}}],"collection":[{"href":"https:\/\/www.orto-bar.com\/en\/wp-json\/wp\/v2\/product"}],"about":[{"href":"https:\/\/www.orto-bar.com\/en\/wp-json\/wp\/v2\/types\/product"}],"author":[{"embeddable":true,"href":"https:\/\/www.orto-bar.com\/en\/wp-json\/wp\/v2\/users\/11"}],"version-history":[{"count":0,"href":"https:\/\/www.orto-bar.com\/en\/wp-json\/wp\/v2\/product\/77769\/revisions"}],"wp:featuredmedia":[{"embeddable":true,"href":"https:\/\/www.orto-bar.com\/en\/wp-json\/wp\/v2\/media\/77770"}],"wp:attachment":[{"href":"https:\/\/www.orto-bar.com\/en\/wp-json\/wp\/v2\/media?parent=77769"}],"wp:term":[{"taxonomy":"product_brand","embeddable":true,"href":"https:\/\/www.orto-bar.com\/en\/wp-json\/wp\/v2\/product_brand?post=77769"},{"taxonomy":"product_cat","embeddable":true,"href":"https:\/\/www.orto-bar.com\/en\/wp-json\/wp\/v2\/product_cat?post=77769"},{"taxonomy":"product_tag","embeddable":true,"href":"https:\/\/www.orto-bar.com\/en\/wp-json\/wp\/v2\/product_tag?post=77769"}],"curies":[{"name":"wp","href":"https:\/\/api.w.org\/{rel}","templated":true}]}}