{"id":77772,"date":"2024-09-23T18:20:53","date_gmt":"2024-09-23T16:20:53","guid":{"rendered":"https:\/\/www.orto-bar.com\/?post_type=product&#038;p=77772"},"modified":"2024-11-23T18:18:53","modified_gmt":"2024-11-23T17:18:53","slug":"riff-raff-ac-dc-tribute-band","status":"publish","type":"product","link":"https:\/\/www.orto-bar.com\/en\/dogodki\/arhiv\/riff-raff-ac-dc-tribute-band\/","title":{"rendered":"RIFF RAFF &#8211; AC\/DC Tribute Band"},"content":{"rendered":"<p>&nbsp;<\/p>\n<p class=\"Standard\"><span lang=\"SL\" style=\"font-size: 12.0pt; line-height: 107%; font-family: 'Times New Roman',serif;\">RIFF RAFF \u2013 Ac\/Dc TRIBUTE BAND<\/span><\/p>\n<p class=\"Standard\"><span lang=\"SL\" style=\"font-size: 12.0pt; line-height: 107%; font-family: 'Times New Roman',serif;\">\u0160e ena od skupin, ki smo jo gostili \u017ee prej\u0161njo sezono. Kar je dobro je pa\u010d dobro! Skupino Riff\/Raff je ustanovil Luigi Schiavone, zgodovinski kitarist znanega italijanskega kantavtorja Enrica Ruggerija. <\/span><\/p>\n<p class=\"Standard\"><span lang=\"SL\" style=\"font-size: 12.0pt; line-height: 107%; font-family: 'Times New Roman',serif;\">Milanski kvintet je na odre stopil leta 1989 pod vodstvom vokalista Eda Arlenghija. Skupino poganja velika strast do petih avstralskih rockerjev. Koncert skupine Riff\/Raff predstavi klasike Ac\/Dc iz <\/span><\/p>\n<p class=\"Standard\"><span lang=\"SL\" style=\"font-size: 12.0pt; line-height: 107%; font-family: 'Times New Roman',serif;\">debitantskega albuma &#8220;High Voltage&#8221;, do komadov, ki jih izvajajo v \u017eivo: &#8220;If you want blood-you got it &#8221; in &#8220;Highway to hell&#8221;, skozi &#8220;Back in black&#8221;,\u00a0<\/span><span lang=\"SL\" style=\"font-size: 12.0pt; line-height: 107%; font-family: 'Times New Roman',serif;\">&#8220;Ballbracker&#8221;, ne da bi pozabili na &#8220;<\/span><span style=\"font-family: 'Times New Roman', serif; font-size: 12pt;\">For those about to rock&#8221;.<\/span><\/p>\n<p class=\"Standard\"><span lang=\"SL\" style=\"font-size: 12.0pt; line-height: 107%; font-family: 'Times New Roman',serif;\">Energija, ki jo spro\u0161\u010da milanska skupina, je tak\u0161na, da je v nekaterih recenzijah njihovih koncertov zapisano: &#8220;\u010ce zaprem o\u010di, sli\u0161im natanko Ac\/Dc&#8221;.<\/span><\/p>","protected":false},"excerpt":{"rendered":"<p>&nbsp; RIFF RAFF \u2013 Ac\/Dc TRIBUTE BAND \u0160e ena od skupin, ki smo jo gostili \u017ee prej\u0161njo sezono. Kar je dobro je pa\u010d dobro! Skupino Riff\/Raff je ustanovil Luigi Schiavone, zgodovinski kitarist znanega italijanskega kantavtorja Enrica Ruggerija. Milanski kvintet je na odre stopil leta 1989 pod vodstvom vokalista Eda Arlenghija. Skupino poganja velika strast do [&hellip;]<\/p>","protected":false},"author":11,"featured_media":77773,"template":"","meta":{"_seopress_robots_primary_cat":"none","_seopress_titles_title":"","_seopress_titles_desc":"","_seopress_robots_index":""},"product_brand":[],"product_cat":[230],"product_tag":[222],"class_list":{"0":"post-77772","1":"product","2":"type-product","3":"status-publish","4":"has-post-thumbnail","6":"product_cat-arhiv","7":"product_tag-predprodaja","9":"entry","10":"has-media","12":"first","13":"instock","14":"virtual","15":"taxable","16":"product-type-simple","17":"has-product-nav","18":"col","19":"span_1_of_4","20":"owp-content-center","21":"item-entry","22":"owp-thumbs-layout-horizontal","23":"owp-btn-normal","24":"owp-tabs-layout-section","25":"has-no-thumbnails"},"publishpress_future_action":{"enabled":false,"date":"2026-04-27 08:19:48","action":"change-status","newStatus":"draft","terms":[],"taxonomy":"product_cat","extraData":[]},"publishpress_future_workflow_manual_trigger":{"enabledWorkflows":[]},"_links":{"self":[{"href":"https:\/\/www.orto-bar.com\/en\/wp-json\/wp\/v2\/product\/77772","targetHints":{"allow":["GET"]}}],"collection":[{"href":"https:\/\/www.orto-bar.com\/en\/wp-json\/wp\/v2\/product"}],"about":[{"href":"https:\/\/www.orto-bar.com\/en\/wp-json\/wp\/v2\/types\/product"}],"author":[{"embeddable":true,"href":"https:\/\/www.orto-bar.com\/en\/wp-json\/wp\/v2\/users\/11"}],"version-history":[{"count":0,"href":"https:\/\/www.orto-bar.com\/en\/wp-json\/wp\/v2\/product\/77772\/revisions"}],"wp:featuredmedia":[{"embeddable":true,"href":"https:\/\/www.orto-bar.com\/en\/wp-json\/wp\/v2\/media\/77773"}],"wp:attachment":[{"href":"https:\/\/www.orto-bar.com\/en\/wp-json\/wp\/v2\/media?parent=77772"}],"wp:term":[{"taxonomy":"product_brand","embeddable":true,"href":"https:\/\/www.orto-bar.com\/en\/wp-json\/wp\/v2\/product_brand?post=77772"},{"taxonomy":"product_cat","embeddable":true,"href":"https:\/\/www.orto-bar.com\/en\/wp-json\/wp\/v2\/product_cat?post=77772"},{"taxonomy":"product_tag","embeddable":true,"href":"https:\/\/www.orto-bar.com\/en\/wp-json\/wp\/v2\/product_tag?post=77772"}],"curies":[{"name":"wp","href":"https:\/\/api.w.org\/{rel}","templated":true}]}}