{"id":77783,"date":"2024-09-23T19:21:20","date_gmt":"2024-09-23T17:21:20","guid":{"rendered":"https:\/\/www.orto-bar.com\/?post_type=product&#038;p=77783"},"modified":"2024-12-07T20:05:59","modified_gmt":"2024-12-07T19:05:59","slug":"cherry-wine-amy-winehouse-tribute-band","status":"publish","type":"product","link":"https:\/\/www.orto-bar.com\/en\/dogodki\/arhiv\/cherry-wine-amy-winehouse-tribute-band\/","title":{"rendered":"CHERRY WINE &#8211; Amy Winehouse Tribute Band"},"content":{"rendered":"<p>Cherry Wine &#8211; Amy Winehouse tribute band<\/p>\n<p>&nbsp;<\/p>\n<p>Cherry Wine je devet\u010dlanska zasedba slovenskih profesionalnih glasbenikov, ki so svoje srce in svoj talent posvetili pevki Amy Winehouse. Med \u010dlani zasedbe \u0161e posebej izstopa pevka Maja Predatoria, ki je povsem spontano ujela energijo in virtuoznost omenjene pevke.<\/p>\n<p>Podo\u017eivite energijo in \u010darobnost legende.<\/p>\n<p>&nbsp;<\/p>\n<p>LINE UP:<\/p>\n<p>Maja Predatoria \u2013 vokal<\/p>\n<p>Ugo Ugowsky \u2013 kitara, vokal<\/p>\n<p>Rok \u0160inkovec \u2013 klavir, vokal<\/p>\n<p>Alen Bogataj \u2013 basovska kitara<\/p>\n<p>Luka \u010cibej \u2013 bobni<\/p>\n<p>Branko Mrak \u2013 pozavna, vokal<\/p>\n<p>\u017diga Fabbro \u2013 saksofon, vokal<\/p>\n<p>Domen Gracej \u2013 trobenta, vokal<\/p>\n<p>Lev Selassie \u2013 saksofon, vokal<\/p>\n<p class=\"Standard\">","protected":false},"excerpt":{"rendered":"<p>Cherry Wine &#8211; Amy Winehouse tribute band &nbsp; Cherry Wine je devet\u010dlanska zasedba slovenskih profesionalnih glasbenikov, ki so svoje srce in svoj talent posvetili pevki Amy Winehouse. Med \u010dlani zasedbe \u0161e posebej izstopa pevka Maja Predatoria, ki je povsem spontano ujela energijo in virtuoznost omenjene pevke. Podo\u017eivite energijo in \u010darobnost legende. &nbsp; LINE UP: Maja [&hellip;]<\/p>","protected":false},"author":11,"featured_media":77784,"template":"","meta":{"_seopress_robots_primary_cat":"none","_seopress_titles_title":"","_seopress_titles_desc":"","_seopress_robots_index":""},"product_brand":[],"product_cat":[230],"product_tag":[222],"class_list":{"0":"post-77783","1":"product","2":"type-product","3":"status-publish","4":"has-post-thumbnail","6":"product_cat-arhiv","7":"product_tag-predprodaja","9":"entry","10":"has-media","12":"first","13":"instock","14":"virtual","15":"taxable","16":"product-type-simple","17":"has-product-nav","18":"col","19":"span_1_of_4","20":"owp-content-center","21":"item-entry","22":"owp-thumbs-layout-horizontal","23":"owp-btn-normal","24":"owp-tabs-layout-section","25":"has-no-thumbnails"},"publishpress_future_action":{"enabled":false,"date":"2026-05-10 09:07:53","action":"change-status","newStatus":"draft","terms":[],"taxonomy":"product_cat","extraData":[]},"publishpress_future_workflow_manual_trigger":{"enabledWorkflows":[]},"_links":{"self":[{"href":"https:\/\/www.orto-bar.com\/en\/wp-json\/wp\/v2\/product\/77783","targetHints":{"allow":["GET"]}}],"collection":[{"href":"https:\/\/www.orto-bar.com\/en\/wp-json\/wp\/v2\/product"}],"about":[{"href":"https:\/\/www.orto-bar.com\/en\/wp-json\/wp\/v2\/types\/product"}],"author":[{"embeddable":true,"href":"https:\/\/www.orto-bar.com\/en\/wp-json\/wp\/v2\/users\/11"}],"version-history":[{"count":0,"href":"https:\/\/www.orto-bar.com\/en\/wp-json\/wp\/v2\/product\/77783\/revisions"}],"wp:featuredmedia":[{"embeddable":true,"href":"https:\/\/www.orto-bar.com\/en\/wp-json\/wp\/v2\/media\/77784"}],"wp:attachment":[{"href":"https:\/\/www.orto-bar.com\/en\/wp-json\/wp\/v2\/media?parent=77783"}],"wp:term":[{"taxonomy":"product_brand","embeddable":true,"href":"https:\/\/www.orto-bar.com\/en\/wp-json\/wp\/v2\/product_brand?post=77783"},{"taxonomy":"product_cat","embeddable":true,"href":"https:\/\/www.orto-bar.com\/en\/wp-json\/wp\/v2\/product_cat?post=77783"},{"taxonomy":"product_tag","embeddable":true,"href":"https:\/\/www.orto-bar.com\/en\/wp-json\/wp\/v2\/product_tag?post=77783"}],"curies":[{"name":"wp","href":"https:\/\/api.w.org\/{rel}","templated":true}]}}