{"id":77789,"date":"2024-09-23T19:29:14","date_gmt":"2024-09-23T17:29:14","guid":{"rendered":"https:\/\/www.orto-bar.com\/?post_type=product&#038;p=77789"},"modified":"2024-12-21T21:15:16","modified_gmt":"2024-12-21T20:15:16","slug":"lane-nirvana-tribute-band","status":"publish","type":"product","link":"https:\/\/www.orto-bar.com\/en\/dogodki\/arhiv\/lane-nirvana-tribute-band\/","title":{"rendered":"LANE-Nirvana Tribute Band"},"content":{"rendered":"<p>&nbsp;<\/p>\n<p>LANE-Nirvana Tribute Band\u00a0 Duh devetdesetih reproduciran v glasbi in vzdu\u0161ju, V \u017dIVO.<\/p>\n<p>Spet za\u017eivi udarna melodija in enkratna energija skupine NIRVANA. Skupina, ki ji je uspelo pretresti neko obdobje, ki je pometla z dogmami in slogi osemdesetih let ter dala nov zagon celotni glasbeni sceni tistega \u010dasa in pustila neizbrisen pe\u010dat v glasbenem svetu. LANE vra\u010dajo GRUNGE, ki so ga ljubili in sovra\u017eili, ter na novo predstavi repertoar skupine NIRVANA. Sr\u010dno- umetni\u0161ki poklon, skrbno izveden tako glasbeno kot koreografsko, ki se giblje od mo\u010di elektri\u010dne razli\u010dice do \u010dustvene intenzivnosti \u201eunplugged\u201c razli\u010dice.<\/p>","protected":false},"excerpt":{"rendered":"<p>&nbsp; LANE-Nirvana Tribute Band\u00a0 Duh devetdesetih reproduciran v glasbi in vzdu\u0161ju, V \u017dIVO. Spet za\u017eivi udarna melodija in enkratna energija skupine NIRVANA. Skupina, ki ji je uspelo pretresti neko obdobje, ki je pometla z dogmami in slogi osemdesetih let ter dala nov zagon celotni glasbeni sceni tistega \u010dasa in pustila neizbrisen pe\u010dat v glasbenem svetu. [&hellip;]<\/p>","protected":false},"author":11,"featured_media":77791,"template":"","meta":{"_seopress_robots_primary_cat":"none","_seopress_titles_title":"","_seopress_titles_desc":"","_seopress_robots_index":""},"product_brand":[],"product_cat":[230],"product_tag":[222],"class_list":{"0":"post-77789","1":"product","2":"type-product","3":"status-publish","4":"has-post-thumbnail","6":"product_cat-arhiv","7":"product_tag-predprodaja","9":"entry","10":"has-media","12":"first","13":"instock","14":"virtual","15":"taxable","16":"product-type-simple","17":"has-product-nav","18":"col","19":"span_1_of_4","20":"owp-content-center","21":"item-entry","22":"owp-thumbs-layout-horizontal","23":"owp-btn-normal","24":"owp-tabs-layout-section","25":"has-no-thumbnails"},"publishpress_future_action":{"enabled":false,"date":"2026-05-01 10:19:29","action":"change-status","newStatus":"draft","terms":[],"taxonomy":"product_cat","extraData":[]},"publishpress_future_workflow_manual_trigger":{"enabledWorkflows":[]},"_links":{"self":[{"href":"https:\/\/www.orto-bar.com\/en\/wp-json\/wp\/v2\/product\/77789","targetHints":{"allow":["GET"]}}],"collection":[{"href":"https:\/\/www.orto-bar.com\/en\/wp-json\/wp\/v2\/product"}],"about":[{"href":"https:\/\/www.orto-bar.com\/en\/wp-json\/wp\/v2\/types\/product"}],"author":[{"embeddable":true,"href":"https:\/\/www.orto-bar.com\/en\/wp-json\/wp\/v2\/users\/11"}],"version-history":[{"count":0,"href":"https:\/\/www.orto-bar.com\/en\/wp-json\/wp\/v2\/product\/77789\/revisions"}],"wp:featuredmedia":[{"embeddable":true,"href":"https:\/\/www.orto-bar.com\/en\/wp-json\/wp\/v2\/media\/77791"}],"wp:attachment":[{"href":"https:\/\/www.orto-bar.com\/en\/wp-json\/wp\/v2\/media?parent=77789"}],"wp:term":[{"taxonomy":"product_brand","embeddable":true,"href":"https:\/\/www.orto-bar.com\/en\/wp-json\/wp\/v2\/product_brand?post=77789"},{"taxonomy":"product_cat","embeddable":true,"href":"https:\/\/www.orto-bar.com\/en\/wp-json\/wp\/v2\/product_cat?post=77789"},{"taxonomy":"product_tag","embeddable":true,"href":"https:\/\/www.orto-bar.com\/en\/wp-json\/wp\/v2\/product_tag?post=77789"}],"curies":[{"name":"wp","href":"https:\/\/api.w.org\/{rel}","templated":true}]}}