{"id":77796,"date":"2024-09-23T19:41:54","date_gmt":"2024-09-23T17:41:54","guid":{"rendered":"https:\/\/www.orto-bar.com\/?post_type=product&#038;p=77796"},"modified":"2025-02-15T21:05:25","modified_gmt":"2025-02-15T20:05:25","slug":"sticky-fingers-roling-stones-tribute-band","status":"publish","type":"product","link":"https:\/\/www.orto-bar.com\/en\/dogodki\/arhiv\/sticky-fingers-roling-stones-tribute-band\/","title":{"rendered":"STICKY FINGERS &#8211; Roling Stones Tribute Band"},"content":{"rendered":"<p>&nbsp;<\/p>\n<p>THE STICKY FINGERS \u2013 A ROLLING STONES EXPERIENCE<\/p>\n<p>Skupina s svojimi nastopi vsaki\u010d znova navdu\u0161uje. Grifi, ritem in odli\u010dna interpretacija ter prepoznaven vokal ne pustijo ravnodu\u0161nih niti najve\u010djih navdu\u0161encev in ljubiteljev zasedbe Rolling Stones. Ti so njihovo vodilo na vsakem nastopu, s katerim posku\u0161ajo pribli\u017eati ob\u010dinstvu \u010dar te neverjetne skupine.<br \/>\nZa popolnost so seveda nepogre\u0161ljivi tudi gibi, izrazi, vokal in obla\u010dila, ki ponazarjajo velikane rockovske glasbe, Micka Jaggerja, Keitha Richardsa, Charlieja Watssa, Ronnieja Wooda in druge \u010dlane, ki so v preteklosti sodelovali z Rollingi: Billa Wymana, Briana Jonesa in Micka Taylorja.<\/p>\n<p>Na koncertu boste lahko u\u017eivali ob najve\u010djih uspe\u0161nicah skupine Rolling Stones, kot so Satisfaction, Start Me Up, Brown Sugar, Paint It Black, Jumping Jack Flash, Angie, Ruby Tuesday in \u0161tevilnih drugih.<\/p>\n<p>Skupina The Rolling Stones je svojo glasbeno pot za\u010dela leta 1962, uradno 1963. Ustanovil jo je nekdanji kitarist skupine Brian Jones, ki je s klaviaturistom Ianom Stewartom v skupino povabil \u0161e pevca Micka Jaggerja, kitarista Keitha Richardsa, basista Billa Wymana in bobnarja Charlieja Wattsa, \u0161e zdaj pa velja za eno najve\u010djih in najuspe\u0161nej\u0161ih rockovskih skupin vseh \u010dasov.<\/p>\n<p>To bo potovanje skozi raritete in najve\u010dje uspe\u0161nice Stonesov, ki jih bo v \u017eivo izvedla skupina, ustanovljena leta 2007. Fantje so med drugim nastopili\u00a0 v pomembnih klubih, kot so Alcatraz v Milanu, Vox v Modeni, Crossroads v Rimu, in na velikih dogodkih, kot so oder Moto GP na avtodromu Spielberg v Avstriji, festival Cover v Davosu v \u0160vici, turneje v Nem\u010diji, na Nizozemskem in v Hali Tivoli v Sloveniji.<\/p>","protected":false},"excerpt":{"rendered":"<p>&nbsp; THE STICKY FINGERS \u2013 A ROLLING STONES EXPERIENCE Skupina s svojimi nastopi vsaki\u010d znova navdu\u0161uje. Grifi, ritem in odli\u010dna interpretacija ter prepoznaven vokal ne pustijo ravnodu\u0161nih niti najve\u010djih navdu\u0161encev in ljubiteljev zasedbe Rolling Stones. Ti so njihovo vodilo na vsakem nastopu, s katerim posku\u0161ajo pribli\u017eati ob\u010dinstvu \u010dar te neverjetne skupine. Za popolnost so seveda [&hellip;]<\/p>","protected":false},"author":11,"featured_media":77797,"template":"","meta":{"_seopress_robots_primary_cat":"none","_seopress_titles_title":"","_seopress_titles_desc":"","_seopress_robots_index":""},"product_brand":[],"product_cat":[230],"product_tag":[222],"class_list":{"0":"post-77796","1":"product","2":"type-product","3":"status-publish","4":"has-post-thumbnail","6":"product_cat-arhiv","7":"product_tag-predprodaja","9":"entry","10":"has-media","12":"first","13":"instock","14":"virtual","15":"taxable","16":"product-type-simple","17":"has-product-nav","18":"col","19":"span_1_of_4","20":"owp-content-center","21":"item-entry","22":"owp-thumbs-layout-horizontal","23":"owp-btn-normal","24":"owp-tabs-layout-section","25":"has-no-thumbnails"},"publishpress_future_action":{"enabled":false,"date":"2026-05-10 13:49:37","action":"change-status","newStatus":"draft","terms":[],"taxonomy":"product_cat","extraData":[]},"publishpress_future_workflow_manual_trigger":{"enabledWorkflows":[]},"_links":{"self":[{"href":"https:\/\/www.orto-bar.com\/en\/wp-json\/wp\/v2\/product\/77796","targetHints":{"allow":["GET"]}}],"collection":[{"href":"https:\/\/www.orto-bar.com\/en\/wp-json\/wp\/v2\/product"}],"about":[{"href":"https:\/\/www.orto-bar.com\/en\/wp-json\/wp\/v2\/types\/product"}],"author":[{"embeddable":true,"href":"https:\/\/www.orto-bar.com\/en\/wp-json\/wp\/v2\/users\/11"}],"version-history":[{"count":0,"href":"https:\/\/www.orto-bar.com\/en\/wp-json\/wp\/v2\/product\/77796\/revisions"}],"wp:featuredmedia":[{"embeddable":true,"href":"https:\/\/www.orto-bar.com\/en\/wp-json\/wp\/v2\/media\/77797"}],"wp:attachment":[{"href":"https:\/\/www.orto-bar.com\/en\/wp-json\/wp\/v2\/media?parent=77796"}],"wp:term":[{"taxonomy":"product_brand","embeddable":true,"href":"https:\/\/www.orto-bar.com\/en\/wp-json\/wp\/v2\/product_brand?post=77796"},{"taxonomy":"product_cat","embeddable":true,"href":"https:\/\/www.orto-bar.com\/en\/wp-json\/wp\/v2\/product_cat?post=77796"},{"taxonomy":"product_tag","embeddable":true,"href":"https:\/\/www.orto-bar.com\/en\/wp-json\/wp\/v2\/product_tag?post=77796"}],"curies":[{"name":"wp","href":"https:\/\/api.w.org\/{rel}","templated":true}]}}