{"id":77799,"date":"2024-09-23T19:46:31","date_gmt":"2024-09-23T17:46:31","guid":{"rendered":"https:\/\/www.orto-bar.com\/?post_type=product&#038;p=77799"},"modified":"2025-03-15T21:17:46","modified_gmt":"2025-03-15T20:17:46","slug":"vipers-queen-tribute-band","status":"publish","type":"product","link":"https:\/\/www.orto-bar.com\/en\/dogodki\/arhiv\/vipers-queen-tribute-band\/","title":{"rendered":"VIPERS &#8211; Queen Tribute Band"},"content":{"rendered":"<p>&nbsp;<\/p>\n<p>VIPERS \u2013 QUEEN TRIBUTE<\/p>\n<p>Preprosto odli\u010dni! Zato z nami tudi to sezono.\u00a0 Gre za &#8220;Veliki obo\u017eevalci skupine Queen&#8221;. Tako se opredeljujejo \u010dlani skupine &#8211; Giuseppe Maggioni (vokal), Giordano Bruno (kitara), Stefano Armati (bas) in Roberto Previtali (bobni). Delujejo od leta 2002, presegli so mejo 2000 nastopov v \u017eivo. Njihova \u017eelja je, da se z uporabo nekaterih scenografskih in kostumografskih elementov, ki poudarjajo spektakularnost in glasbeno mo\u010d najbolj priljubljene skupine na svetu, \u010dimbolj pribli\u017eajo originalnim odrskim izvedbam britanske skupine, katere kapetan je bil legendarni Freddie Mercury.<\/p>\n<p>Beppe Maggioni, glas skupine Vipers, je leta 2014 sodeloval v oddaji THE VOICE OF ITALY, ki so jo predvajali na RAI 2 (drugi program italijanske javne televizije), in zasedel drugo mesto.<\/p>","protected":false},"excerpt":{"rendered":"<p>&nbsp; VIPERS \u2013 QUEEN TRIBUTE Preprosto odli\u010dni! Zato z nami tudi to sezono.\u00a0 Gre za &#8220;Veliki obo\u017eevalci skupine Queen&#8221;. Tako se opredeljujejo \u010dlani skupine &#8211; Giuseppe Maggioni (vokal), Giordano Bruno (kitara), Stefano Armati (bas) in Roberto Previtali (bobni). Delujejo od leta 2002, presegli so mejo 2000 nastopov v \u017eivo. Njihova \u017eelja je, da se z [&hellip;]<\/p>","protected":false},"author":11,"featured_media":86801,"template":"","meta":{"_seopress_robots_primary_cat":"none","_seopress_titles_title":"","_seopress_titles_desc":"","_seopress_robots_index":""},"product_brand":[],"product_cat":[230],"product_tag":[222],"class_list":{"0":"post-77799","1":"product","2":"type-product","3":"status-publish","4":"has-post-thumbnail","6":"product_cat-arhiv","7":"product_tag-predprodaja","9":"entry","10":"has-media","12":"first","13":"instock","14":"virtual","15":"taxable","16":"product-type-simple","17":"has-product-nav","18":"col","19":"span_1_of_4","20":"owp-content-center","21":"item-entry","22":"owp-thumbs-layout-horizontal","23":"owp-btn-normal","24":"owp-tabs-layout-section","25":"has-no-thumbnails"},"publishpress_future_action":{"enabled":false,"date":"2026-05-10 16:18:56","action":"change-status","newStatus":"draft","terms":[],"taxonomy":"product_cat","extraData":[]},"publishpress_future_workflow_manual_trigger":{"enabledWorkflows":[]},"_links":{"self":[{"href":"https:\/\/www.orto-bar.com\/en\/wp-json\/wp\/v2\/product\/77799","targetHints":{"allow":["GET"]}}],"collection":[{"href":"https:\/\/www.orto-bar.com\/en\/wp-json\/wp\/v2\/product"}],"about":[{"href":"https:\/\/www.orto-bar.com\/en\/wp-json\/wp\/v2\/types\/product"}],"author":[{"embeddable":true,"href":"https:\/\/www.orto-bar.com\/en\/wp-json\/wp\/v2\/users\/11"}],"version-history":[{"count":0,"href":"https:\/\/www.orto-bar.com\/en\/wp-json\/wp\/v2\/product\/77799\/revisions"}],"wp:featuredmedia":[{"embeddable":true,"href":"https:\/\/www.orto-bar.com\/en\/wp-json\/wp\/v2\/media\/86801"}],"wp:attachment":[{"href":"https:\/\/www.orto-bar.com\/en\/wp-json\/wp\/v2\/media?parent=77799"}],"wp:term":[{"taxonomy":"product_brand","embeddable":true,"href":"https:\/\/www.orto-bar.com\/en\/wp-json\/wp\/v2\/product_brand?post=77799"},{"taxonomy":"product_cat","embeddable":true,"href":"https:\/\/www.orto-bar.com\/en\/wp-json\/wp\/v2\/product_cat?post=77799"},{"taxonomy":"product_tag","embeddable":true,"href":"https:\/\/www.orto-bar.com\/en\/wp-json\/wp\/v2\/product_tag?post=77799"}],"curies":[{"name":"wp","href":"https:\/\/api.w.org\/{rel}","templated":true}]}}