{"id":77924,"date":"2024-09-24T22:23:19","date_gmt":"2024-09-24T20:23:19","guid":{"rendered":"https:\/\/www.orto-bar.com\/?post_type=product&#038;p=77924"},"modified":"2025-03-21T19:51:31","modified_gmt":"2025-03-21T18:51:31","slug":"fallen-at-dawn-inmate","status":"publish","type":"product","link":"https:\/\/www.orto-bar.com\/en\/dogodki\/arhiv\/fallen-at-dawn-inmate\/","title":{"rendered":"Fallen at Dawn &#038; Inmate"},"content":{"rendered":"<p>&nbsp;<\/p>\n<p>Fallen at Dawn zasedba prihaja iz Madrida v \u0160paniji in je ena najbolj vplivnih skupin na sodobni metal sceni v Evropi. Skupina izmenjuje pogumne breakdowne z brutalnimi riffi in \u010dustvenimi kriki, skupaj z elegantnimi \u010distimi vokali, vse pa je pome\u0161ano s pridihom najnovej\u0161ega metalcorea. Mo\u010dan, moderen, sve\u017e, groovy zvok, s \u010dustvenimi in srce parajo\u010dimi refreni so lastnosti, ki opredeljujejo to zasedbo, ki je na sceni vzniknila leta 2017.<\/p>\n<p><a href=\"https:\/\/www.youtube.com\/@FallenAtDawn\/videos?fbclid=IwZXh0bgNhZW0CMTAAAR2R0UQsrBD9ysghlD192sDJc_eV0yKu8BRD94-xYq1KgfZc4sM5MxfnmHc_aem_jmPndYuAY3aIsyCuWZO5FQ\"><strong>https:\/\/www.youtube.com\/@FallenAtDawn\/videos<\/strong><\/a><br \/>\n_______________________________<\/p>\n<p>Inmate\u00a0 imajo v svojem ve\u010dletnem ustvarjanju za seboj veliko koncertov po Sloveniji in tujini. V letih delovanja so napredovali v zvoku in glasbeni usmeritvi, lahko se pohvalijo tudi z izredno dovr\u0161enim odrskim nastopom. Mo\u010dne kitare, udarna ritem sekcija in energi\u010dnost vokalista jim \u0161iri poslu\u0161alstvo z vsakim koncertom in jih uvr\u0161\u010da med mod- erne new age metal skupine.<\/p>\n<p>Njihovo ustvarjanje in dojemanje glasbe temelji na trdem delu in iskanju novih, \u0161e nepoznanih vplivov. Vsekakor je skupina znana predvsem po svoji odlo\u010dni dr\u017ei in nepopustljivem vztrajanju na odru in izven njega. Ni jih malo, ki verjamejo v njihov uspeh, predvsem pa jim vsak koncert \u0161iri poslu\u0161alstvo in zveste obiskovalce live nastopov.<\/p>\n<p>Leto\u0161njega aprial so s s koncertom v Ortu uradno izdali \u0161esti studijski izdelek, album z naslovom\u00a0 <strong>LET THE DEAD BURY THEIR DEAD<\/strong>. Gre za njihov najtr\u0161i album do sedaj. Pred kratkim so izdali singel &#8216;Calm in a Storm&#8217;.<\/p>\n<p><a href=\"https:\/\/l.facebook.com\/l.php?u=https%3A%2F%2Fwww.youtube.com%2Fwatch%3Fv%3DLK_cPFZ_uvE%26fbclid%3DIwZXh0bgNhZW0CMTAAAR0YQ5fVGwfWk2R-fNeWdlS6I8cgdncbYN0QBqa1dD03sq9ulCxF4aFPyKg_aem_WYom2uoePZ-CAS5yCoUbIA&amp;h=AT2t_z2uqd0bPjjKOfK5EBPudqUigDjSYT0lXp6QjMNJJlvsj02QUP2DOf6SB9BxZQkL-xqtO3-ejYYcoyz81GA-GDUezOnUB3BaciDQalf8B7wClutAkr6de1x5CPk8Sptl&amp;__tn__=q&amp;c%5b0%5d=AT2PGIXSWKSmLowk6_rPJ8ckfb7VGE7cnSVl2Xyc-GqzuLS25LnxFmaBkXnqNiX2HHC74wWLVYXQ_eFV-WtBsL5MBs5GBQYlQCNJ0m3IcvEpuzdWRoqXtWg7_sARUQvyGgrrT1y1fJ0Y-M-9kTAQl_L1J-2i2gOJQDqOHA\"><strong>https:\/\/www.youtube.com\/watch?v=LK_cPFZ_uvE<\/strong><\/a><\/p>","protected":false},"excerpt":{"rendered":"<p>&nbsp; Fallen at Dawn zasedba prihaja iz Madrida v \u0160paniji in je ena najbolj vplivnih skupin na sodobni metal sceni v Evropi. Skupina izmenjuje pogumne breakdowne z brutalnimi riffi in \u010dustvenimi kriki, skupaj z elegantnimi \u010distimi vokali, vse pa je pome\u0161ano s pridihom najnovej\u0161ega metalcorea. Mo\u010dan, moderen, sve\u017e, groovy zvok, s \u010dustvenimi in srce parajo\u010dimi [&hellip;]<\/p>","protected":false},"author":11,"featured_media":80527,"template":"","meta":{"_seopress_robots_primary_cat":"none","_seopress_titles_title":"","_seopress_titles_desc":"","_seopress_robots_index":""},"product_brand":[],"product_cat":[230],"product_tag":[222],"class_list":{"0":"post-77924","1":"product","2":"type-product","3":"status-publish","4":"has-post-thumbnail","6":"product_cat-arhiv","7":"product_tag-predprodaja","9":"entry","10":"has-media","12":"first","13":"instock","14":"virtual","15":"taxable","16":"product-type-simple","17":"has-product-nav","18":"col","19":"span_1_of_4","20":"owp-content-center","21":"item-entry","22":"owp-thumbs-layout-horizontal","23":"owp-btn-normal","24":"owp-tabs-layout-section","25":"has-no-thumbnails"},"publishpress_future_action":{"enabled":false,"date":"2026-05-10 07:07:31","action":"change-status","newStatus":"draft","terms":[],"taxonomy":"product_cat","extraData":[]},"publishpress_future_workflow_manual_trigger":{"enabledWorkflows":[]},"_links":{"self":[{"href":"https:\/\/www.orto-bar.com\/en\/wp-json\/wp\/v2\/product\/77924","targetHints":{"allow":["GET"]}}],"collection":[{"href":"https:\/\/www.orto-bar.com\/en\/wp-json\/wp\/v2\/product"}],"about":[{"href":"https:\/\/www.orto-bar.com\/en\/wp-json\/wp\/v2\/types\/product"}],"author":[{"embeddable":true,"href":"https:\/\/www.orto-bar.com\/en\/wp-json\/wp\/v2\/users\/11"}],"version-history":[{"count":0,"href":"https:\/\/www.orto-bar.com\/en\/wp-json\/wp\/v2\/product\/77924\/revisions"}],"wp:featuredmedia":[{"embeddable":true,"href":"https:\/\/www.orto-bar.com\/en\/wp-json\/wp\/v2\/media\/80527"}],"wp:attachment":[{"href":"https:\/\/www.orto-bar.com\/en\/wp-json\/wp\/v2\/media?parent=77924"}],"wp:term":[{"taxonomy":"product_brand","embeddable":true,"href":"https:\/\/www.orto-bar.com\/en\/wp-json\/wp\/v2\/product_brand?post=77924"},{"taxonomy":"product_cat","embeddable":true,"href":"https:\/\/www.orto-bar.com\/en\/wp-json\/wp\/v2\/product_cat?post=77924"},{"taxonomy":"product_tag","embeddable":true,"href":"https:\/\/www.orto-bar.com\/en\/wp-json\/wp\/v2\/product_tag?post=77924"}],"curies":[{"name":"wp","href":"https:\/\/api.w.org\/{rel}","templated":true}]}}