{"id":77987,"date":"2024-09-25T14:13:16","date_gmt":"2024-09-25T12:13:16","guid":{"rendered":"https:\/\/www.orto-bar.com\/?post_type=product&#038;p=77987"},"modified":"2024-11-21T20:15:30","modified_gmt":"2024-11-21T19:15:30","slug":"full-tone-generator-guilty-of-joy","status":"publish","type":"product","link":"https:\/\/www.orto-bar.com\/en\/dogodki\/arhiv\/full-tone-generator-guilty-of-joy\/","title":{"rendered":"Full Tone Generator &#038; Guilty of Joy"},"content":{"rendered":"<p>&nbsp;<\/p>\n<p><strong>Full Tone Generator<\/strong> Avstralska zasedba je podpisala pogodbo z zalo\u017ebo Golden Robot Records in Iron Head Records (ZDA). Pravkar je zaklju\u010dila snemanje novega albuma &#8220;Refuge Of Sinners&#8221;. Posnet je bil v Kaliforniji v znanem studiu Rancho De La Luna z Daveom Catchingom. Prvi album &#8220;Valley of the Universe&#8221; je bil hvaljen od kritikov in razprodan v vseh regijah fizi\u010dnih kopij, na njem je sodeloval tudi BRANT BJORK na bobnih in produkciji.<\/p>\n<p><a href=\"https:\/\/www.youtube.com\/watch?v=a7TFFQpRDm0&amp;fbclid=IwZXh0bgNhZW0CMTAAAR1cezaqKVBAeTpG5fZ_PoPYN5jMnn0RuN1siB6nt0MXjHDwIy1huZt1YcI_aem_5WEVMOEHOYLKjaiMlMkVQQ\"><strong>https:\/\/www.youtube.com\/watch?v=a7TFFQpRDm0<\/strong><\/a><br \/>\n<a href=\"https:\/\/www.youtube.com\/watch?v=z2GFqrwox9E&amp;fbclid=IwZXh0bgNhZW0CMTAAAR04AK795Hs3CZ07zL82_sdEvaOadWRqdE5Akt71CC8PAcgvG862L7olkZM_aem_j3SSqZDnxuOhsDkHK64Xbg\"><strong>https:\/\/www.youtube.com\/watch?v=z2GFqrwox9E<\/strong><\/a><br \/>\n_______________________________<\/p>\n<p><strong> Guilty of Joy<\/strong> so \u0161tirje glasbeni intuziasti s koreninami, zasajenimi v rock glasbi devetdesetih, ki ustvarjajo brezkompromisno glasbo. Ta izra\u017ea njihove osebne izku\u0161nje, izzive in sanje. Skupino sestavljajo Marko Dupli\u0161ak (vokali), \u017diga Jeri\u010d (kitara), Jure Jelov\u010dan (bas kitara) in Rok Zaplotnik (bobni). Konec oktobra so izdali svoj prvenec Music Diary, ki je na voljo tako v fizi\u010dni obliki kot na vseh glasbenih platformah.<\/p>\n<p><a href=\"https:\/\/www.youtube.com\/watch?v=ds4AYRgiKTo&amp;fbclid=IwZXh0bgNhZW0CMTAAAR2jsH2dD10zKRPQq5UwYbdyI-ncaw0gSoTDyPmuOxjrMC6sxwVMj0iCgEo_aem_fLW8CC6ttzbOjma1NIVCTQ\"><strong>https:\/\/www.youtube.com\/watch?v=ds4AYRgiKTo<\/strong><\/a><br \/>\n<a href=\"https:\/\/www.youtube.com\/watch?v=QGpRoUW-nCw&amp;fbclid=IwZXh0bgNhZW0CMTAAAR0iG-ZpgkCt9pRODkRwLH6uUiw_QFcT5JC79GfOy_c8SI20iWopd7JsCpg_aem_ycLeG69T7rmZPYIKBwOm7Q\"><strong>https:\/\/www.youtube.com\/watch?v=QGpRoUW-nCw<\/strong><\/a><\/p>\n<p>&nbsp;<\/p>","protected":false},"excerpt":{"rendered":"<p>&nbsp; Full Tone Generator Avstralska zasedba je podpisala pogodbo z zalo\u017ebo Golden Robot Records in Iron Head Records (ZDA). Pravkar je zaklju\u010dila snemanje novega albuma &#8220;Refuge Of Sinners&#8221;. Posnet je bil v Kaliforniji v znanem studiu Rancho De La Luna z Daveom Catchingom. Prvi album &#8220;Valley of the Universe&#8221; je bil hvaljen od kritikov in [&hellip;]<\/p>","protected":false},"author":11,"featured_media":77988,"template":"","meta":{"_seopress_robots_primary_cat":"none","_seopress_titles_title":"","_seopress_titles_desc":"","_seopress_robots_index":""},"product_brand":[],"product_cat":[230],"product_tag":[222],"class_list":{"0":"post-77987","1":"product","2":"type-product","3":"status-publish","4":"has-post-thumbnail","6":"product_cat-arhiv","7":"product_tag-predprodaja","9":"entry","10":"has-media","12":"first","13":"instock","14":"virtual","15":"taxable","16":"product-type-simple","17":"has-product-nav","18":"col","19":"span_1_of_4","20":"owp-content-center","21":"item-entry","22":"owp-thumbs-layout-horizontal","23":"owp-btn-normal","24":"owp-tabs-layout-section","25":"has-no-thumbnails"},"publishpress_future_action":{"enabled":false,"date":"2026-04-26 23:10:16","action":"change-status","newStatus":"draft","terms":[],"taxonomy":"product_cat","extraData":[]},"publishpress_future_workflow_manual_trigger":{"enabledWorkflows":[]},"_links":{"self":[{"href":"https:\/\/www.orto-bar.com\/en\/wp-json\/wp\/v2\/product\/77987","targetHints":{"allow":["GET"]}}],"collection":[{"href":"https:\/\/www.orto-bar.com\/en\/wp-json\/wp\/v2\/product"}],"about":[{"href":"https:\/\/www.orto-bar.com\/en\/wp-json\/wp\/v2\/types\/product"}],"author":[{"embeddable":true,"href":"https:\/\/www.orto-bar.com\/en\/wp-json\/wp\/v2\/users\/11"}],"version-history":[{"count":0,"href":"https:\/\/www.orto-bar.com\/en\/wp-json\/wp\/v2\/product\/77987\/revisions"}],"wp:featuredmedia":[{"embeddable":true,"href":"https:\/\/www.orto-bar.com\/en\/wp-json\/wp\/v2\/media\/77988"}],"wp:attachment":[{"href":"https:\/\/www.orto-bar.com\/en\/wp-json\/wp\/v2\/media?parent=77987"}],"wp:term":[{"taxonomy":"product_brand","embeddable":true,"href":"https:\/\/www.orto-bar.com\/en\/wp-json\/wp\/v2\/product_brand?post=77987"},{"taxonomy":"product_cat","embeddable":true,"href":"https:\/\/www.orto-bar.com\/en\/wp-json\/wp\/v2\/product_cat?post=77987"},{"taxonomy":"product_tag","embeddable":true,"href":"https:\/\/www.orto-bar.com\/en\/wp-json\/wp\/v2\/product_tag?post=77987"}],"curies":[{"name":"wp","href":"https:\/\/api.w.org\/{rel}","templated":true}]}}