{"id":78114,"date":"2024-09-26T17:01:43","date_gmt":"2024-09-26T15:01:43","guid":{"rendered":"https:\/\/www.orto-bar.com\/?post_type=product&#038;p=78114"},"modified":"2024-12-28T19:47:01","modified_gmt":"2024-12-28T18:47:01","slug":"the-doors-2-0-tribute-to-the-doors-3","status":"publish","type":"product","link":"https:\/\/www.orto-bar.com\/en\/dogodki\/arhiv\/the-doors-2-0-tribute-to-the-doors-3\/","title":{"rendered":"The Doors 2.0 &#8211; Tribute to  The Doors"},"content":{"rendered":"<p>The Doors 2.0 je skupina, ki poustvarja skladbe legendarne zasedbe The Doors.<br \/>\nPoustvarjanje je na podro\u010dju &amp;quot;resne&amp;quot; glasbe nesporna aktivnost, na podro\u010dju<br \/>\npopularne in rock glasbe pa je poustvarjanje skoraj greh.<br \/>\nThe Doors 2.0 nam ponujajo svoj pogled na skladbe o\u010detov psihadeli\u010dne rock<br \/>\npoezije.<br \/>\nZasedbo sestavljajo stari znanci slovenskih in tujih odrov in sicer Bo\u0161tjan Andrejc<br \/>\nBushy &#8211; kitara, vokal (Night Jump, Heavenix, Avtomobili, Skunk Funk, Terra<br \/>\nMystica&#8230;), Patrick Vla\u010di\u010d \u2013 bas (Night Jump, Heavenix, Terra Mystica&#8230;), Andrej<br \/>\nMarin\u010di\u010d &#8211; klaviature (Selecto, Unknown Legends, Non-et, Judita, Y-knot&#8230;) in<br \/>\npovratnica na glasbenih odrih Aleksandra Andrejc Beta &#8211; bobni.<\/p>","protected":false},"excerpt":{"rendered":"<p>The Doors 2.0 je skupina, ki poustvarja skladbe legendarne zasedbe The Doors. Poustvarjanje je na podro\u010dju &amp;quot;resne&amp;quot; glasbe nesporna aktivnost, na podro\u010dju popularne in rock glasbe pa je poustvarjanje skoraj greh. The Doors 2.0 nam ponujajo svoj pogled na skladbe o\u010detov psihadeli\u010dne rock poezije. Zasedbo sestavljajo stari znanci slovenskih in tujih odrov in sicer Bo\u0161tjan [&hellip;]<\/p>","protected":false},"author":11,"featured_media":25270,"template":"","meta":{"_seopress_robots_primary_cat":"none","_seopress_titles_title":"","_seopress_titles_desc":"","_seopress_robots_index":""},"product_brand":[],"product_cat":[230],"product_tag":[222],"class_list":{"0":"post-78114","1":"product","2":"type-product","3":"status-publish","4":"has-post-thumbnail","6":"product_cat-arhiv","7":"product_tag-predprodaja","9":"entry","10":"has-media","12":"first","13":"instock","14":"virtual","15":"taxable","16":"product-type-simple","17":"has-product-nav","18":"col","19":"span_1_of_4","20":"owp-content-center","21":"item-entry","22":"owp-thumbs-layout-horizontal","23":"owp-btn-normal","24":"owp-tabs-layout-section","25":"has-no-thumbnails"},"publishpress_future_action":{"enabled":false,"date":"2026-04-30 13:45:32","action":"change-status","newStatus":"draft","terms":[],"taxonomy":"product_cat","extraData":[]},"publishpress_future_workflow_manual_trigger":{"enabledWorkflows":[]},"_links":{"self":[{"href":"https:\/\/www.orto-bar.com\/en\/wp-json\/wp\/v2\/product\/78114","targetHints":{"allow":["GET"]}}],"collection":[{"href":"https:\/\/www.orto-bar.com\/en\/wp-json\/wp\/v2\/product"}],"about":[{"href":"https:\/\/www.orto-bar.com\/en\/wp-json\/wp\/v2\/types\/product"}],"author":[{"embeddable":true,"href":"https:\/\/www.orto-bar.com\/en\/wp-json\/wp\/v2\/users\/11"}],"version-history":[{"count":0,"href":"https:\/\/www.orto-bar.com\/en\/wp-json\/wp\/v2\/product\/78114\/revisions"}],"wp:featuredmedia":[{"embeddable":true,"href":"https:\/\/www.orto-bar.com\/en\/wp-json\/wp\/v2\/media\/25270"}],"wp:attachment":[{"href":"https:\/\/www.orto-bar.com\/en\/wp-json\/wp\/v2\/media?parent=78114"}],"wp:term":[{"taxonomy":"product_brand","embeddable":true,"href":"https:\/\/www.orto-bar.com\/en\/wp-json\/wp\/v2\/product_brand?post=78114"},{"taxonomy":"product_cat","embeddable":true,"href":"https:\/\/www.orto-bar.com\/en\/wp-json\/wp\/v2\/product_cat?post=78114"},{"taxonomy":"product_tag","embeddable":true,"href":"https:\/\/www.orto-bar.com\/en\/wp-json\/wp\/v2\/product_tag?post=78114"}],"curies":[{"name":"wp","href":"https:\/\/api.w.org\/{rel}","templated":true}]}}