{"id":78116,"date":"2024-09-26T17:25:07","date_gmt":"2024-09-26T15:25:07","guid":{"rendered":"https:\/\/www.orto-bar.com\/?post_type=product&#038;p=78116"},"modified":"2024-10-11T20:45:13","modified_gmt":"2024-10-11T18:45:13","slug":"dosa-triiiple-la-bagra","status":"publish","type":"product","link":"https:\/\/www.orto-bar.com\/en\/dogodki\/arhiv\/dosa-triiiple-la-bagra\/","title":{"rendered":"Do\u0161a &#038; Triiiple &#038; La Bagra"},"content":{"rendered":"<p><strong>Do\u0161a<\/strong>\u00a0\u2013 eden izmed najbolj\u0161ih in najvplivnej\u0161ih slovenskih reperjev. S svojo edinstveno energijo, tehni\u010dno dovr\u0161enostjo in mo\u010dno odrsko prezenco navdu\u0161uje razli\u010dne generacije. Njegova besedila odra\u017eajo dru\u017ebene in osebne izzive ter z vsako novo pesmijo postavlja nove mejnike slovenske rap scene.<\/p>\n<p><strong>Triiiple<\/strong>\u00a0\u2013 veteran slovenske rap scene, ki \u017ee ve\u010d kot 20 let kljubuje trendom. Njegove zgodbe o \u017eivljenju na ulicah Velenja in surovi liri\u010dni stil odmevajo med poslu\u0161alci. Triiiple je ustvaril \u0161tiri solo albume in sodeloval s \u0161tevilnimi slovenskimi glasbeniki, pripravlja pa \u017ee novo mojstrovino, ki bo \u0161e dodatno utrdila njegov vpliv.<\/p>\n<p><strong>La Bagra<\/strong>\u00a0\u2013 skupina, ki jo sestavljata Smirbe Chiro in Xebe, je postala sinonim za surove uli\u010dne hite, kot so &#8220;5 Grama&#8221;, &#8220;Lifestayl&#8221; in &#8220;Fast Life&#8221;. Njihov zvok zdru\u017euje avtenti\u010dnost in mo\u010d uli\u010dne resni\u010dnosti ter postavlja La Bagro med klju\u010dne predstavnike slovenskega uli\u010dnega rapa.<\/p>\n<p>Na tej no\u010di se ne bo var\u010devalo z besedami. Brez olep\u0161evanja in brez filtra \u2013\u00a0<strong>pravi rap<\/strong>\u00a0se vra\u010da na oder! To bo dogodek, kjer se bodo jasno izra\u017eala stali\u0161\u010da, brez dlake na jeziku. Tri rap legende bodo neposredno in neustra\u0161no pokazale, kaj si mislijo o stanju v sceni in svetu okoli nas. \u010ce si pripravljen na surovo realnost, iskreno kritiko in neprizanesljivo energijo \u2013 tega koncerta ne sme\u0161 zamuditi!<\/p>","protected":false},"excerpt":{"rendered":"<p>Do\u0161a\u00a0\u2013 eden izmed najbolj\u0161ih in najvplivnej\u0161ih slovenskih reperjev. S svojo edinstveno energijo, tehni\u010dno dovr\u0161enostjo in mo\u010dno odrsko prezenco navdu\u0161uje razli\u010dne generacije. Njegova besedila odra\u017eajo dru\u017ebene in osebne izzive ter z vsako novo pesmijo postavlja nove mejnike slovenske rap scene. Triiiple\u00a0\u2013 veteran slovenske rap scene, ki \u017ee ve\u010d kot 20 let kljubuje trendom. Njegove zgodbe o [&hellip;]<\/p>","protected":false},"author":11,"featured_media":78117,"template":"","meta":{"_seopress_robots_primary_cat":"none","_seopress_titles_title":"","_seopress_titles_desc":"","_seopress_robots_index":""},"product_brand":[],"product_cat":[230],"product_tag":[222],"class_list":{"0":"post-78116","1":"product","2":"type-product","3":"status-publish","4":"has-post-thumbnail","6":"product_cat-arhiv","7":"product_tag-predprodaja","9":"entry","10":"has-media","12":"first","13":"instock","14":"virtual","15":"taxable","16":"product-type-simple","17":"has-product-nav","18":"col","19":"span_1_of_4","20":"owp-content-center","21":"item-entry","22":"owp-thumbs-layout-horizontal","23":"owp-btn-normal","24":"owp-tabs-layout-section","25":"has-no-thumbnails"},"publishpress_future_action":{"enabled":false,"date":"2026-04-29 13:49:48","action":"change-status","newStatus":"draft","terms":[],"taxonomy":"product_cat","extraData":[]},"publishpress_future_workflow_manual_trigger":{"enabledWorkflows":[]},"_links":{"self":[{"href":"https:\/\/www.orto-bar.com\/en\/wp-json\/wp\/v2\/product\/78116","targetHints":{"allow":["GET"]}}],"collection":[{"href":"https:\/\/www.orto-bar.com\/en\/wp-json\/wp\/v2\/product"}],"about":[{"href":"https:\/\/www.orto-bar.com\/en\/wp-json\/wp\/v2\/types\/product"}],"author":[{"embeddable":true,"href":"https:\/\/www.orto-bar.com\/en\/wp-json\/wp\/v2\/users\/11"}],"version-history":[{"count":0,"href":"https:\/\/www.orto-bar.com\/en\/wp-json\/wp\/v2\/product\/78116\/revisions"}],"wp:featuredmedia":[{"embeddable":true,"href":"https:\/\/www.orto-bar.com\/en\/wp-json\/wp\/v2\/media\/78117"}],"wp:attachment":[{"href":"https:\/\/www.orto-bar.com\/en\/wp-json\/wp\/v2\/media?parent=78116"}],"wp:term":[{"taxonomy":"product_brand","embeddable":true,"href":"https:\/\/www.orto-bar.com\/en\/wp-json\/wp\/v2\/product_brand?post=78116"},{"taxonomy":"product_cat","embeddable":true,"href":"https:\/\/www.orto-bar.com\/en\/wp-json\/wp\/v2\/product_cat?post=78116"},{"taxonomy":"product_tag","embeddable":true,"href":"https:\/\/www.orto-bar.com\/en\/wp-json\/wp\/v2\/product_tag?post=78116"}],"curies":[{"name":"wp","href":"https:\/\/api.w.org\/{rel}","templated":true}]}}