{"id":78129,"date":"2024-09-26T19:18:35","date_gmt":"2024-09-26T17:18:35","guid":{"rendered":"https:\/\/www.orto-bar.com\/?post_type=product&#038;p=78129"},"modified":"2025-02-07T19:56:34","modified_gmt":"2025-02-07T18:56:34","slug":"ten-project-pearl-jam-tribute-band","status":"publish","type":"product","link":"https:\/\/www.orto-bar.com\/en\/dogodki\/arhiv\/ten-project-pearl-jam-tribute-band\/","title":{"rendered":"TEN PROJECT &#8211; Pearl Jam Tribute Band,Kronika"},"content":{"rendered":"<div><\/div>\n<div><\/div>\n<div><\/div>\n<div><\/div>\n<div class=\"x11i5rnm xat24cr x1mh8g0r x1vvkbs xdj266r\">Ten project iz obale vam ponuja \u0161irok repertoar starej\u0161ih in novej\u0161ih hitov skupine Pearl Jam.<br \/>\nA se \u0161e kdo spomne 90ih? Srajco in All Star-ke iz omare in \u017eur do zore!!<\/div>\n<div class=\"x11i5rnm xat24cr x1mh8g0r x1vvkbs xtlvy1s\">Se vidimo!<\/div>\n<div><\/div>\n<div>\n<p>&nbsp;<\/p>\n<p>&nbsp;<\/p>\n<p>Bend Kronika prihaja iz Frankolovega in svojo zgodbo preigrava \u017ee od leta 2006. V tem \u010dasu so posneli dva studijska albuma. Leta 2012 je lu\u010d sveta ogledal prvenec\u00a0<a href=\"https:\/\/www.youtube.com\/watch?v=FYzrkMyAf3c&amp;list=PLbGMv_DH917lrG_zcCBRntIyGkOXor2en\">V napa\u010dnem letu<\/a>, tri leta kasneje pa je sledil plo\u0161\u010dek\u00a0<a href=\"https:\/\/www.youtube.com\/watch?v=iB4Hjuiju-A&amp;list=PLbGMv_DH917n7dZt3N1xDsT-LLT42MZ0z\">Prepovedani sadovi<\/a>. Zadnja\u00a0leta so se posve\u010dali ustvarjanju nove glasbe. Po kraj\u0161em koncertnem premoru, se fantje vra\u010dajo na odre, kjer bodo preigravali \u017ee znane avtorske pesmi in predstavili tudi nove komade. Letos bodo izdali nov CD in pa pripravljajo se videospoti katere bodo lansirali v prihajajo\u010dih mesecih.<\/p>\n<p>Linki:<\/p>\n<p><a href=\"https:\/\/www.facebook.com\/kronikaband\/\">https:\/\/www.facebook.com\/kronikaband\/<\/a><\/p>\n<p><a href=\"https:\/\/www.youtube.com\/watch?v=bHAs3CMnT14\">https:\/\/www.youtube.com\/watch?v=bHAs3CMnT14<\/a><\/p>\n<p><a href=\"https:\/\/www.youtube.com\/watch?v=sOtr_ovpXAU\">https:\/\/www.youtube.com\/watch?v=sOtr_ovpXAU<\/a><\/p>\n<p><a href=\"https:\/\/www.youtube.com\/watch?v=rGfSaiOo-lE\">https:\/\/www.youtube.com\/watch?v=rGfSaiOo-lE<\/a><\/p>\n<p><a href=\"https:\/\/www.youtube.com\/watch?v=UryAuxFVniM\">https:\/\/www.youtube.com\/watch?v=UryAuxFVniM<\/a><\/p>\n<p>&nbsp;<\/p>\n<\/div>","protected":false},"excerpt":{"rendered":"<p>Ten project iz obale vam ponuja \u0161irok repertoar starej\u0161ih in novej\u0161ih hitov skupine Pearl Jam. A se \u0161e kdo spomne 90ih? Srajco in All Star-ke iz omare in \u017eur do zore!! Se vidimo! &nbsp; &nbsp; Bend Kronika prihaja iz Frankolovega in svojo zgodbo preigrava \u017ee od leta 2006. V tem \u010dasu so posneli dva studijska [&hellip;]<\/p>","protected":false},"author":11,"featured_media":53437,"template":"","meta":{"_seopress_robots_primary_cat":"none","_seopress_titles_title":"","_seopress_titles_desc":"","_seopress_robots_index":""},"product_brand":[],"product_cat":[230],"product_tag":[222],"class_list":{"0":"post-78129","1":"product","2":"type-product","3":"status-publish","4":"has-post-thumbnail","6":"product_cat-arhiv","7":"product_tag-predprodaja","9":"entry","10":"has-media","12":"first","13":"instock","14":"virtual","15":"taxable","16":"product-type-simple","17":"has-product-nav","18":"col","19":"span_1_of_4","20":"owp-content-center","21":"item-entry","22":"owp-thumbs-layout-horizontal","23":"owp-btn-normal","24":"owp-tabs-layout-section"},"publishpress_future_action":{"enabled":false,"date":"2026-05-10 13:58:16","action":"change-status","newStatus":"draft","terms":[],"taxonomy":"product_cat","extraData":[]},"publishpress_future_workflow_manual_trigger":{"enabledWorkflows":[]},"_links":{"self":[{"href":"https:\/\/www.orto-bar.com\/en\/wp-json\/wp\/v2\/product\/78129","targetHints":{"allow":["GET"]}}],"collection":[{"href":"https:\/\/www.orto-bar.com\/en\/wp-json\/wp\/v2\/product"}],"about":[{"href":"https:\/\/www.orto-bar.com\/en\/wp-json\/wp\/v2\/types\/product"}],"author":[{"embeddable":true,"href":"https:\/\/www.orto-bar.com\/en\/wp-json\/wp\/v2\/users\/11"}],"version-history":[{"count":0,"href":"https:\/\/www.orto-bar.com\/en\/wp-json\/wp\/v2\/product\/78129\/revisions"}],"wp:featuredmedia":[{"embeddable":true,"href":"https:\/\/www.orto-bar.com\/en\/wp-json\/wp\/v2\/media\/53437"}],"wp:attachment":[{"href":"https:\/\/www.orto-bar.com\/en\/wp-json\/wp\/v2\/media?parent=78129"}],"wp:term":[{"taxonomy":"product_brand","embeddable":true,"href":"https:\/\/www.orto-bar.com\/en\/wp-json\/wp\/v2\/product_brand?post=78129"},{"taxonomy":"product_cat","embeddable":true,"href":"https:\/\/www.orto-bar.com\/en\/wp-json\/wp\/v2\/product_cat?post=78129"},{"taxonomy":"product_tag","embeddable":true,"href":"https:\/\/www.orto-bar.com\/en\/wp-json\/wp\/v2\/product_tag?post=78129"}],"curies":[{"name":"wp","href":"https:\/\/api.w.org\/{rel}","templated":true}]}}