{"id":78153,"date":"2024-09-26T21:05:32","date_gmt":"2024-09-26T19:05:32","guid":{"rendered":"https:\/\/www.orto-bar.com\/?post_type=product&#038;p=78153"},"modified":"2024-10-21T20:40:39","modified_gmt":"2024-10-21T18:40:39","slug":"paul-dianno-iron-maiden-vocalist-1978-1981-noturnall-auro-contro","status":"publish","type":"product","link":"https:\/\/www.orto-bar.com\/en\/dogodki\/arhiv\/paul-dianno-iron-maiden-vocalist-1978-1981-noturnall-auro-contro\/","title":{"rendered":"Paul Di&#8217;Anno (Iron Maiden vocalist 1978-1981), Noturnall, Auro Contro"},"content":{"rendered":"<p>&nbsp;<\/p>\n<p>Vstopnice 25 evrov v predprodaji, 30 evrov na dan koncerta!<br \/>\n<a href=\"https:\/\/qr-codes.io\/9LSbsr\">https:\/\/qr-codes.io\/9LSbsr<\/a><br \/>\nTickets 25 euro in presale, 30 euro on show day!<br \/>\n<a href=\"https:\/\/qr-codes.io\/XFjwyj\">https:\/\/qr-codes.io\/XFjwyj<\/a><\/p>\n<p>Join the Dirty Skunks HEAVY METAL mailing list on the link below!<br \/>\n<a href=\"http:\/\/eepurl.com\/bDicir\">http:\/\/eepurl.com\/bDicir<\/a><\/p>\n<p>ZADNJA PAUL DI&#8217;ANNO TURNEJA SE USTAVI TUDI V SLOVENIJI!<\/p>\n<p>Paul Di&#8217;Anno predvsem slovi kot prvi pevec skupine Iron Maiden, preden je mesto zasedel Bruce Dickinson. Z Iron Maiden je posnel dva albuma &#8211; Iron Maiden in Killers.<br \/>\nIron Maiden pa niso edina skupina v kateri je sodeloval, tukaj so \u0161e Gogmagog, Battlezone, NWOBHM legende Praying Mantis, Killers, Nomad, Rockfellas, Architects of Chaoz, Warhorse,&#8230;<br \/>\nKljub temu, da ga zadnja leta precej omejuje zdravje, se je odlo\u010dil, da vseeno naredi zadnjo turnejo in se tako ustavi tudi v Ljubljani! Definitivno nekaj za videt, \u010de si Iron Maiden obo\u017eevalec.<br \/>\nPoleg nejga bodo nastopili \u0161e brazilski heavy metalci Noturnall in Auro Control!<\/p>\n<p>PAUL DI&#8217;ANNO<br \/>\n<a href=\"https:\/\/www.facebook.com\/pauldiannoofficial\">https:\/\/www.facebook.com\/pauldiannoofficial<\/a><\/p>\n<p>NOTURNALL<br \/>\n<a href=\"https:\/\/www.facebook.com\/noturnallband\">https:\/\/www.facebook.com\/noturnallband<\/a><\/p>\n<p>AURO CONTROL<br \/>\n<a href=\"https:\/\/www.facebook.com\/aurocontrol\">https:\/\/www.facebook.com\/aurocontrol<\/a><\/p>","protected":false},"excerpt":{"rendered":"<p>&nbsp; Vstopnice 25 evrov v predprodaji, 30 evrov na dan koncerta! https:\/\/qr-codes.io\/9LSbsr Tickets 25 euro in presale, 30 euro on show day! https:\/\/qr-codes.io\/XFjwyj Join the Dirty Skunks HEAVY METAL mailing list on the link below! http:\/\/eepurl.com\/bDicir ZADNJA PAUL DI&#8217;ANNO TURNEJA SE USTAVI TUDI V SLOVENIJI! Paul Di&#8217;Anno predvsem slovi kot prvi pevec skupine Iron Maiden, [&hellip;]<\/p>","protected":false},"author":11,"featured_media":78154,"template":"","meta":{"_seopress_robots_primary_cat":"none","_seopress_titles_title":"","_seopress_titles_desc":"","_seopress_robots_index":""},"product_brand":[],"product_cat":[230],"product_tag":[222],"class_list":{"0":"post-78153","1":"product","2":"type-product","3":"status-publish","4":"has-post-thumbnail","6":"product_cat-arhiv","7":"product_tag-predprodaja","9":"entry","10":"has-media","12":"first","13":"instock","14":"virtual","15":"taxable","16":"product-type-simple","17":"has-product-nav","18":"col","19":"span_1_of_4","20":"owp-content-center","21":"item-entry","22":"owp-thumbs-layout-horizontal","23":"owp-btn-normal","24":"owp-tabs-layout-section","25":"has-no-thumbnails"},"publishpress_future_action":{"enabled":false,"date":"2026-05-10 09:07:22","action":"change-status","newStatus":"draft","terms":[],"taxonomy":"product_cat","extraData":[]},"publishpress_future_workflow_manual_trigger":{"enabledWorkflows":[]},"_links":{"self":[{"href":"https:\/\/www.orto-bar.com\/en\/wp-json\/wp\/v2\/product\/78153","targetHints":{"allow":["GET"]}}],"collection":[{"href":"https:\/\/www.orto-bar.com\/en\/wp-json\/wp\/v2\/product"}],"about":[{"href":"https:\/\/www.orto-bar.com\/en\/wp-json\/wp\/v2\/types\/product"}],"author":[{"embeddable":true,"href":"https:\/\/www.orto-bar.com\/en\/wp-json\/wp\/v2\/users\/11"}],"version-history":[{"count":0,"href":"https:\/\/www.orto-bar.com\/en\/wp-json\/wp\/v2\/product\/78153\/revisions"}],"wp:featuredmedia":[{"embeddable":true,"href":"https:\/\/www.orto-bar.com\/en\/wp-json\/wp\/v2\/media\/78154"}],"wp:attachment":[{"href":"https:\/\/www.orto-bar.com\/en\/wp-json\/wp\/v2\/media?parent=78153"}],"wp:term":[{"taxonomy":"product_brand","embeddable":true,"href":"https:\/\/www.orto-bar.com\/en\/wp-json\/wp\/v2\/product_brand?post=78153"},{"taxonomy":"product_cat","embeddable":true,"href":"https:\/\/www.orto-bar.com\/en\/wp-json\/wp\/v2\/product_cat?post=78153"},{"taxonomy":"product_tag","embeddable":true,"href":"https:\/\/www.orto-bar.com\/en\/wp-json\/wp\/v2\/product_tag?post=78153"}],"curies":[{"name":"wp","href":"https:\/\/api.w.org\/{rel}","templated":true}]}}