{"id":78430,"date":"2024-09-28T20:58:43","date_gmt":"2024-09-28T18:58:43","guid":{"rendered":"https:\/\/www.orto-bar.com\/?post_type=product&#038;p=78430"},"modified":"2025-03-21T21:28:56","modified_gmt":"2025-03-21T20:28:56","slug":"weltschmerz-geto-ekv-tribute-band","status":"publish","type":"product","link":"https:\/\/www.orto-bar.com\/en\/dogodki\/arhiv\/weltschmerz-geto-ekv-tribute-band\/","title":{"rendered":"WELTSCHMERZ GETO &#8211; EKV Tribute band"},"content":{"rendered":"<p>&nbsp;<\/p>\n<p>Weltschmerz Geto se dojemamo kot varuhi neizbrisne dedi\u0161\u010dine, ki jo je za seboj pustila Ekatarina Velika.<\/p>\n<p>Prijatelji, zbrani iz mnogih glasbeno bendovskih vetrov. Iskreni zaljubljenci v dedi\u0161\u010dino najbolj\u0161e jugoslovanske rock skupine.<\/p>\n<p>Pri\u010darali bomo glasbeno popotovanje po spominih nepozabnega obdobja jugoslovanske rock avantgarde.<\/p>\n<p>&nbsp;<\/p>\n<p>Zasedba:<\/p>\n<p>Janez Moder \u2013 bas kitara<\/p>\n<p>Matija Marolt &#8211; sintesajzer<\/p>\n<p>Neboj\u0161a \u017divkovi\u0107 \u2013 bobni<\/p>\n<p>Dejan Konakovi\u0107 \u2013 ritem kitara<\/p>\n<p>Dino D\u017eopa \u2013 akusti\u010dna kitara<\/p>\n<p>Petra Ambro\u017e \u2013 back vokali<\/p>\n<p>Daniel Bavec \u2013 vokal, solo kitara<\/p>\n<p>&nbsp;<\/p>\n<p>Facebook: <a href=\"https:\/\/www.facebook.com\/p\/Weltschmerz-Geto-61572977272449\/\">https:\/\/www.facebook.com\/p\/Weltschmerz-Geto-61572977272449\/<\/a><\/p>\n<p>Youtube: <a href=\"https:\/\/www.youtube.com\/@WeltschmerzGeto-i8o\">https:\/\/www.youtube.com\/@WeltschmerzGeto-i8o<\/a><\/p>","protected":false},"excerpt":{"rendered":"<p>&nbsp; Weltschmerz Geto se dojemamo kot varuhi neizbrisne dedi\u0161\u010dine, ki jo je za seboj pustila Ekatarina Velika. Prijatelji, zbrani iz mnogih glasbeno bendovskih vetrov. Iskreni zaljubljenci v dedi\u0161\u010dino najbolj\u0161e jugoslovanske rock skupine. Pri\u010darali bomo glasbeno popotovanje po spominih nepozabnega obdobja jugoslovanske rock avantgarde. &nbsp; Zasedba: Janez Moder \u2013 bas kitara Matija Marolt &#8211; sintesajzer Neboj\u0161a [&hellip;]<\/p>","protected":false},"author":11,"featured_media":78431,"template":"","meta":{"_seopress_robots_primary_cat":"none","_seopress_titles_title":"","_seopress_titles_desc":"","_seopress_robots_index":""},"product_brand":[],"product_cat":[230],"product_tag":[222],"class_list":{"0":"post-78430","1":"product","2":"type-product","3":"status-publish","4":"has-post-thumbnail","6":"product_cat-arhiv","7":"product_tag-predprodaja","9":"entry","10":"has-media","12":"first","13":"instock","14":"virtual","15":"taxable","16":"product-type-simple","17":"has-product-nav","18":"col","19":"span_1_of_4","20":"owp-content-center","21":"item-entry","22":"owp-thumbs-layout-horizontal","23":"owp-btn-normal","24":"owp-tabs-layout-section","25":"has-no-thumbnails"},"publishpress_future_action":{"enabled":false,"date":"2026-04-26 20:01:12","action":"change-status","newStatus":"draft","terms":[],"taxonomy":"product_cat","extraData":[]},"publishpress_future_workflow_manual_trigger":{"enabledWorkflows":[]},"_links":{"self":[{"href":"https:\/\/www.orto-bar.com\/en\/wp-json\/wp\/v2\/product\/78430","targetHints":{"allow":["GET"]}}],"collection":[{"href":"https:\/\/www.orto-bar.com\/en\/wp-json\/wp\/v2\/product"}],"about":[{"href":"https:\/\/www.orto-bar.com\/en\/wp-json\/wp\/v2\/types\/product"}],"author":[{"embeddable":true,"href":"https:\/\/www.orto-bar.com\/en\/wp-json\/wp\/v2\/users\/11"}],"version-history":[{"count":0,"href":"https:\/\/www.orto-bar.com\/en\/wp-json\/wp\/v2\/product\/78430\/revisions"}],"wp:featuredmedia":[{"embeddable":true,"href":"https:\/\/www.orto-bar.com\/en\/wp-json\/wp\/v2\/media\/78431"}],"wp:attachment":[{"href":"https:\/\/www.orto-bar.com\/en\/wp-json\/wp\/v2\/media?parent=78430"}],"wp:term":[{"taxonomy":"product_brand","embeddable":true,"href":"https:\/\/www.orto-bar.com\/en\/wp-json\/wp\/v2\/product_brand?post=78430"},{"taxonomy":"product_cat","embeddable":true,"href":"https:\/\/www.orto-bar.com\/en\/wp-json\/wp\/v2\/product_cat?post=78430"},{"taxonomy":"product_tag","embeddable":true,"href":"https:\/\/www.orto-bar.com\/en\/wp-json\/wp\/v2\/product_tag?post=78430"}],"curies":[{"name":"wp","href":"https:\/\/api.w.org\/{rel}","templated":true}]}}